{"id":7009,"date":"2023-04-12T08:13:35","date_gmt":"2023-04-12T08:13:35","guid":{"rendered":"http:\/\/hubertpietka.bialystok.pl\/?page_id=7009"},"modified":"2023-05-02T14:51:05","modified_gmt":"2023-05-02T14:51:05","slug":"7009-2","status":"publish","type":"page","link":"https:\/\/hubertpietka.bialystok.pl\/?page_id=7009","title":{"rendered":"Miecze Bo\u017cego S\u0142owa \/ rozdziera\u0107 maj\u0105 ku prawdzie"},"content":{"rendered":"<p><strong><em>Miecze Bo\u017cego S\u0142owa<\/em>\u00a0\/ rozdziera\u0107 maj\u0105 ku prawdzie\u00a0<\/strong><\/p>\n<p>Czy\u017c nie do kap\u0142an\u00f3w Pan to powiedzia\u0142<br \/>\n<em>Dlaczego jeste\u015bcie w lekcewa\u017ceniu<\/em><br \/>\n<em> Bo zamieniacie Moj\u0105 Chwa\u0142\u0119 na ha\u0144b\u0119 <\/em>Pan powiedzia\u0142<br \/>\nJa was nie oskar\u017cam nie oskar\u017cam nikogo<br \/>\nAle tak m\u00f3wi S\u0142owo Bo\u017ce<\/p>\n<p>I Pan m\u00f3wi do ciebie m\u00f3wi Pan<br \/>\n<em>Przypatruj si\u0119 prawo\u015bci strze\u017c uczciwo\u015bci<\/em><br \/>\nA w kt\u00f3r\u0105 stron\u0119 biegn\u0105 i twe oczy<br \/>\nCzemu dajesz pos\u0142uch<\/p>\n<p><a href=\"http:\/\/hubertpietka.bialystok.pl\/wp-content\/uploads\/2023\/04\/IMG_20230412_100039.jpg\"><img loading=\"lazy\" decoding=\"async\" class=\"alignnone size-thumbnail wp-image-7010\" src=\"http:\/\/hubertpietka.bialystok.pl\/wp-content\/uploads\/2023\/04\/IMG_20230412_100039-150x150.jpg\" alt=\"\" width=\"150\" height=\"150\" srcset=\"https:\/\/hubertpietka.bialystok.pl\/wp-content\/uploads\/2023\/04\/IMG_20230412_100039-150x150.jpg 150w, https:\/\/hubertpietka.bialystok.pl\/wp-content\/uploads\/2023\/04\/IMG_20230412_100039-75x75.jpg 75w\" sizes=\"auto, (max-width: 150px) 100vw, 150px\" \/><\/a><\/p>\n<p>Na zdj. \u015aw. J\u00f3zef w ko\u015bciele bia\u0142o-*piskim*<br \/>\n<em>J\u00f3zefa sprzedano w niewol\u0119<\/em><br \/>\nCzy\u017c nawet nie *pisn\u0119*<br \/>\nA wy s\u0119dziowie<br \/>\nB\u00f3g powiedzia\u0142 <em>nie b\u0105d\u017acie stronniczy<\/em><\/p>\n<p><em>Niech wznosi si\u0119 moja modlitwa<\/em><br \/>\n<em> Panie przed Tob\u0105 jak kadzid\u0142o\u00a0<\/em><br \/>\n<em>Wbrew zaciek\u0142o\u015bci mych wrog\u00f3w<\/em><br \/>\nTych kt\u00f3rzy mnie moich i nasze sobie obrali<br \/>\nZa ofiary<\/p>\n<p>W taki czy inny spos\u00f3b<br \/>\nPrzez niesprawiedliwe s\u0105dy zbrodnie<br \/>\nCzy te\u017c z ukradka<br \/>\n<em>Wypuszczaj\u0105c swe <\/em>s\u0142owa i<em> strza\u0142y<\/em><br \/>\nPe\u0142ne jadu<\/p>\n","protected":false},"excerpt":{"rendered":"<p>Miecze Bo\u017cego S\u0142owa\u00a0\/ rozdziera\u0107 maj\u0105 ku prawdzie\u00a0 Czy\u017c nie do kap\u0142an\u00f3w Pan to powiedzia\u0142 Dlaczego jeste\u015bcie w lekcewa\u017ceniu Bo zamieniacie Moj\u0105 Chwa\u0142\u0119 na ha\u0144b\u0119 Pan&hellip; <\/p>\n","protected":false},"author":1,"featured_media":0,"parent":0,"menu_order":0,"comment_status":"closed","ping_status":"closed","template":"","meta":{"footnotes":""},"class_list":["post-7009","page","type-page","status-publish","hentry"],"_links":{"self":[{"href":"https:\/\/hubertpietka.bialystok.pl\/index.php?rest_route=\/wp\/v2\/pages\/7009","targetHints":{"allow":["GET"]}}],"collection":[{"href":"https:\/\/hubertpietka.bialystok.pl\/index.php?rest_route=\/wp\/v2\/pages"}],"about":[{"href":"https:\/\/hubertpietka.bialystok.pl\/index.php?rest_route=\/wp\/v2\/types\/page"}],"author":[{"embeddable":true,"href":"https:\/\/hubertpietka.bialystok.pl\/index.php?rest_route=\/wp\/v2\/users\/1"}],"replies":[{"embeddable":true,"href":"https:\/\/hubertpietka.bialystok.pl\/index.php?rest_route=%2Fwp%2Fv2%2Fcomments&post=7009"}],"version-history":[{"count":2,"href":"https:\/\/hubertpietka.bialystok.pl\/index.php?rest_route=\/wp\/v2\/pages\/7009\/revisions"}],"predecessor-version":[{"id":7075,"href":"https:\/\/hubertpietka.bialystok.pl\/index.php?rest_route=\/wp\/v2\/pages\/7009\/revisions\/7075"}],"wp:attachment":[{"href":"https:\/\/hubertpietka.bialystok.pl\/index.php?rest_route=%2Fwp%2Fv2%2Fmedia&parent=7009"}],"curies":[{"name":"wp","href":"https:\/\/api.w.org\/{rel}","templated":true}]}}