{"id":7015,"date":"2023-04-14T10:57:31","date_gmt":"2023-04-14T10:57:31","guid":{"rendered":"http:\/\/hubertpietka.bialystok.pl\/?page_id=7015"},"modified":"2023-05-02T14:52:47","modified_gmt":"2023-05-02T14:52:47","slug":"determinacja-ku-eksterminacji","status":"publish","type":"page","link":"https:\/\/hubertpietka.bialystok.pl\/?page_id=7015","title":{"rendered":"Determinacja \/ ku eksterminacji!?"},"content":{"rendered":"<p><em><strong>Determinacja \/ ku eksterminacji!?<\/strong><\/em><\/p>\n<p>Zadziwiaj\u0105ca jest <em>determinacja<\/em><br \/>\nDobrze niech b\u0119dzie to s\u0142owo<br \/>\nZ jak\u0105 d\u0105\u017c\u0105 niekt\u00f3rzy<br \/>\nDla kogo\u015b ku z\u0142u<br \/>\nCzy\u017c nie tak w\u0142a\u015bnie<\/p>\n<p>A \u015bmier\u0107 odosobnienie<br \/>\nTo ma by\u0107 przecie\u017c \u0142aska<br \/>\nDla mojej \u017cony dla mnie<br \/>\nJeszcze tam kogo\u015b<\/p>\n<p>Wszelkimi mo\u017cliwymi sposobami<br \/>\nZadziwiaj\u0105ca determinacja ku z\u0142u<br \/>\nA \u017ce wszystko mo\u017cna osi\u0105gn\u0105\u0107<br \/>\n<em>Jak si\u0119 gra znaczonymi kartami<\/em><br \/>\nTo ju\u017c szczeg\u00f3\u0142 tylko<\/p>\n<p>Nie ma si\u0119 co oszukiwa\u0107<br \/>\nZ\u0142o pochodzi od Z\u0142ego<br \/>\nW nast\u0119pstwie moralnych skutk\u00f3w<br \/>\nCzy si\u0119 o tym wie czy nie<br \/>\nBiedni kt\u00f3rzy s\u0142u\u017c\u0105 z\u0142u<\/p>\n<p><a href=\"http:\/\/hubertpietka.bialystok.pl\/wp-content\/uploads\/2023\/04\/IMG_20230414_122640.jpg\"><img loading=\"lazy\" decoding=\"async\" class=\"alignnone size-thumbnail wp-image-7016\" src=\"http:\/\/hubertpietka.bialystok.pl\/wp-content\/uploads\/2023\/04\/IMG_20230414_122640-150x150.jpg\" alt=\"\" width=\"150\" height=\"150\" srcset=\"https:\/\/hubertpietka.bialystok.pl\/wp-content\/uploads\/2023\/04\/IMG_20230414_122640-150x150.jpg 150w, https:\/\/hubertpietka.bialystok.pl\/wp-content\/uploads\/2023\/04\/IMG_20230414_122640-75x75.jpg 75w\" sizes=\"auto, (max-width: 150px) 100vw, 150px\" \/><\/a><\/p>\n<p><em>Na zdj. Frasobliwy Jezus<\/em><br \/>\n<em> Przygl\u0105da si\u0119 temu \u015bwiatu<\/em><br \/>\n<em> Co on wyczynia dok\u0105d zmierza<\/em><br \/>\n<em> Czy\u017c niszczenie maluczkich<\/em><br \/>\n<em> Przy pomocy wszelkich mo\u017cliwych \u015brodk\u00f3w<\/em><br \/>\n<em> Mo\u017ce by\u0107 powodem do chwa\u0142y<\/em><br \/>\n<em> Tak ale chyba u szatana<\/em><\/p>\n<p><em>Ja po\u015bwi\u0119ci\u0142em tu wszystko<\/em><br \/>\n<em> A m\u00f3g\u0142bym inaczej<\/em><br \/>\n<em> Co ty Polsko na to<\/em><br \/>\n<em> Szczeg\u00f3lnie w rocznic\u0119 Twego Chrztu<\/em><\/p>\n<p><em>Bo ona jest dla mnie ca\u0142ym \u015bwiatem<\/em><br \/>\n<em> Nie inaczej<\/em><br \/>\n<em> Z kt\u00f3rym wychodz\u0119 do \u015bwiata<\/em><\/p>\n<p style=\"text-align: right;\"><a href=\"https:\/\/youtu.be\/bElHN0A_ye0\"><em><strong>Kuba Jurzyk &#8211; Ca\u0142y \u015bwiat<\/strong><\/em><\/a><\/p>\n<p style=\"text-align: center;\"><a href=\"https:\/\/youtu.be\/LPHJeYxsExo\"><em><strong>Marek Piekarczyk &#8211; Alien \/ dla Domu Muzyki<\/strong><\/em><\/a><\/p>\n","protected":false},"excerpt":{"rendered":"<p>Determinacja \/ ku eksterminacji!? Zadziwiaj\u0105ca jest determinacja Dobrze niech b\u0119dzie to s\u0142owo Z jak\u0105 d\u0105\u017c\u0105 niekt\u00f3rzy Dla kogo\u015b ku z\u0142u Czy\u017c nie tak w\u0142a\u015bnie A&hellip; <\/p>\n","protected":false},"author":1,"featured_media":0,"parent":0,"menu_order":0,"comment_status":"closed","ping_status":"closed","template":"","meta":{"footnotes":""},"class_list":["post-7015","page","type-page","status-publish","hentry"],"_links":{"self":[{"href":"https:\/\/hubertpietka.bialystok.pl\/index.php?rest_route=\/wp\/v2\/pages\/7015","targetHints":{"allow":["GET"]}}],"collection":[{"href":"https:\/\/hubertpietka.bialystok.pl\/index.php?rest_route=\/wp\/v2\/pages"}],"about":[{"href":"https:\/\/hubertpietka.bialystok.pl\/index.php?rest_route=\/wp\/v2\/types\/page"}],"author":[{"embeddable":true,"href":"https:\/\/hubertpietka.bialystok.pl\/index.php?rest_route=\/wp\/v2\/users\/1"}],"replies":[{"embeddable":true,"href":"https:\/\/hubertpietka.bialystok.pl\/index.php?rest_route=%2Fwp%2Fv2%2Fcomments&post=7015"}],"version-history":[{"count":3,"href":"https:\/\/hubertpietka.bialystok.pl\/index.php?rest_route=\/wp\/v2\/pages\/7015\/revisions"}],"predecessor-version":[{"id":7077,"href":"https:\/\/hubertpietka.bialystok.pl\/index.php?rest_route=\/wp\/v2\/pages\/7015\/revisions\/7077"}],"wp:attachment":[{"href":"https:\/\/hubertpietka.bialystok.pl\/index.php?rest_route=%2Fwp%2Fv2%2Fmedia&parent=7015"}],"curies":[{"name":"wp","href":"https:\/\/api.w.org\/{rel}","templated":true}]}}