{"id":7020,"date":"2023-04-16T14:44:05","date_gmt":"2023-04-16T14:44:05","guid":{"rendered":"http:\/\/hubertpietka.bialystok.pl\/?page_id=7020"},"modified":"2023-05-02T14:54:29","modified_gmt":"2023-05-02T14:54:29","slug":"glos-do-nieba-milosierdzia","status":"publish","type":"page","link":"https:\/\/hubertpietka.bialystok.pl\/?page_id=7020","title":{"rendered":"G\u0142os do nieba \/ mi\u0142osierdzia"},"content":{"rendered":"<p><em><strong>G\u0142os do nieba \/ mi\u0142osierdzia\u00a0<\/strong><\/em><\/p>\n<p>Czy wiesze \u017ce tw\u00f3j pies<br \/>\nMo\u017ce by\u0107 oskar\u017cony o agresj\u0119<br \/>\nMimo \u017ce jest anio\u0142em nie tylko wobec ludzi<br \/>\nWystarczy \u017ce zaszczeka w pewnym niepo\u017c\u0105danym \/ po\u017c\u0105danym mo\u017ce momencie<br \/>\nWtedy zjawi\u0107 si\u0119 misie mog\u0105<br \/>\nBy zrobi\u0107 z nim porz\u0105dek<br \/>\nA przy okazji z tob\u0105<\/p>\n<p>Czy wiesz \u017ce jak si\u0119 nie spodoba komu\u015b<br \/>\nNa przyk\u0142ad twoja mimika<br \/>\nLub odpowied\u017a na zaczepk\u0119<br \/>\nTo do psychiatryka trafi\u0107 mo\u017cesz<br \/>\nAlbo i jeszcze gorzej<br \/>\nBo na fa\u0142szywe \u015bwiadectwo<br \/>\nNawet mo\u017cesz znale\u017a\u0107 si\u0119 i w areszcie<\/p>\n<p>Czy wiesz \u017ce jak i twoja \u017cona<br \/>\nJest ci zbyt wierna<br \/>\nW ich mniemaniu<br \/>\nI nie idzie z nimi<br \/>\nNa jedynie s\u0142uszn\u0105 wsp\u00f3\u0142prac\u0119<br \/>\nTo \u017ce i ona mo\u017ce zosta\u0107 unicestwiona<br \/>\nW taki czy inny spos\u00f3b<br \/>\nSpokojnie oni zawsze znajd\u0105 \u015brodki ku temu odpowiednie<\/p>\n<p>Czy wiesz \u017ce i twoich bliskich tak\u017ce<br \/>\nMo\u017ce spotka\u0107 co\u015b z\u0142ego<br \/>\nJe\u015bli oni nie zechc\u0105<br \/>\nZ nimi szkodzi\u0107 tobie<\/p>\n<p>Czy wiesz \u017ce prawo jazdy i samoch\u00f3d straci\u0107<br \/>\nW jednej chwili mo\u017cesz<br \/>\nZa cho\u0107by jedno wykroczenie<br \/>\nLub za to co ma cho\u0107by tylko<br \/>\nZnamiona tego<\/p>\n<p>Czy wiesz \u017ce tak w\u0142a\u015bnie<br \/>\nC\u00f3\u017c tam dla nich<br \/>\nC\u00f3\u017c tam dla misiaczk\u00f3w<br \/>\nTakich siakich czy innych<br \/>\nByleby tylko<br \/>\nPod pozorem b\u0105d\u017a tam jakim<br \/>\nMo\u017cesz wszystko straci\u0107<br \/>\n\u017bycie wolno\u015b\u0107 twoich twoje<br \/>\nI co ty na to<\/p>\n<p style=\"text-align: center;\"><a href=\"https:\/\/youtu.be\/4Ga9UmSMVJY\"><em><strong>Romantycy Lekkich Obyczaj\u00f3w &#8211; Lustra<\/strong><\/em><\/a><\/p>\n<p><em>A poza tym dzi\u015b wspominana<\/em><br \/>\n<em> \u015aw. *Subi-rou* Bernadetta<\/em><br \/>\n<em> Czy to co ja gdzie\u015b *sobie robi\u0119*<\/em><br \/>\n<em> Je\u015bli nikomu krzywdy nie czyni\u0119<\/em><br \/>\n<em> Nie powinno by\u0107 moj\u0105 spraw\u0105<\/em><br \/>\n<em> A oni chyba za wszystko<\/em><br \/>\n<em> Chc\u0105 mnie gdzie\u015b zabra\u0107<\/em><br \/>\n<em> I z nami naszymi naszym<\/em><br \/>\n<em> Post\u0105pi\u0107 te\u017c jak chc\u0105 w\u0142a\u015bnie<\/em><br \/>\n<em> Czy\u017c nie tak<\/em><br \/>\n<em> Nikogo nie krzywdzimy<\/em><br \/>\n<em> Tak naprawd\u0119 realnie nawet moralnie<\/em><br \/>\n<em> Wi\u0119c sprawa nasza co my<\/em><br \/>\n<em> Gdzie i jak tak siak<\/em><\/p>\n<p><em><a href=\"http:\/\/hubertpietka.bialystok.pl\/wp-content\/uploads\/2023\/04\/IMG_20230416_124105307.jpg\"><img loading=\"lazy\" decoding=\"async\" class=\"alignnone size-thumbnail wp-image-7021\" src=\"http:\/\/hubertpietka.bialystok.pl\/wp-content\/uploads\/2023\/04\/IMG_20230416_124105307-150x150.jpg\" alt=\"\" width=\"150\" height=\"150\" srcset=\"https:\/\/hubertpietka.bialystok.pl\/wp-content\/uploads\/2023\/04\/IMG_20230416_124105307-150x150.jpg 150w, https:\/\/hubertpietka.bialystok.pl\/wp-content\/uploads\/2023\/04\/IMG_20230416_124105307-75x75.jpg 75w\" sizes=\"auto, (max-width: 150px) 100vw, 150px\" \/><\/a><\/em><\/p>\n<p><strong>Na zdj. W kaplicy werbist\u00f3w w Kleosinie<\/strong><br \/>\n<strong> Matka Mi\u0142osierdzia i Mi\u0142osierny Jezus<\/strong><br \/>\n<strong> Wejrzyj Maryjo Panie wejrzyj<\/strong><br \/>\n<strong> Bo to co oni czyni\u0105 i chc\u0105 czyni\u0107<\/strong><br \/>\n<strong> Przeczy nie tylko zdrowym zmys\u0142om<\/strong><br \/>\n<strong> Ale i zwyk\u0142ej logice<\/strong><br \/>\n<strong> Ogl\u0105du rzeczywisto\u015bci obiektywnie<\/strong><br \/>\n<strong> Byleby tylko<\/strong><br \/>\n<strong> Pod pozorem takim czy siakim<\/strong><br \/>\n<strong> Tacy czy owacy<\/strong><br \/>\n<strong> Okryj nas Maryjo swym p\u0142aszczem<\/strong><br \/>\n<strong> Wspieraj Jezu wybaw<\/strong><br \/>\n<strong> Bo to ju\u017c zakrawa nawet<\/strong><br \/>\n<strong> Na jaki\u015b \u017ca\u0142osny kabaret<\/strong><br \/>\n<strong> Byleby tylko z nami naszymi i naszym<\/strong><br \/>\n<strong> Wed\u0142ug tego co chc\u0105 misiaczki<\/strong><\/p>\n<p style=\"text-align: right;\"><a href=\"https:\/\/youtu.be\/HyAB_XOCYu4\"><em><strong>Luxtorpeda &#8211; Pusta studnia<\/strong><\/em><\/a><\/p>\n","protected":false},"excerpt":{"rendered":"<p>G\u0142os do nieba \/ mi\u0142osierdzia\u00a0 Czy wiesze \u017ce tw\u00f3j pies Mo\u017ce by\u0107 oskar\u017cony o agresj\u0119 Mimo \u017ce jest anio\u0142em nie tylko wobec ludzi Wystarczy \u017ce&hellip; <\/p>\n","protected":false},"author":1,"featured_media":0,"parent":0,"menu_order":0,"comment_status":"closed","ping_status":"closed","template":"","meta":{"footnotes":""},"class_list":["post-7020","page","type-page","status-publish","hentry"],"_links":{"self":[{"href":"https:\/\/hubertpietka.bialystok.pl\/index.php?rest_route=\/wp\/v2\/pages\/7020","targetHints":{"allow":["GET"]}}],"collection":[{"href":"https:\/\/hubertpietka.bialystok.pl\/index.php?rest_route=\/wp\/v2\/pages"}],"about":[{"href":"https:\/\/hubertpietka.bialystok.pl\/index.php?rest_route=\/wp\/v2\/types\/page"}],"author":[{"embeddable":true,"href":"https:\/\/hubertpietka.bialystok.pl\/index.php?rest_route=\/wp\/v2\/users\/1"}],"replies":[{"embeddable":true,"href":"https:\/\/hubertpietka.bialystok.pl\/index.php?rest_route=%2Fwp%2Fv2%2Fcomments&post=7020"}],"version-history":[{"count":3,"href":"https:\/\/hubertpietka.bialystok.pl\/index.php?rest_route=\/wp\/v2\/pages\/7020\/revisions"}],"predecessor-version":[{"id":7079,"href":"https:\/\/hubertpietka.bialystok.pl\/index.php?rest_route=\/wp\/v2\/pages\/7020\/revisions\/7079"}],"wp:attachment":[{"href":"https:\/\/hubertpietka.bialystok.pl\/index.php?rest_route=%2Fwp%2Fv2%2Fmedia&parent=7020"}],"curies":[{"name":"wp","href":"https:\/\/api.w.org\/{rel}","templated":true}]}}