{"id":7029,"date":"2023-04-18T10:28:14","date_gmt":"2023-04-18T10:28:14","guid":{"rendered":"http:\/\/hubertpietka.bialystok.pl\/?page_id=7029"},"modified":"2023-05-02T14:55:49","modified_gmt":"2023-05-02T14:55:49","slug":"w-imie-boze","status":"publish","type":"page","link":"https:\/\/hubertpietka.bialystok.pl\/?page_id=7029","title":{"rendered":"W Imi\u0119 Bo\u017ce"},"content":{"rendered":"<p><strong><em>W Imi\u0119 Bo\u017ce\u00a0<\/em><\/strong><\/p>\n<p>A wystarczy\u0142oby tylko<br \/>\nBy posz\u0142a z nimi na zwyk\u0142\u0105 wsp\u00f3\u0142prac\u0119<br \/>\nJak ty\u0142u zreszt\u0105 innych<br \/>\nNie szukaj\u0105c daleko nawet<br \/>\nA \u017cy\u0142aby jak udzielana ksi\u0119\u017cna mo\u017ce<br \/>\nJe\u015bliby tylko zechcia\u0142a m\u0119\u017cowi szkodzi\u0107<br \/>\nPrzecie\u017c innym za bardzo to nie przeszkadza<br \/>\nBy czyni\u0107 przeciwko mi<\/p>\n<p>Ale zaraz<br \/>\nSkoro ona jest wierna m\u0119\u017cowi<br \/>\nI Bogu w drodze wynikaj\u0105cej<br \/>\nZ sakramentu ma\u0142\u017ce\u0144stwa<br \/>\nI nikomu zreszt\u0105 nic z\u0142ego robi\u0107 nie chce<br \/>\nWi\u0119c idzie w Imi\u0119 Bo\u017ce<br \/>\nTo w czyim imieniu<br \/>\nTak naprawd\u0119 dzia\u0142aj\u0105 oni<br \/>\nJakie jest imi\u0119 przeciwne Bogu<\/p>\n<p>I je\u015bli ja wo\u0142am<br \/>\n<em>W Imi\u0119 Bo\u017ce<br \/>\nNiech nie przychodz\u0105<\/em><br \/>\nTo co im tam jakie\u015b Imi\u0119 Bo\u017ce<br \/>\nTo w jakim imieniu oni id\u0105 maj\u0105 przyj\u015b\u0107<br \/>\nI dzia\u0142aj\u0105 nieustannie<br \/>\nJe\u015bli to jest przeciwne<br \/>\nBo\u017cemu Imieniu i wezwaniu<\/p>\n<p><a href=\"http:\/\/hubertpietka.bialystok.pl\/wp-content\/uploads\/2023\/04\/IMG_20230418_120915.jpg\"><img loading=\"lazy\" decoding=\"async\" class=\"alignnone size-thumbnail wp-image-7030\" src=\"http:\/\/hubertpietka.bialystok.pl\/wp-content\/uploads\/2023\/04\/IMG_20230418_120915-150x150.jpg\" alt=\"\" width=\"150\" height=\"150\" srcset=\"https:\/\/hubertpietka.bialystok.pl\/wp-content\/uploads\/2023\/04\/IMG_20230418_120915-150x150.jpg 150w, https:\/\/hubertpietka.bialystok.pl\/wp-content\/uploads\/2023\/04\/IMG_20230418_120915-75x75.jpg 75w\" sizes=\"auto, (max-width: 150px) 100vw, 150px\" \/><\/a><\/p>\n<p><strong>Na zdj. Dwa anio\u0142y w pobliskim DPS-ie<\/strong><br \/>\n<strong> Mo\u017cna chcie\u0107 zniszczy\u0107 co Bo\u017ce<\/strong><br \/>\n<strong> Lecz je\u015bli my idziemy<\/strong><br \/>\n<strong> W Imi\u0119 Bo\u017ce<\/strong><br \/>\n<strong> To w czyim imieniu id\u0105 i dzia\u0142aj\u0105 oni<\/strong><\/p>\n<p><strong>I je\u015bli oni zniszcz\u0105 r\u00f3\u017cne dzie\u0142a Bo\u017ce<\/strong><br \/>\n<strong> Kt\u00f3re \u015bwiadcz\u0105 o Nim<\/strong><br \/>\n<strong> Czy\u017c B\u00f3g nie odpowie<\/strong><br \/>\n<strong> Przekonacie si\u0119 dok\u0142adnie sami<\/strong><\/p>\n<p><strong>I to nie znaczy wcale<\/strong><br \/>\n<strong> \u017be ju\u017c jeste\u015bmy doskonali<\/strong><br \/>\n<strong> <em>Moc w s\u0142abo\u015bci si\u0119 doskonali<br \/>\nWystarczy ci mojej \u0142aski<\/em><\/strong><\/p>\n<p style=\"text-align: center;\"><strong><em>\/<\/em><\/strong><\/p>\n<p style=\"text-align: right;\"><a href=\"https:\/\/youtu.be\/cBlBjEHNVLA\"><strong><em>Uprowadzenie Agaty &#8211; Oczy<\/em><\/strong><\/a><\/p>\n","protected":false},"excerpt":{"rendered":"<p>W Imi\u0119 Bo\u017ce\u00a0 A wystarczy\u0142oby tylko By posz\u0142a z nimi na zwyk\u0142\u0105 wsp\u00f3\u0142prac\u0119 Jak ty\u0142u zreszt\u0105 innych Nie szukaj\u0105c daleko nawet A \u017cy\u0142aby jak udzielana&hellip; <\/p>\n","protected":false},"author":1,"featured_media":0,"parent":0,"menu_order":0,"comment_status":"closed","ping_status":"closed","template":"","meta":{"footnotes":""},"class_list":["post-7029","page","type-page","status-publish","hentry"],"_links":{"self":[{"href":"https:\/\/hubertpietka.bialystok.pl\/index.php?rest_route=\/wp\/v2\/pages\/7029","targetHints":{"allow":["GET"]}}],"collection":[{"href":"https:\/\/hubertpietka.bialystok.pl\/index.php?rest_route=\/wp\/v2\/pages"}],"about":[{"href":"https:\/\/hubertpietka.bialystok.pl\/index.php?rest_route=\/wp\/v2\/types\/page"}],"author":[{"embeddable":true,"href":"https:\/\/hubertpietka.bialystok.pl\/index.php?rest_route=\/wp\/v2\/users\/1"}],"replies":[{"embeddable":true,"href":"https:\/\/hubertpietka.bialystok.pl\/index.php?rest_route=%2Fwp%2Fv2%2Fcomments&post=7029"}],"version-history":[{"count":2,"href":"https:\/\/hubertpietka.bialystok.pl\/index.php?rest_route=\/wp\/v2\/pages\/7029\/revisions"}],"predecessor-version":[{"id":7080,"href":"https:\/\/hubertpietka.bialystok.pl\/index.php?rest_route=\/wp\/v2\/pages\/7029\/revisions\/7080"}],"wp:attachment":[{"href":"https:\/\/hubertpietka.bialystok.pl\/index.php?rest_route=%2Fwp%2Fv2%2Fmedia&parent=7029"}],"curies":[{"name":"wp","href":"https:\/\/api.w.org\/{rel}","templated":true}]}}