{"id":7034,"date":"2023-04-20T08:31:26","date_gmt":"2023-04-20T08:31:26","guid":{"rendered":"http:\/\/hubertpietka.bialystok.pl\/?page_id=7034"},"modified":"2023-05-02T14:57:11","modified_gmt":"2023-05-02T14:57:11","slug":"osowiec-to-chyba-jakis","status":"publish","type":"page","link":"https:\/\/hubertpietka.bialystok.pl\/?page_id=7034","title":{"rendered":"Osowiec \/ to chyba jaki\u015b"},"content":{"rendered":"<p><em><strong>Osowiec \/ to chyba jaki\u015b\u00a0<\/strong><\/em><\/p>\n<p>To co czyni\u0105<br \/>\nMisiaczki i ich wsp\u00f3\u0142pracownicy<br \/>\nCzytaj poplecznicy jak w komunie<br \/>\nTo ju\u017c zakrawa na ob\u0142\u0119d<br \/>\nByleby tylko zi\u015bci\u0107 swe zap\u0119dy<\/p>\n<p>Nagrywanie niby niedozwolonego przej\u015bcia<br \/>\nW miejscach gdzie nie da si\u0119 przej\u015b\u0107 inaczej<br \/>\nI nie ma przej\u015bcia zebry<br \/>\nByleby tylko z\u0142apa\u0107 pretekst<br \/>\nI m\u00f3c skaza\u0107 tak naprawd\u0119 za niewinno\u015b\u0107<\/p>\n<p>A czy\u017c nie podobnie<br \/>\nZ pewn\u0105 blisk\u0105 mi osob\u0105<br \/>\nJak nie mog\u0105 skaza\u0107<br \/>\nBo co\u015b si\u0119 nie uk\u0142ada<br \/>\nTo odraczaj\u0105 wyroki<br \/>\nByleby tylko dopi\u0105\u0107 swego<br \/>\nI niewinn\u0105 skaza\u0107<br \/>\nBo im bardzo przeszkadza<\/p>\n<p><a href=\"http:\/\/hubertpietka.bialystok.pl\/wp-content\/uploads\/2023\/04\/IMG_20230420_101454.jpg\"><img loading=\"lazy\" decoding=\"async\" class=\"alignnone size-thumbnail wp-image-7035\" src=\"http:\/\/hubertpietka.bialystok.pl\/wp-content\/uploads\/2023\/04\/IMG_20230420_101454-150x150.jpg\" alt=\"\" width=\"150\" height=\"150\" srcset=\"https:\/\/hubertpietka.bialystok.pl\/wp-content\/uploads\/2023\/04\/IMG_20230420_101454-150x150.jpg 150w, https:\/\/hubertpietka.bialystok.pl\/wp-content\/uploads\/2023\/04\/IMG_20230420_101454-75x75.jpg 75w\" sizes=\"auto, (max-width: 150px) 100vw, 150px\" \/><\/a><\/p>\n<p><em>Na zdj. *Twierdza Osowiec* kamie\u0144 i drzewo<\/em><br \/>\n<em> Ja \u017ce to jest *osowiec twierdz\u0119*\u00a0 musz\u0119 stwierdzi\u0107<\/em><br \/>\n<em> Bo jak to inaczej nazwa\u0107<\/em><br \/>\n<em> Kiedy na wszelkie mo\u017cliwe sposoby<\/em><br \/>\n<em> Oni si\u0119 zasadzaj\u0105 na niewinnych<\/em><\/p>\n<p><em>Byleby tylko ich skaza\u0107<\/em><br \/>\n<em> Stawiaj\u0105 kamienie kt\u00f3re wykrzywiaj\u0105 drzewa<\/em><br \/>\n<em> A jednak B\u00f3g wyznacza szlak<\/em><br \/>\n<em> Nie daj Panie<\/em><br \/>\n<em> By niesprawiedliwo\u015b\u0107 ra\u017c\u0105ca mog\u0142a zatryiumfowa\u0107<\/em><\/p>\n<p><em><a href=\"https:\/\/youtu.be\/laUQy4DVxCA\"><strong>Andrzej Piaseczny &#8211; Niecierpliwi<\/strong><\/a><br \/>\n<\/em><\/p>\n<p style=\"text-align: center;\"><em>\/<\/em><\/p>\n<p style=\"text-align: right;\"><a href=\"https:\/\/youtu.be\/4an7lzxlBhE\"><em><strong>Kaczmarski, Gintrowski, \u0141api\u0144ski &#8211; Mur<\/strong><\/em><\/a><\/p>\n","protected":false},"excerpt":{"rendered":"<p>Osowiec \/ to chyba jaki\u015b\u00a0 To co czyni\u0105 Misiaczki i ich wsp\u00f3\u0142pracownicy Czytaj poplecznicy jak w komunie To ju\u017c zakrawa na ob\u0142\u0119d Byleby tylko zi\u015bci\u0107&hellip; <\/p>\n","protected":false},"author":1,"featured_media":0,"parent":0,"menu_order":0,"comment_status":"closed","ping_status":"closed","template":"","meta":{"footnotes":""},"class_list":["post-7034","page","type-page","status-publish","hentry"],"_links":{"self":[{"href":"https:\/\/hubertpietka.bialystok.pl\/index.php?rest_route=\/wp\/v2\/pages\/7034","targetHints":{"allow":["GET"]}}],"collection":[{"href":"https:\/\/hubertpietka.bialystok.pl\/index.php?rest_route=\/wp\/v2\/pages"}],"about":[{"href":"https:\/\/hubertpietka.bialystok.pl\/index.php?rest_route=\/wp\/v2\/types\/page"}],"author":[{"embeddable":true,"href":"https:\/\/hubertpietka.bialystok.pl\/index.php?rest_route=\/wp\/v2\/users\/1"}],"replies":[{"embeddable":true,"href":"https:\/\/hubertpietka.bialystok.pl\/index.php?rest_route=%2Fwp%2Fv2%2Fcomments&post=7034"}],"version-history":[{"count":2,"href":"https:\/\/hubertpietka.bialystok.pl\/index.php?rest_route=\/wp\/v2\/pages\/7034\/revisions"}],"predecessor-version":[{"id":7081,"href":"https:\/\/hubertpietka.bialystok.pl\/index.php?rest_route=\/wp\/v2\/pages\/7034\/revisions\/7081"}],"wp:attachment":[{"href":"https:\/\/hubertpietka.bialystok.pl\/index.php?rest_route=%2Fwp%2Fv2%2Fmedia&parent=7034"}],"curies":[{"name":"wp","href":"https:\/\/api.w.org\/{rel}","templated":true}]}}