{"id":7041,"date":"2023-04-23T22:50:10","date_gmt":"2023-04-23T22:50:10","guid":{"rendered":"http:\/\/hubertpietka.bialystok.pl\/?page_id=7041"},"modified":"2023-05-02T14:43:42","modified_gmt":"2023-05-02T14:43:42","slug":"z-miasta-za-miast-kolysanki-slodkiej","status":"publish","type":"page","link":"https:\/\/hubertpietka.bialystok.pl\/?page_id=7041","title":{"rendered":"*Z miasta* \/ *za-miast* ko\u0142ysanki s\u0142odkiej"},"content":{"rendered":"<p><em><strong>*Z miasta* \/ *za-miast* ko\u0142ysanki s\u0142odkiej\u00a0<\/strong><\/em><\/p>\n<p>Wiecie dlaczego<br \/>\nJak co\u015b nam si\u0119 stanie<br \/>\nB\u00f3g odpowie<br \/>\nNie tylko misiakom<br \/>\nAle i tym kt\u00f3rzy mogli<br \/>\nA nie pomogli<br \/>\nBo nie jest to zakryte<br \/>\nPrzed tym \u015bwiatem<\/p>\n<p style=\"text-align: center;\"><a href=\"https:\/\/youtu.be\/nxyt9o0lrR8\"><em><strong>Na Wojtusia z popielnika \/ Ba\u015bnie zebrane<\/strong><\/em><\/a><\/p>\n<p>I nie wa\u017cne nam<br \/>\nW kolejno\u015bci jakiej<br \/>\nMi \u017conie mi itd.<br \/>\nKonsekwencje b\u0119d\u0105 jednakie<br \/>\nNie wierzycie trudno zobaczycie<br \/>\nBo nie by\u0142o tu to<br \/>\nPrzed \u015bwiatem zakryte<\/p>\n<p><em>Dzi\u015b wspominany by\u0142 \u015bw. *Wojciech*<\/em><br \/>\n<em> *Woj-tech* czyli wojak cyfrowy<\/em><br \/>\n<em> Wiem to \u017ce wiecie ze swojej strony<\/em><br \/>\n<em> Chc\u0119 tylko *mi\u0142o-sierdzia* Pan m\u00f3wi<\/em><br \/>\n<em> A misiaczki chc\u0105 *mi\u0142o osadza\u0107*<\/em><br \/>\n<em> Nie oszukujemy si\u0119 po to by zabi\u0107<\/em><br \/>\n<em> Czy\u017c taki obr\u00f3t spraw pochwala sam B\u00f3g<\/em><br \/>\n<em> A \u015bwiat<\/em><\/p>\n<p style=\"text-align: center;\"><i><a href=\"https:\/\/youtu.be\/ZCw9zp0hJw4\"><strong>Pie\u015b\u0144 o Ma\u0142ym Rycerzy \/ Wojciech Kilar<\/strong><\/a><br \/>\n<\/i><\/p>\n<p><a href=\"http:\/\/hubertpietka.bialystok.pl\/wp-content\/uploads\/2023\/04\/IMG_20230424_000623.jpg\"><img loading=\"lazy\" decoding=\"async\" class=\"alignnone size-thumbnail wp-image-7042\" src=\"http:\/\/hubertpietka.bialystok.pl\/wp-content\/uploads\/2023\/04\/IMG_20230424_000623-150x150.jpg\" alt=\"\" width=\"150\" height=\"150\" srcset=\"https:\/\/hubertpietka.bialystok.pl\/wp-content\/uploads\/2023\/04\/IMG_20230424_000623-150x150.jpg 150w, https:\/\/hubertpietka.bialystok.pl\/wp-content\/uploads\/2023\/04\/IMG_20230424_000623-75x75.jpg 75w\" sizes=\"auto, (max-width: 150px) 100vw, 150px\" \/><\/a><\/p>\n<p><strong>Na zdj. Miko\u0142aj Kopernik na \u0142awce fromborskiej<\/strong><br \/>\n<strong> <em>Wstrzyma\u0142 s\u0142o\u0144ce ruszy\u0142 ziemi\u0119\u00a0<\/em><\/strong><br \/>\n<strong> Tak b\u0119dzie i w tym przypadku niestety<\/strong><br \/>\n<strong> Tylko bardziej dos\u0142ownie i dobitnie<\/strong><br \/>\n<strong> Je\u015bli nie nawr\u00f3cicie si\u0119 na prawdy Bo\u017ce<\/strong><br \/>\n<strong> I cokolwiek m\u00f3wi si\u0119 gdziekolwiek<\/strong><br \/>\n<strong> O kwestiach tych<\/strong><\/p>\n","protected":false},"excerpt":{"rendered":"<p>*Z miasta* \/ *za-miast* ko\u0142ysanki s\u0142odkiej\u00a0 Wiecie dlaczego Jak co\u015b nam si\u0119 stanie B\u00f3g odpowie Nie tylko misiakom Ale i tym kt\u00f3rzy mogli A nie&hellip; <\/p>\n","protected":false},"author":1,"featured_media":0,"parent":0,"menu_order":0,"comment_status":"closed","ping_status":"closed","template":"","meta":{"footnotes":""},"class_list":["post-7041","page","type-page","status-publish","hentry"],"_links":{"self":[{"href":"https:\/\/hubertpietka.bialystok.pl\/index.php?rest_route=\/wp\/v2\/pages\/7041","targetHints":{"allow":["GET"]}}],"collection":[{"href":"https:\/\/hubertpietka.bialystok.pl\/index.php?rest_route=\/wp\/v2\/pages"}],"about":[{"href":"https:\/\/hubertpietka.bialystok.pl\/index.php?rest_route=\/wp\/v2\/types\/page"}],"author":[{"embeddable":true,"href":"https:\/\/hubertpietka.bialystok.pl\/index.php?rest_route=\/wp\/v2\/users\/1"}],"replies":[{"embeddable":true,"href":"https:\/\/hubertpietka.bialystok.pl\/index.php?rest_route=%2Fwp%2Fv2%2Fcomments&post=7041"}],"version-history":[{"count":4,"href":"https:\/\/hubertpietka.bialystok.pl\/index.php?rest_route=\/wp\/v2\/pages\/7041\/revisions"}],"predecessor-version":[{"id":7071,"href":"https:\/\/hubertpietka.bialystok.pl\/index.php?rest_route=\/wp\/v2\/pages\/7041\/revisions\/7071"}],"wp:attachment":[{"href":"https:\/\/hubertpietka.bialystok.pl\/index.php?rest_route=%2Fwp%2Fv2%2Fmedia&parent=7041"}],"curies":[{"name":"wp","href":"https:\/\/api.w.org\/{rel}","templated":true}]}}