{"id":7053,"date":"2023-04-26T07:11:18","date_gmt":"2023-04-26T07:11:18","guid":{"rendered":"http:\/\/hubertpietka.bialystok.pl\/?page_id=7053"},"modified":"2023-04-26T07:11:42","modified_gmt":"2023-04-26T07:11:42","slug":"7053-2","status":"publish","type":"page","link":"https:\/\/hubertpietka.bialystok.pl\/?page_id=7053","title":{"rendered":"Afirmacji wy\u017csze uczucia \/ a samoobrony instynkty braku bezpiecze\u0144stwa"},"content":{"rendered":"<p><em><strong>Afirmacji wy\u017csze uczucia \/ a samoobrony instynkty braku bezpiecze\u0144stwa\u00a0<\/strong><\/em><\/p>\n<p>A pewnie \u017ce bym chcia\u0142<br \/>\nTylko afirmowa\u0107 \u015bwiat<br \/>\nOpisywa\u0107 kwiatki harmoni\u0119 przyrody<br \/>\nKontemplowa\u0107 Boga w ciszy serca<br \/>\nCieszy\u0107 si\u0119 wzajemnie sob\u0105 z \u017con\u0105 i bliskimi<br \/>\nZg\u0142\u0119bia\u0107 donios\u0142e w prawdzie odkrycia my\u015bli ludzkiej<br \/>\nW nauce architekturze sztuce<br \/>\nOdda\u0107 si\u0119 dobrej buduj\u0105cej lekturze<\/p>\n<p>Jednak misiaczki nam to do\u015b\u0107 skutecznie utrudniaj\u0105<br \/>\nBo czy\u017c nie chc\u0105 nas zabi\u0107 i naszych<br \/>\nZniszczy\u0107 te\u017c nasze i to co z nas<br \/>\nCzy\u017c ja mam za to ich tylko chwali\u0107<br \/>\nCzy\u017c nam nie mo\u017cna si\u0119 broni\u0107 skutecznie<br \/>\nCzy\u017c ja tylko mog\u0119 pogrozi\u0107 jak dziecku palcem<br \/>\nOczywi\u015bcie z \u0142agodnym u\u015bmiechem<\/p>\n<p>Stawajcie w prawdzie<br \/>\nI przyznajcie niewinno\u015bci s\u0142uszno\u015b\u0107<br \/>\nCzy\u017c trzeba bezwolnie podda\u0107 si\u0119<br \/>\nTendencjom z\u0142a niszczenia<br \/>\nCzy\u017c nie trzeba broni\u0107 jasno\u015bci<\/p>\n<p><a href=\"http:\/\/hubertpietka.bialystok.pl\/wp-content\/uploads\/2023\/04\/IMG_20230426_090513.jpg\"><img loading=\"lazy\" decoding=\"async\" class=\"alignnone size-thumbnail wp-image-7054\" src=\"http:\/\/hubertpietka.bialystok.pl\/wp-content\/uploads\/2023\/04\/IMG_20230426_090513-150x150.jpg\" alt=\"\" width=\"150\" height=\"150\" srcset=\"https:\/\/hubertpietka.bialystok.pl\/wp-content\/uploads\/2023\/04\/IMG_20230426_090513-150x150.jpg 150w, https:\/\/hubertpietka.bialystok.pl\/wp-content\/uploads\/2023\/04\/IMG_20230426_090513-75x75.jpg 75w\" sizes=\"auto, (max-width: 150px) 100vw, 150px\" \/><\/a><\/p>\n<p><strong>Na zdj. Ja i \u017cona we Fromborku<\/strong><br \/>\n<strong> Chcieliby\u015bmy \u017cy\u0107 po prostu<\/strong><br \/>\n<strong> My nasze i nasi<\/strong><br \/>\n<strong> Dlaczego oni i na wszelkie mo\u017cliwe sposoby<\/strong><br \/>\n<strong> Chc\u0105 nas nasze naszych zniszczy\u0107 i zabi\u0107<\/strong><br \/>\n<strong> Ale ufam \u017ce obronimy te nasze przycz\u00f3\u0142ki<\/strong><br \/>\n<strong> I jeszcze b\u0119dziemy si\u0119 sob\u0105 wzajemnie cieszy\u0107<\/strong><br \/>\n<strong> Afirmowa\u0107 i kontemplowa\u0107 wszelkie harmonie<\/strong><br \/>\n<strong> \u015awiata przyrody nauki sztuki<\/strong><br \/>\n<strong> W prawdzie i pi\u0119knie dobra<\/strong><br \/>\n<strong> \u017be to zwyci\u0119\u017cy<\/strong><\/p>\n","protected":false},"excerpt":{"rendered":"<p>Afirmacji wy\u017csze uczucia \/ a samoobrony instynkty braku bezpiecze\u0144stwa\u00a0 A pewnie \u017ce bym chcia\u0142 Tylko afirmowa\u0107 \u015bwiat Opisywa\u0107 kwiatki harmoni\u0119 przyrody Kontemplowa\u0107 Boga w ciszy&hellip; <\/p>\n","protected":false},"author":1,"featured_media":0,"parent":0,"menu_order":0,"comment_status":"closed","ping_status":"closed","template":"","meta":{"footnotes":""},"class_list":["post-7053","page","type-page","status-publish","hentry"],"_links":{"self":[{"href":"https:\/\/hubertpietka.bialystok.pl\/index.php?rest_route=\/wp\/v2\/pages\/7053","targetHints":{"allow":["GET"]}}],"collection":[{"href":"https:\/\/hubertpietka.bialystok.pl\/index.php?rest_route=\/wp\/v2\/pages"}],"about":[{"href":"https:\/\/hubertpietka.bialystok.pl\/index.php?rest_route=\/wp\/v2\/types\/page"}],"author":[{"embeddable":true,"href":"https:\/\/hubertpietka.bialystok.pl\/index.php?rest_route=\/wp\/v2\/users\/1"}],"replies":[{"embeddable":true,"href":"https:\/\/hubertpietka.bialystok.pl\/index.php?rest_route=%2Fwp%2Fv2%2Fcomments&post=7053"}],"version-history":[{"count":2,"href":"https:\/\/hubertpietka.bialystok.pl\/index.php?rest_route=\/wp\/v2\/pages\/7053\/revisions"}],"predecessor-version":[{"id":7056,"href":"https:\/\/hubertpietka.bialystok.pl\/index.php?rest_route=\/wp\/v2\/pages\/7053\/revisions\/7056"}],"wp:attachment":[{"href":"https:\/\/hubertpietka.bialystok.pl\/index.php?rest_route=%2Fwp%2Fv2%2Fmedia&parent=7053"}],"curies":[{"name":"wp","href":"https:\/\/api.w.org\/{rel}","templated":true}]}}