{"id":7060,"date":"2023-04-28T09:01:02","date_gmt":"2023-04-28T09:01:02","guid":{"rendered":"http:\/\/hubertpietka.bialystok.pl\/?page_id=7060"},"modified":"2023-05-02T14:58:27","modified_gmt":"2023-05-02T14:58:27","slug":"nie-nie-nie","status":"publish","type":"page","link":"https:\/\/hubertpietka.bialystok.pl\/?page_id=7060","title":{"rendered":"Nie nie nie"},"content":{"rendered":"<p><em><strong>Nie nie nie<\/strong><\/em><\/p>\n<p>Pan rzek\u0142 do mnie<br \/>\n<em>Powiedz im tak<br \/>\nDlaczego Mnie prze\u015bladujecie w nim<br \/>\nW jego \u017conie bliskich<br \/>\nW tym co ma<br \/>\nI w tym co go jakkolwiek dotyczy<br \/>\nDlaczego Mnie prze\u015bladujecie<\/em><\/p>\n<p>Dzi\u015b *Chrzanowskiej* Hanny<br \/>\nNawet je\u015bli ona ja my i nasi nasze<br \/>\nJeste\u015bmy *do chrzanu* dla was<br \/>\nTo dlaczego nas prze\u015bladujecie<\/p>\n<p><a href=\"http:\/\/hubertpietka.bialystok.pl\/wp-content\/uploads\/2023\/04\/IMG_20230428_105324.jpg\"><img loading=\"lazy\" decoding=\"async\" class=\"alignnone size-thumbnail wp-image-7061\" src=\"http:\/\/hubertpietka.bialystok.pl\/wp-content\/uploads\/2023\/04\/IMG_20230428_105324-150x150.jpg\" alt=\"\" width=\"150\" height=\"150\" srcset=\"https:\/\/hubertpietka.bialystok.pl\/wp-content\/uploads\/2023\/04\/IMG_20230428_105324-150x150.jpg 150w, https:\/\/hubertpietka.bialystok.pl\/wp-content\/uploads\/2023\/04\/IMG_20230428_105324-75x75.jpg 75w\" sizes=\"auto, (max-width: 150px) 100vw, 150px\" \/><\/a><\/p>\n<p>Na zdj. Matka Bo\u017ca *<em>sale<\/em>-ty\u0144ska&#8221;<br \/>\n*Rozogi* B\u00f3g to *rozogni*<br \/>\nBo \u015bwiat zagubi\u0142 podstawowe warto\u015bci<br \/>\nMatka Bo\u017ca p\u0142acze<br \/>\n*Sprzedani* my nasi nasze<\/p>\n<p><a href=\"https:\/\/youtu.be\/wA2tsUfV8-M\"><em><strong>Proletaryat &#8211; Nie wyra\u017cam zgody<\/strong><\/em><\/a><\/p>\n","protected":false},"excerpt":{"rendered":"<p>Nie nie nie Pan rzek\u0142 do mnie Powiedz im tak Dlaczego Mnie prze\u015bladujecie w nim W jego \u017conie bliskich W tym co ma I w&hellip; <\/p>\n","protected":false},"author":1,"featured_media":0,"parent":0,"menu_order":0,"comment_status":"closed","ping_status":"closed","template":"","meta":{"footnotes":""},"class_list":["post-7060","page","type-page","status-publish","hentry"],"_links":{"self":[{"href":"https:\/\/hubertpietka.bialystok.pl\/index.php?rest_route=\/wp\/v2\/pages\/7060","targetHints":{"allow":["GET"]}}],"collection":[{"href":"https:\/\/hubertpietka.bialystok.pl\/index.php?rest_route=\/wp\/v2\/pages"}],"about":[{"href":"https:\/\/hubertpietka.bialystok.pl\/index.php?rest_route=\/wp\/v2\/types\/page"}],"author":[{"embeddable":true,"href":"https:\/\/hubertpietka.bialystok.pl\/index.php?rest_route=\/wp\/v2\/users\/1"}],"replies":[{"embeddable":true,"href":"https:\/\/hubertpietka.bialystok.pl\/index.php?rest_route=%2Fwp%2Fv2%2Fcomments&post=7060"}],"version-history":[{"count":2,"href":"https:\/\/hubertpietka.bialystok.pl\/index.php?rest_route=\/wp\/v2\/pages\/7060\/revisions"}],"predecessor-version":[{"id":7082,"href":"https:\/\/hubertpietka.bialystok.pl\/index.php?rest_route=\/wp\/v2\/pages\/7060\/revisions\/7082"}],"wp:attachment":[{"href":"https:\/\/hubertpietka.bialystok.pl\/index.php?rest_route=%2Fwp%2Fv2%2Fmedia&parent=7060"}],"curies":[{"name":"wp","href":"https:\/\/api.w.org\/{rel}","templated":true}]}}