{"id":7098,"date":"2023-05-09T10:04:59","date_gmt":"2023-05-09T10:04:59","guid":{"rendered":"http:\/\/hubertpietka.bialystok.pl\/?page_id=7098"},"modified":"2023-07-31T14:08:21","modified_gmt":"2023-07-31T14:08:21","slug":"wierze","status":"publish","type":"page","link":"https:\/\/hubertpietka.bialystok.pl\/?page_id=7098","title":{"rendered":"Wierz\u0119"},"content":{"rendered":"<p><em><strong>Wierz\u0119<\/strong><\/em><\/p>\n<p>Wierz\u0119, \u017ce b\u0119dzie dobrze.<br \/>\nNie naiwnie, a pobo\u017cnie.<\/p>\n<p>B\u0119dzie wiele trudno\u015bci,<br \/>\nlecz przezwyci\u0119\u017cymy je w mi\u0142o\u015bci.<\/p>\n<p>Mo\u017ce b\u0119dzie i strach,<br \/>\nlecz nie poddamy si\u0119, ot tak.<\/p>\n<p>Na niejedn\u0105 wejdziemy g\u00f3r\u0119.<br \/>\nZ niejednego wyjdziemy do\u0142u.<br \/>\nPokonamy ka\u017cdy lot w chmurach.<br \/>\nBy znale\u017a\u0107 cisz\u0119 w naszym domu.<\/p>\n<p>Bo najwa\u017cniejsza i najpi\u0119kniejsza<br \/>\njest ta rodzina, kt\u00f3r\u0105 tworzymy.<br \/>\nKa\u017cde z\u0142o przezwyci\u0119\u017cymy!<\/p>\n<p>Szatan nie pogn\u0119bi nas w swej pod\u0142o\u015bci.<\/p>\n<p>Tak przetrwamy ka\u017cde \u017cycia burze,<br \/>\nby znale\u017a\u0107 si\u0119 na w\u0142asnym podw\u00f3rzu<br \/>\ndomu z ogrodem<br \/>\n&#8211; wsp\u00f3lnego chleba z miodem.<\/p>\n<p>Naszego wsp\u00f3lnego do ko\u0144ca bycia, \u017cono moja!<br \/>\nTy\u015b moja pewno\u015b\u0107, moja ostoja!<\/p>\n<p>W tym zwiewnym, ulotnym, lecz pi\u0119knym trwaniu<br \/>\nnapiszemy najpi\u0119kniejszy poemat o wsp\u00f3lnym si\u0119 dogadywanie<br \/>\ni pokonywaniu zawieruch losu<br \/>\nsi\u0142\u0105 wsp\u00f3lnej mi\u0142o\u015bci zakorzenionej w Bogu.<\/p>\n<p>Nie trzeba tu patosu,<br \/>\nbo mi\u0142o\u015b\u0107 to prostota!<br \/>\nZwyci\u0119stwo nad z\u0142em nadziei,<br \/>\nwiara w Boga.<\/p>\n<p>Taka nasza wsp\u00f3lna robota<br \/>\ntrwania razem naszego,<br \/>\na\u017c do dokonania skonu swego<br \/>\n&#8211; lecz w pewno\u015bci spe\u0142nienia<br \/>\ni wiary w wieczne przeznaczenia.<\/p>\n<p style=\"text-align: center;\"><a href=\"https:\/\/youtu.be\/MlnLjcIWnxo\"><em><strong>Cztery Pory Mi\u0142owania &#8211; Wie\u015b<\/strong><\/em><\/a><\/p>\n<p style=\"text-align: right;\"><em>*Aktualne nadal &#8211; zawsze!<\/em><\/p>\n<hr \/>\n<p style=\"text-align: right;\"><a href=\"https:\/\/youtu.be\/-iec22lWgqQ\"><em><strong>Sztof &#8211; Dom<\/strong><\/em><\/a><\/p>\n<p style=\"text-align: center;\"><em>Bo najwa\u017cniejszy jest ten dom<\/em><br \/>\n<em> Kt\u00f3ry tworzymy<\/em><br \/>\nAle w sercu s\u0105 te\u017c zawsze te domy<br \/>\nKt\u00f3re otworzy\u0142y dla nas podwoje<br \/>\nI ludzie kt\u00f3rzy je tworzyli<br \/>\nMimo niuans\u00f3w r\u00f3\u017cnych<br \/>\nS\u0105 bliscy<\/p>\n","protected":false},"excerpt":{"rendered":"<p>Wierz\u0119 Wierz\u0119, \u017ce b\u0119dzie dobrze. Nie naiwnie, a pobo\u017cnie. B\u0119dzie wiele trudno\u015bci, lecz przezwyci\u0119\u017cymy je w mi\u0142o\u015bci. Mo\u017ce b\u0119dzie i strach, lecz nie poddamy si\u0119,&hellip; <\/p>\n","protected":false},"author":1,"featured_media":0,"parent":0,"menu_order":0,"comment_status":"closed","ping_status":"closed","template":"","meta":{"footnotes":""},"class_list":["post-7098","page","type-page","status-publish","hentry"],"_links":{"self":[{"href":"https:\/\/hubertpietka.bialystok.pl\/index.php?rest_route=\/wp\/v2\/pages\/7098","targetHints":{"allow":["GET"]}}],"collection":[{"href":"https:\/\/hubertpietka.bialystok.pl\/index.php?rest_route=\/wp\/v2\/pages"}],"about":[{"href":"https:\/\/hubertpietka.bialystok.pl\/index.php?rest_route=\/wp\/v2\/types\/page"}],"author":[{"embeddable":true,"href":"https:\/\/hubertpietka.bialystok.pl\/index.php?rest_route=\/wp\/v2\/users\/1"}],"replies":[{"embeddable":true,"href":"https:\/\/hubertpietka.bialystok.pl\/index.php?rest_route=%2Fwp%2Fv2%2Fcomments&post=7098"}],"version-history":[{"count":5,"href":"https:\/\/hubertpietka.bialystok.pl\/index.php?rest_route=\/wp\/v2\/pages\/7098\/revisions"}],"predecessor-version":[{"id":7368,"href":"https:\/\/hubertpietka.bialystok.pl\/index.php?rest_route=\/wp\/v2\/pages\/7098\/revisions\/7368"}],"wp:attachment":[{"href":"https:\/\/hubertpietka.bialystok.pl\/index.php?rest_route=%2Fwp%2Fv2%2Fmedia&parent=7098"}],"curies":[{"name":"wp","href":"https:\/\/api.w.org\/{rel}","templated":true}]}}