{"id":7101,"date":"2023-05-09T10:23:02","date_gmt":"2023-05-09T10:23:02","guid":{"rendered":"http:\/\/hubertpietka.bialystok.pl\/?page_id=7101"},"modified":"2023-06-04T12:47:22","modified_gmt":"2023-06-04T12:47:22","slug":"dla-mojej-zony","status":"publish","type":"page","link":"https:\/\/hubertpietka.bialystok.pl\/?page_id=7101","title":{"rendered":"Dla mojej \u017cony!"},"content":{"rendered":"<p><em><strong>Dla mojej \u017cony!<\/strong><\/em><\/p>\n<p>&#8211; <em>kwiat drzewo ptak<\/em><\/p>\n<p><em>\u017cycie jak trawa<\/em><br \/>\n<em>przemija<\/em><br \/>\nwi\u0119c<br \/>\nzabior\u0119 ci\u0119 do lasu<br \/>\ndla wywczasu<\/p>\n<p>spe\u0142nia\u0107 twoje pragnienia<br \/>\nto moje marzenia<\/p>\n<p>ws\u0142ucha\u0107 si\u0119<br \/>\nw serca twego bicie<br \/>\nzapatrze\u0107 si\u0119<br \/>\nw zielono\u015b\u0107 twoich \u017arenic<br \/>\ni uton\u0105\u0107 w nich<br \/>\njak w jeziorze tajemnic<\/p>\n<p>spe\u0142ni\u0107<br \/>\nswe \u017cycie<br \/>\ntob\u0105<br \/>\ndo ko\u0144ca<br \/>\ndo spalenia si\u0119<br \/>\nw s\u0142o\u0144cu.<\/p>\n<p style=\"text-align: right;\"><em><strong><a href=\"https:\/\/youtu.be\/8-d3Cw6_tmQ\">Golden Life &#8211; Ptak i drzewo<\/a><br \/>\n<\/strong><\/em><\/p>\n<p style=\"text-align: right;\"><em>*Obud\u017a si\u0119!<\/em><\/p>\n","protected":false},"excerpt":{"rendered":"<p>Dla mojej \u017cony! &#8211; kwiat drzewo ptak \u017cycie jak trawa przemija wi\u0119c zabior\u0119 ci\u0119 do lasu dla wywczasu spe\u0142nia\u0107 twoje pragnienia to moje marzenia ws\u0142ucha\u0107&hellip; <\/p>\n","protected":false},"author":1,"featured_media":0,"parent":0,"menu_order":0,"comment_status":"closed","ping_status":"closed","template":"","meta":{"footnotes":""},"class_list":["post-7101","page","type-page","status-publish","hentry"],"_links":{"self":[{"href":"https:\/\/hubertpietka.bialystok.pl\/index.php?rest_route=\/wp\/v2\/pages\/7101","targetHints":{"allow":["GET"]}}],"collection":[{"href":"https:\/\/hubertpietka.bialystok.pl\/index.php?rest_route=\/wp\/v2\/pages"}],"about":[{"href":"https:\/\/hubertpietka.bialystok.pl\/index.php?rest_route=\/wp\/v2\/types\/page"}],"author":[{"embeddable":true,"href":"https:\/\/hubertpietka.bialystok.pl\/index.php?rest_route=\/wp\/v2\/users\/1"}],"replies":[{"embeddable":true,"href":"https:\/\/hubertpietka.bialystok.pl\/index.php?rest_route=%2Fwp%2Fv2%2Fcomments&post=7101"}],"version-history":[{"count":2,"href":"https:\/\/hubertpietka.bialystok.pl\/index.php?rest_route=\/wp\/v2\/pages\/7101\/revisions"}],"predecessor-version":[{"id":7199,"href":"https:\/\/hubertpietka.bialystok.pl\/index.php?rest_route=\/wp\/v2\/pages\/7101\/revisions\/7199"}],"wp:attachment":[{"href":"https:\/\/hubertpietka.bialystok.pl\/index.php?rest_route=%2Fwp%2Fv2%2Fmedia&parent=7101"}],"curies":[{"name":"wp","href":"https:\/\/api.w.org\/{rel}","templated":true}]}}