{"id":7105,"date":"2023-05-10T08:54:42","date_gmt":"2023-05-10T08:54:42","guid":{"rendered":"http:\/\/hubertpietka.bialystok.pl\/?page_id=7105"},"modified":"2023-05-10T08:54:42","modified_gmt":"2023-05-10T08:54:42","slug":"sciema-i-cie-nie-ma","status":"publish","type":"page","link":"https:\/\/hubertpietka.bialystok.pl\/?page_id=7105","title":{"rendered":"\u015aciema \/ i ci\u0119 nie ma"},"content":{"rendered":"<p><em><strong>\u015aciema \/ i ci\u0119 nie ma<\/strong><\/em><\/p>\n<p>Pami\u0119tacie jak wam pisa\u0142em<br \/>\nO wielkiej \u015bciemie tak zwanej<\/p>\n<p>Mam wra\u017cenie \u017ce to<br \/>\nPolicyjne pa\u0144stwo kt\u00f3re tworz\u0105 misiaki<br \/>\nJest oparte w\u0142a\u015bnie na tym<\/p>\n<p><em>\u015aciema na \u015bciemie pogania sciem\u0119<\/em><br \/>\nByleby tylko spe\u0142ni\u0107 swe zap\u0119dy<\/p>\n<p>Ach chc\u0105 mnie broni\u0107 przed samym sob\u0105<br \/>\nA najpierw mi zabi\u0107 \u017con\u0119<\/p>\n<p>Nie przeszkadza im to te\u017c raczej<br \/>\nStara\u0107 si\u0119 nieustannie uderza\u0107<br \/>\nW nas naszych i nasze<br \/>\nNa mnogo\u015b\u0107 sposob\u00f3w<\/p>\n<p>Lecz <em>to forget<\/em> o jakimkolwiek<br \/>\n<em>To get married<\/em><br \/>\nNie b\u0119dzie tego i nic nie b\u0119dzie<br \/>\nJe\u015bli \u017con\u0119 mi zabij\u0105<\/p>\n<p>A mnie najlepiej chroni\u0107<br \/>\nEliminuj\u0105c mnie ze swej przestrzeni<br \/>\nA potem z \u017cycia niew\u0105tpliwie<\/p>\n<p><em>\u015aciema na \u015bciemie pogania sciem\u0119<\/em><br \/>\nOto ca\u0142a ich re-teoteryka dzia\u0142ania<br \/>\nA od kogo pochodz\u0105 k\u0142amstwa<\/p>\n<p><a href=\"http:\/\/hubertpietka.bialystok.pl\/wp-content\/uploads\/2023\/05\/IMG_20230510_105350.jpg\"><img loading=\"lazy\" decoding=\"async\" class=\"alignnone size-thumbnail wp-image-7106\" src=\"http:\/\/hubertpietka.bialystok.pl\/wp-content\/uploads\/2023\/05\/IMG_20230510_105350-150x150.jpg\" alt=\"\" width=\"150\" height=\"150\" srcset=\"https:\/\/hubertpietka.bialystok.pl\/wp-content\/uploads\/2023\/05\/IMG_20230510_105350-150x150.jpg 150w, https:\/\/hubertpietka.bialystok.pl\/wp-content\/uploads\/2023\/05\/IMG_20230510_105350-75x75.jpg 75w\" sizes=\"auto, (max-width: 150px) 100vw, 150px\" \/><\/a><\/p>\n<p><strong>Na zdj. <em>Wys\u0142uchaj Panie mojego b\u0142agania<\/em><br \/>\nWarg nieob\u0142udnych i serca<br \/>\nKt\u00f3re staram si\u0119 zawsze mie\u0107 przed Tob\u0105 czyste<br \/>\nNie dopu\u015b\u0107 by spe\u0142ni\u0142y si\u0119 ich zap\u0119dy nieprawe<br \/>\nW \u015bwietle prawa czy k\u0142amstw ciemno\u015bci raczej <\/strong><\/p>\n<p>I je\u015bli cokolwieczuniek mojej \u017conie<br \/>\nNam naszemu naszym to zobacz\u0105<br \/>\nI niech daruj\u0105 fatyg\u0119 sobie<br \/>\nI fa\u0142szyw\u0105 trosk\u0119 niby<br \/>\nPrzyjd\u017a a oni nie<\/p>\n","protected":false},"excerpt":{"rendered":"<p>\u015aciema \/ i ci\u0119 nie ma Pami\u0119tacie jak wam pisa\u0142em O wielkiej \u015bciemie tak zwanej Mam wra\u017cenie \u017ce to Policyjne pa\u0144stwo kt\u00f3re tworz\u0105 misiaki Jest&hellip; <\/p>\n","protected":false},"author":1,"featured_media":0,"parent":0,"menu_order":0,"comment_status":"closed","ping_status":"closed","template":"","meta":{"footnotes":""},"class_list":["post-7105","page","type-page","status-publish","hentry"],"_links":{"self":[{"href":"https:\/\/hubertpietka.bialystok.pl\/index.php?rest_route=\/wp\/v2\/pages\/7105","targetHints":{"allow":["GET"]}}],"collection":[{"href":"https:\/\/hubertpietka.bialystok.pl\/index.php?rest_route=\/wp\/v2\/pages"}],"about":[{"href":"https:\/\/hubertpietka.bialystok.pl\/index.php?rest_route=\/wp\/v2\/types\/page"}],"author":[{"embeddable":true,"href":"https:\/\/hubertpietka.bialystok.pl\/index.php?rest_route=\/wp\/v2\/users\/1"}],"replies":[{"embeddable":true,"href":"https:\/\/hubertpietka.bialystok.pl\/index.php?rest_route=%2Fwp%2Fv2%2Fcomments&post=7105"}],"version-history":[{"count":1,"href":"https:\/\/hubertpietka.bialystok.pl\/index.php?rest_route=\/wp\/v2\/pages\/7105\/revisions"}],"predecessor-version":[{"id":7107,"href":"https:\/\/hubertpietka.bialystok.pl\/index.php?rest_route=\/wp\/v2\/pages\/7105\/revisions\/7107"}],"wp:attachment":[{"href":"https:\/\/hubertpietka.bialystok.pl\/index.php?rest_route=%2Fwp%2Fv2%2Fmedia&parent=7105"}],"curies":[{"name":"wp","href":"https:\/\/api.w.org\/{rel}","templated":true}]}}