{"id":7120,"date":"2023-05-13T14:32:31","date_gmt":"2023-05-13T14:32:31","guid":{"rendered":"http:\/\/hubertpietka.bialystok.pl\/?page_id=7120"},"modified":"2023-06-04T12:55:09","modified_gmt":"2023-06-04T12:55:09","slug":"tak-trzeba","status":"publish","type":"page","link":"https:\/\/hubertpietka.bialystok.pl\/?page_id=7120","title":{"rendered":"Tak trzeba"},"content":{"rendered":"<p><em><b>Tak trzeba<\/b><\/em><\/p>\n<p style=\"text-align: center;\"><i><span style=\"font-weight: 400;\">\u201ePowiedz ludziom, zachowa\u0142em si\u0119, jak trzeba.\u201d<\/span><\/i><br \/>\n(Danuta Siedzik\u00f3wna &#8211; \u201eInka\u201d)<\/p>\n<p><em><span style=\"font-weight: 400;\">Co ja ci, \u017cono, mog\u0119 da\u0107?<\/span><\/em><br \/>\n<span style=\"font-weight: 400;\">&#8211; Tylko swe \u017cycie wierne.<\/span><br \/>\n<span style=\"font-weight: 400;\">To, \u017ce po moim odej\u015bciu powiesz,<\/span><br \/>\n<span style=\"font-weight: 400;\">\u017ce \u017cy\u0142em, jak trzeba.<\/span><br \/>\n<span style=\"font-weight: 400;\">&#8211; \u017be by\u0142em wierny do ko\u0144ca.<\/span><\/p>\n<p><em><span style=\"font-weight: 400;\">Co ja ci mog\u0119 da\u0107?<\/span><\/em><br \/>\n<span style=\"font-weight: 400;\">&#8211; Spojrzenie jasne.<\/span><br \/>\n<span style=\"font-weight: 400;\">Ka\u017cdy odruch serca czysty.<\/span><br \/>\n<span style=\"font-weight: 400;\">Wra\u017cliwo\u015b\u0107 prostoty.<\/span><br \/>\n<span style=\"font-weight: 400;\">&#8211; Nic wi\u0119cej nie mam.<\/span><\/p>\n<p><span style=\"font-weight: 400;\">&#8211; Powiedz innym po moim odej\u015bciu,<\/span><br \/>\n<span style=\"font-weight: 400;\">\u017ce kocha\u0142em.<\/span><br \/>\n<span style=\"font-weight: 400;\">Mi\u0142o\u015bci\u0105 i wiar\u0105 si\u0119 realizowa\u0142em.<\/span><br \/>\n<span style=\"font-weight: 400;\">&#8211; A kiedy\u015b tam po drugiej stronie<\/span><br \/>\n<span style=\"font-weight: 400;\">si\u0119 spotkamy.<\/span><\/p>\n<p><span style=\"font-weight: 400;\">Je\u015bli prawdy szukamy,<\/span><br \/>\n<span style=\"font-weight: 400;\">to znajdziemy j\u0105 tam<\/span><br \/>\n<span style=\"font-weight: 400;\">&#8211; w niebie.<\/span><br \/>\n<span style=\"font-weight: 400;\">Pomimo, \u017ce nasze bycie<\/span><br \/>\n<span style=\"font-weight: 400;\">up\u0142ywa w trudzie i cierpieniu.<\/span><br \/>\n<span style=\"font-weight: 400;\">I pomimo naszych s\u0142abo\u015bci.<\/span><br \/>\n<span style=\"font-weight: 400;\">Mam nadziej\u0119,<\/span><br \/>\n<span style=\"font-weight: 400;\">\u017ce wszyscy tam dojdziemy<\/span><br \/>\n<span style=\"font-weight: 400;\">trudem codziennego chleba.<\/span><br \/>\n<span style=\"font-weight: 400;\">Pomimo \u015bwiata z\u0142o\u015bci<\/span><br \/>\n<span style=\"font-weight: 400;\">&#8211; wytrwajmy w mi\u0142o\u015bci!<\/span><\/p>\n<p><span style=\"font-weight: 400;\">Bo to sens jedyny!<\/span><br \/>\n<span style=\"font-weight: 400;\">&#8211; wiersz ten dla mojej \u017cony,<\/span><br \/>\n<span style=\"font-weight: 400;\">mojej dziewczyny.<\/span><br \/>\n<em><span style=\"font-weight: 400;\">&#8211; Skarbie Ty m\u00f3j, jedyny!<\/span><\/em><\/p>\n<p style=\"text-align: center;\"><em><strong><a href=\"https:\/\/youtu.be\/WRdN0NWacjI\">TulaMade &#8211; Inka<\/a><\/strong><\/em><\/p>\n","protected":false},"excerpt":{"rendered":"<p>Tak trzeba \u201ePowiedz ludziom, zachowa\u0142em si\u0119, jak trzeba.\u201d (Danuta Siedzik\u00f3wna &#8211; \u201eInka\u201d) Co ja ci, \u017cono, mog\u0119 da\u0107? &#8211; Tylko swe \u017cycie wierne. To, \u017ce&hellip; <\/p>\n","protected":false},"author":1,"featured_media":0,"parent":0,"menu_order":0,"comment_status":"closed","ping_status":"closed","template":"","meta":{"footnotes":""},"class_list":["post-7120","page","type-page","status-publish","hentry"],"_links":{"self":[{"href":"https:\/\/hubertpietka.bialystok.pl\/index.php?rest_route=\/wp\/v2\/pages\/7120","targetHints":{"allow":["GET"]}}],"collection":[{"href":"https:\/\/hubertpietka.bialystok.pl\/index.php?rest_route=\/wp\/v2\/pages"}],"about":[{"href":"https:\/\/hubertpietka.bialystok.pl\/index.php?rest_route=\/wp\/v2\/types\/page"}],"author":[{"embeddable":true,"href":"https:\/\/hubertpietka.bialystok.pl\/index.php?rest_route=\/wp\/v2\/users\/1"}],"replies":[{"embeddable":true,"href":"https:\/\/hubertpietka.bialystok.pl\/index.php?rest_route=%2Fwp%2Fv2%2Fcomments&post=7120"}],"version-history":[{"count":3,"href":"https:\/\/hubertpietka.bialystok.pl\/index.php?rest_route=\/wp\/v2\/pages\/7120\/revisions"}],"predecessor-version":[{"id":7202,"href":"https:\/\/hubertpietka.bialystok.pl\/index.php?rest_route=\/wp\/v2\/pages\/7120\/revisions\/7202"}],"wp:attachment":[{"href":"https:\/\/hubertpietka.bialystok.pl\/index.php?rest_route=%2Fwp%2Fv2%2Fmedia&parent=7120"}],"curies":[{"name":"wp","href":"https:\/\/api.w.org\/{rel}","templated":true}]}}