{"id":7124,"date":"2023-05-14T10:23:45","date_gmt":"2023-05-14T10:23:45","guid":{"rendered":"http:\/\/hubertpietka.bialystok.pl\/?page_id=7124"},"modified":"2023-06-04T13:34:53","modified_gmt":"2023-06-04T13:34:53","slug":"garde-roba-pana-boga","status":"publish","type":"page","link":"https:\/\/hubertpietka.bialystok.pl\/?page_id=7124","title":{"rendered":"*Garde-roba* \/ Pana Boga"},"content":{"rendered":"<p style=\"text-align: center;\"><em><strong>*Garde-roba* \/ Pana Boga<\/strong><\/em><\/p>\n<p style=\"text-align: right;\"><em>*Garden robi\u0119* &#8211; czyli ogr\u00f3d Bo\u017cy<\/em><\/p>\n<p>Poniewa\u017c ten \u015bwiat<br \/>\nW r\u00f3\u017cnych permisywnych odruchach<br \/>\nZszed\u0142 ju\u017c chyba do \u015bredniowiecza<br \/>\nZ moralno\u015bci\u0105 ca\u0142kiem na bakier<br \/>\nPowiem j\u0119zykiem tego \u015bwiata<\/p>\n<p>K\u0142ad\u0119 na ni\u0105 sw\u00f3j kaptur<br \/>\nJak na \u015bredniowiecznym skaza\u0144cu<br \/>\nOna nale\u017cy do mnie<br \/>\nOd momentu sakramentu ma\u0142\u017ce\u0144stwa<br \/>\nI nikt nie ma do niej prawa<br \/>\nPoza Bogiem i Maryj\u0105<br \/>\nKt\u00f3ra okrywa j\u0105 swym p\u0142aszczem<br \/>\nBo ona ma te\u017c i na sobie<br \/>\nBo\u017cy duchowy szkaplerz<\/p>\n<p><em>Dzi\u015b wspomnienie \u015bw. Aposto\u0142a *Macie-ja*<\/em><br \/>\n<em> *Macie j\u0105* (?) chcieliby\u015bcie *macie ja*<\/em><br \/>\n<em> Czyli mie\u0107 mnie<\/em><br \/>\n<em> Nie daj im Bo\u017ce<\/em><br \/>\n<em> Z tego nic<\/em><\/p>\n<p>Czy\u017c przemoc w\u0142adzy misiaczkowej<br \/>\nMo\u017ce by\u0107 szale\u0144stwem<br \/>\nOwszem gdy nie patrzy<br \/>\nNa nikogo i na nic<br \/>\nBy spe\u0142nia\u0107 swe po\u017c\u0105dania<\/p>\n<p><a href=\"http:\/\/hubertpietka.bialystok.pl\/wp-content\/uploads\/2023\/05\/IMG_20230514_120928.jpg\"><img loading=\"lazy\" decoding=\"async\" class=\"alignnone size-thumbnail wp-image-7125\" src=\"http:\/\/hubertpietka.bialystok.pl\/wp-content\/uploads\/2023\/05\/IMG_20230514_120928-150x150.jpg\" alt=\"\" width=\"150\" height=\"150\" srcset=\"https:\/\/hubertpietka.bialystok.pl\/wp-content\/uploads\/2023\/05\/IMG_20230514_120928-150x150.jpg 150w, https:\/\/hubertpietka.bialystok.pl\/wp-content\/uploads\/2023\/05\/IMG_20230514_120928-75x75.jpg 75w\" sizes=\"auto, (max-width: 150px) 100vw, 150px\" \/><\/a><\/p>\n<p><strong>Na zdj. Wspom\u00f3\u017c Bo\u017ce<\/strong><br \/>\n<strong> Bym si\u0119 dwoi\u0142 i troi\u0142<\/strong><br \/>\n<strong> By piel\u0119gnowane by\u0107 mog\u0142o<\/strong><br \/>\n<strong> Dobro prawda i mi\u0142o\u015b\u0107 duchowo\u015b\u0107<\/strong><br \/>\n<strong> Stara ksi\u0105\u017cka z obrazem podlewaczki<\/strong><br \/>\n<strong> By mog\u0142a w pokoju trwa\u0107<\/strong><br \/>\n<strong> I wszyscy kt\u00f3rym bliskie<\/strong><br \/>\n<strong> Warto\u015bci niezbywalne cz\u0142owiecze\u0144stwa istocie<\/strong><\/p>\n<p style=\"text-align: right;\"><a href=\"https:\/\/youtu.be\/3Uv5jwO4Oao\"><em><strong>Zabili mi \u017c\u00f3\u0142wia &#8211; Wiosna<\/strong><\/em><\/a><\/p>\n<p style=\"text-align: right;\"><em>*Ale poza nim-i<\/em><br \/>\n<em> Jest-li Pan B\u00f3g<\/em><\/p>\n","protected":false},"excerpt":{"rendered":"<p>*Garde-roba* \/ Pana Boga *Garden robi\u0119* &#8211; czyli ogr\u00f3d Bo\u017cy Poniewa\u017c ten \u015bwiat W r\u00f3\u017cnych permisywnych odruchach Zszed\u0142 ju\u017c chyba do \u015bredniowiecza Z moralno\u015bci\u0105 ca\u0142kiem&hellip; <\/p>\n","protected":false},"author":1,"featured_media":0,"parent":0,"menu_order":0,"comment_status":"closed","ping_status":"closed","template":"","meta":{"footnotes":""},"class_list":["post-7124","page","type-page","status-publish","hentry"],"_links":{"self":[{"href":"https:\/\/hubertpietka.bialystok.pl\/index.php?rest_route=\/wp\/v2\/pages\/7124","targetHints":{"allow":["GET"]}}],"collection":[{"href":"https:\/\/hubertpietka.bialystok.pl\/index.php?rest_route=\/wp\/v2\/pages"}],"about":[{"href":"https:\/\/hubertpietka.bialystok.pl\/index.php?rest_route=\/wp\/v2\/types\/page"}],"author":[{"embeddable":true,"href":"https:\/\/hubertpietka.bialystok.pl\/index.php?rest_route=\/wp\/v2\/users\/1"}],"replies":[{"embeddable":true,"href":"https:\/\/hubertpietka.bialystok.pl\/index.php?rest_route=%2Fwp%2Fv2%2Fcomments&post=7124"}],"version-history":[{"count":2,"href":"https:\/\/hubertpietka.bialystok.pl\/index.php?rest_route=\/wp\/v2\/pages\/7124\/revisions"}],"predecessor-version":[{"id":7220,"href":"https:\/\/hubertpietka.bialystok.pl\/index.php?rest_route=\/wp\/v2\/pages\/7124\/revisions\/7220"}],"wp:attachment":[{"href":"https:\/\/hubertpietka.bialystok.pl\/index.php?rest_route=%2Fwp%2Fv2%2Fmedia&parent=7124"}],"curies":[{"name":"wp","href":"https:\/\/api.w.org\/{rel}","templated":true}]}}