{"id":7134,"date":"2023-05-17T06:38:41","date_gmt":"2023-05-17T06:38:41","guid":{"rendered":"http:\/\/hubertpietka.bialystok.pl\/?page_id=7134"},"modified":"2023-06-04T13:00:09","modified_gmt":"2023-06-04T13:00:09","slug":"czekanie","status":"publish","type":"page","link":"https:\/\/hubertpietka.bialystok.pl\/?page_id=7134","title":{"rendered":"Czekanie"},"content":{"rendered":"<p><em><b>Czekanie<\/b><\/em><\/p>\n<p>wydaje mi si\u0119<br \/>\n\u017ce moja kochana<br \/>\nb\u0119dzie spala\u0107 si\u0119<br \/>\nw jednej chwili<\/p>\n<p>od rado\u015bci<br \/>\npoprzez zak\u0142opotanie<br \/>\ndo wstydu<\/p>\n<p>otworzy mi drzwi<br \/>\nswej duszy<br \/>\ni p\u00f3jdziemy ju\u017c razem<br \/>\nwe wsp\u00f3\u0142\u015bwiadomo\u015bci<br \/>\nsiebie<\/p>\n<p>w<br \/>\njasno\u015bci<br \/>\njedno\u015bci<br \/>\ndwuistno\u015bci<br \/>\nwesp\u00f3\u0142<\/p>\n<p style=\"text-align: center;\">( <a href=\"https:\/\/youtu.be\/VXayWz_9SXI\"><em><strong>R\u00f3\u017ce Europy &#8211; Kolor<\/strong><\/em><\/a> )<\/p>\n<p>Tak by\u0142o zanim<br \/>\nMoj\u0105 \u017con\u0119 by\u0142em pozna\u0142em<br \/>\nDok\u0142adnie tak si\u0119 sta\u0142o<br \/>\n<em>Zapad\u0142a\u015b we mnie siostro<br \/>\nJednym spojrzeniem twych oczu <\/em><\/p>\n","protected":false},"excerpt":{"rendered":"<p>Czekanie wydaje mi si\u0119 \u017ce moja kochana b\u0119dzie spala\u0107 si\u0119 w jednej chwili od rado\u015bci poprzez zak\u0142opotanie do wstydu otworzy mi drzwi swej duszy i&hellip; <\/p>\n","protected":false},"author":1,"featured_media":0,"parent":0,"menu_order":0,"comment_status":"closed","ping_status":"closed","template":"","meta":{"footnotes":""},"class_list":["post-7134","page","type-page","status-publish","hentry"],"_links":{"self":[{"href":"https:\/\/hubertpietka.bialystok.pl\/index.php?rest_route=\/wp\/v2\/pages\/7134","targetHints":{"allow":["GET"]}}],"collection":[{"href":"https:\/\/hubertpietka.bialystok.pl\/index.php?rest_route=\/wp\/v2\/pages"}],"about":[{"href":"https:\/\/hubertpietka.bialystok.pl\/index.php?rest_route=\/wp\/v2\/types\/page"}],"author":[{"embeddable":true,"href":"https:\/\/hubertpietka.bialystok.pl\/index.php?rest_route=\/wp\/v2\/users\/1"}],"replies":[{"embeddable":true,"href":"https:\/\/hubertpietka.bialystok.pl\/index.php?rest_route=%2Fwp%2Fv2%2Fcomments&post=7134"}],"version-history":[{"count":2,"href":"https:\/\/hubertpietka.bialystok.pl\/index.php?rest_route=\/wp\/v2\/pages\/7134\/revisions"}],"predecessor-version":[{"id":7205,"href":"https:\/\/hubertpietka.bialystok.pl\/index.php?rest_route=\/wp\/v2\/pages\/7134\/revisions\/7205"}],"wp:attachment":[{"href":"https:\/\/hubertpietka.bialystok.pl\/index.php?rest_route=%2Fwp%2Fv2%2Fmedia&parent=7134"}],"curies":[{"name":"wp","href":"https:\/\/api.w.org\/{rel}","templated":true}]}}