{"id":7140,"date":"2023-05-18T20:45:19","date_gmt":"2023-05-18T20:45:19","guid":{"rendered":"http:\/\/hubertpietka.bialystok.pl\/?page_id=7140"},"modified":"2023-05-18T20:45:19","modified_gmt":"2023-05-18T20:45:19","slug":"morderstwa-a-mowa-nienawisci-prawda-kole-w-oczy-miskow","status":"publish","type":"page","link":"https:\/\/hubertpietka.bialystok.pl\/?page_id=7140","title":{"rendered":"Morderstwa a mowa nienawi\u015bci &#8211; Prawda kole w oczy \/ mi\u015bk\u00f3w"},"content":{"rendered":"<p><strong>Morderstwa a mowa nienawi\u015bci<\/strong> &#8211;<\/p>\n<p><em><strong>Prawda kole w oczy<\/strong><\/em> \/ mi\u015bk\u00f3w<\/p>\n<p>Nie lubi\u0105 misiaczki<br \/>\nJak si\u0119 po imieniu<br \/>\nNazywa rzeczy sprawy<br \/>\nPrzecie\u017c oni nie s\u0105 mordercami<br \/>\n<em>Lecz wybawicielami ludzko\u015bci<\/em><br \/>\n<em> Od zabobonu i ciemnoty<\/em><br \/>\nA \u017ce przy okazji musz\u0105 przeprowadza\u0107 czystk\u0119<br \/>\nJak i nie przymierzaj\u0105c<br \/>\nWobec \u017byd\u00f3w hitlerowcy<br \/>\nTo c\u00f3\u017c takie koszty<\/p>\n<p>A teraz na dodatek<br \/>\nMaj\u0105 mnie o co oskar\u017cy\u0107<br \/>\n(Lubi\u0105 tak dzia\u0142a\u0107)<br \/>\nBo m\u00f3wi\u0119 niewygodn\u0105 prawd\u0119<br \/>\nA o misiaczkach wolno m\u00f3wi\u0107<br \/>\nTylko dobrze<br \/>\nOni mog\u0105 zabija\u0107<br \/>\nA tu mowa nienawi\u015bci<br \/>\nZa kt\u00f3r\u0105 te\u017c na pewno<br \/>\nTrzeba zabi\u0107 albo chocia\u017c osadzi\u0107<\/p>\n<p>Poza tym lubi\u0105 misiaczki zawody swoiste<br \/>\nA i owszem<br \/>\nAle tylko na ich zasadach<br \/>\nCo tam sprawiedliwe prawa<br \/>\nWiadome wszystkim a cho\u0107by uczestnikom<br \/>\nPrzecie\u017c domy\u015ble\u0107 si\u0119 powinien<br \/>\n<em>Niech tak zrobi je\u015bli B\u00f3g jest z nim<\/em><br \/>\nA przy okazji mo\u017ce prawo jazdy straci<br \/>\n\u017be ju\u017c nie wspomn\u0119 o innych konsekwencjach<br \/>\nTych swoistych zawod\u00f3w jak ruletka<br \/>\nKt\u00f3ra w nas nasze i naszych ma uderza\u0107<br \/>\nPowinien wiedzie\u0107 co i kiedy<br \/>\nA jak nie to konsekwencje<br \/>\nKiedy dra\u0144skie dro\u0144stwo misie<br \/>\nA kiedy czysto<br \/>\nA jak si\u0119 pomyli<br \/>\nTo si\u0119 wyci\u0105gnie konsekwencje odpowiednie<br \/>\nA mo\u017ce inne zawody<br \/>\nKto je\u017adzi bardziej przepisowo zaproponuj\u0119<\/p>\n<p>Misie te\u017c lubi\u0105 chc\u0105 bardzo<br \/>\nNaci\u0105gn\u0105\u0107 nas na fa\u0142szywe pieni\u0105dze<br \/>\nW nasze r\u0119ce przypadkiem takie<br \/>\nA potem konsekwencje jedynie s\u0142uszne<br \/>\n\u0141\u0105cznie z osadzeniem Bogu ducha winnych w tej materii<\/p>\n<p>A ju\u017c <em>sol\u0105 w oku<\/em><br \/>\nS\u0105 dla nich nasze samochody<br \/>\nDwoj\u0105 si\u0119 i troj\u0105<br \/>\nByle tylko w spos\u00f3b taki czy inny<br \/>\nUderzy\u0107 te\u017c i w t\u0105 nasz\u0105 rzeczywisto\u015b\u0107<\/p>\n<p><a href=\"http:\/\/hubertpietka.bialystok.pl\/wp-content\/uploads\/2023\/05\/IMG_20230518_223900.jpg\"><img loading=\"lazy\" decoding=\"async\" class=\"alignnone size-thumbnail wp-image-7141\" src=\"http:\/\/hubertpietka.bialystok.pl\/wp-content\/uploads\/2023\/05\/IMG_20230518_223900-150x150.jpg\" alt=\"\" width=\"150\" height=\"150\" srcset=\"https:\/\/hubertpietka.bialystok.pl\/wp-content\/uploads\/2023\/05\/IMG_20230518_223900-150x150.jpg 150w, https:\/\/hubertpietka.bialystok.pl\/wp-content\/uploads\/2023\/05\/IMG_20230518_223900-75x75.jpg 75w\" sizes=\"auto, (max-width: 150px) 100vw, 150px\" \/><\/a><\/p>\n<p><strong>Na zdj. <em>Kto rano wstaje<\/em><\/strong><br \/>\n<strong> Haft muzealny<\/strong><br \/>\n<strong> <em>Temu Pan B\u00f3g daje<\/em> misi\u00f3w<\/strong><br \/>\n<strong> W ich mniemaniu to opcja<\/strong><br \/>\n<strong> Najbardziej odpowiednia zawsze<\/strong><br \/>\n<strong> \u017be ju\u017c nie wspomn\u0119<\/strong><br \/>\n<strong> \u017be podobnie w nas naszych i nasze<\/strong><br \/>\n<strong> Na wszelkie mo\u017cliwe sposoby<\/strong><br \/>\n<strong> I bynajmniej nie tylko rano<\/strong><br \/>\n<strong> Przecie\u017c misie mog\u0105 przyj\u015b\u0107 zawsze<\/strong><br \/>\n<strong> Od tego s\u0105 misiami<\/strong><\/p>\n","protected":false},"excerpt":{"rendered":"<p>Morderstwa a mowa nienawi\u015bci &#8211; Prawda kole w oczy \/ mi\u015bk\u00f3w Nie lubi\u0105 misiaczki Jak si\u0119 po imieniu Nazywa rzeczy sprawy Przecie\u017c oni nie s\u0105&hellip; <\/p>\n","protected":false},"author":1,"featured_media":0,"parent":0,"menu_order":0,"comment_status":"closed","ping_status":"closed","template":"","meta":{"footnotes":""},"class_list":["post-7140","page","type-page","status-publish","hentry"],"_links":{"self":[{"href":"https:\/\/hubertpietka.bialystok.pl\/index.php?rest_route=\/wp\/v2\/pages\/7140","targetHints":{"allow":["GET"]}}],"collection":[{"href":"https:\/\/hubertpietka.bialystok.pl\/index.php?rest_route=\/wp\/v2\/pages"}],"about":[{"href":"https:\/\/hubertpietka.bialystok.pl\/index.php?rest_route=\/wp\/v2\/types\/page"}],"author":[{"embeddable":true,"href":"https:\/\/hubertpietka.bialystok.pl\/index.php?rest_route=\/wp\/v2\/users\/1"}],"replies":[{"embeddable":true,"href":"https:\/\/hubertpietka.bialystok.pl\/index.php?rest_route=%2Fwp%2Fv2%2Fcomments&post=7140"}],"version-history":[{"count":1,"href":"https:\/\/hubertpietka.bialystok.pl\/index.php?rest_route=\/wp\/v2\/pages\/7140\/revisions"}],"predecessor-version":[{"id":7142,"href":"https:\/\/hubertpietka.bialystok.pl\/index.php?rest_route=\/wp\/v2\/pages\/7140\/revisions\/7142"}],"wp:attachment":[{"href":"https:\/\/hubertpietka.bialystok.pl\/index.php?rest_route=%2Fwp%2Fv2%2Fmedia&parent=7140"}],"curies":[{"name":"wp","href":"https:\/\/api.w.org\/{rel}","templated":true}]}}