{"id":7147,"date":"2023-05-22T07:11:38","date_gmt":"2023-05-22T07:11:38","guid":{"rendered":"http:\/\/hubertpietka.bialystok.pl\/?page_id=7147"},"modified":"2023-06-04T13:52:07","modified_gmt":"2023-06-04T13:52:07","slug":"7147-2","status":"publish","type":"page","link":"https:\/\/hubertpietka.bialystok.pl\/?page_id=7147","title":{"rendered":"Totalizm \/ terrorystyczny"},"content":{"rendered":"<p><em><strong>Totalizm \/ terrorystyczny\u00a0<\/strong><\/em><\/p>\n<p>Czy\u017c nie mam racji<br \/>\n\u017be byle pretekst dla nich<br \/>\nWszystko pos\u0142u\u017cy\u0107 mo\u017ce oskar\u017ceniu cho\u0107by<\/p>\n<p><em>I\u015b\u0107 za \u015bwi\u0119tymi<\/em><br \/>\n<em> Dzisiaj wspominana \u015bw. *Rita*<\/em><br \/>\n<em> Jej sytuacja przypomina totalnie *za-ryt\u0105*<\/em><br \/>\n<em> Najlepiej \u017ceby nie widzia\u0142a nie s\u0142ysza\u0142a nie m\u00f3wi\u0142a<\/em><\/p>\n<p>Na*<em>buzo<\/em>*wani do mo\u017cliwo\u015bci granic<br \/>\nByleby tylko nam szkodzi\u0107<br \/>\nCzy\u017c ma dla mnie znaczenie<br \/>\n<em>Kto mieszka w domu kto w mieszkaniu<br \/>\nKto na wsi i w mie\u015bcie i jak ma na imi\u0119<br \/>\nCzy jak\u0105 ma rodzin\u0119<\/em><br \/>\nA oni do wszystkiego ideologi\u0119 dopisuj\u0105 odpowiednio<br \/>\nByleby tylko by\u0142o pod\u0142ug nich<br \/>\nDlatego od pocz\u0105tku niemal<br \/>\nPrzy korekcie j\u0119zykowej obcokrajowc\u00f3w<br \/>\nUnikam kwestii prawnych ekonomicznych ideologicznych<br \/>\nA oni i tak zawsze na mod\u0142\u0119 swoj\u0105<br \/>\nDopisuj\u0105 ideologi\u0119 do najprostszych korekt<br \/>\nOczywi\u015bcie nie ku zbudowaniu naszemu<br \/>\nA dla mnie jest tu tylko istotne<br \/>\n\u017be polskiego j\u0119zyka si\u0119 innej narodowo\u015bci ucz\u0105<\/p>\n<p>A i jeszcze unikam<br \/>\nPewnego narodu zaznaczaj\u0105cego si\u0119 mocno<br \/>\nNa arenie mi\u0119dzynarodowej<br \/>\nCho\u0107by tylko z tego powodu<br \/>\nI na tej te\u017c zasadzie<br \/>\nJak mog\u0119 podpisa\u0107 petycj\u0119<br \/>\nPod\u0142ug innego narodu<br \/>\nWsp\u00f3\u0142pracuj\u0105cego z tamtym jawnie<br \/>\nCho\u0107by w kwestii Ukrainy<\/p>\n<p><a href=\"http:\/\/hubertpietka.bialystok.pl\/wp-content\/uploads\/2023\/05\/IMG_20230522_090158.jpg\"><img loading=\"lazy\" decoding=\"async\" class=\"alignnone size-thumbnail wp-image-7148\" src=\"http:\/\/hubertpietka.bialystok.pl\/wp-content\/uploads\/2023\/05\/IMG_20230522_090158-150x150.jpg\" alt=\"\" width=\"150\" height=\"150\" srcset=\"https:\/\/hubertpietka.bialystok.pl\/wp-content\/uploads\/2023\/05\/IMG_20230522_090158-150x150.jpg 150w, https:\/\/hubertpietka.bialystok.pl\/wp-content\/uploads\/2023\/05\/IMG_20230522_090158-75x75.jpg 75w\" sizes=\"auto, (max-width: 150px) 100vw, 150px\" \/><\/a><\/p>\n<p><strong>Na zdj. Tak czy inaczej byle tylko do kozy<\/strong><br \/>\n<strong> Albo \u015bmier\u0107 od razu<\/strong><br \/>\n<strong> O Panie Bo\u017ce<\/strong><br \/>\n<strong> To\u017c to istny terroryzm<\/strong><br \/>\n<strong> Nie my\u015ble\u0107 nie m\u00f3wi\u0107 nie dzia\u0142a\u0107 nie s\u0142ysze\u0107<\/strong><br \/>\n<strong> Bo pretekstem mo\u017ce by\u0107 wszystko<\/strong><br \/>\n<strong> A ju\u017c ona u nich na celowniku<\/strong><br \/>\n<strong> Chyba jak i nikt<\/strong><\/p>\n<p style=\"text-align: center;\"><strong>\/<\/strong><\/p>\n<p style=\"text-align: right;\"><a href=\"https:\/\/youtu.be\/UhyeywiEzKo\"><em><strong>Akurat &#8211; Lubi\u0119 m\u00f3wi\u0107 z tob\u0105<\/strong><\/em><\/a><\/p>\n","protected":false},"excerpt":{"rendered":"<p>Totalizm \/ terrorystyczny\u00a0 Czy\u017c nie mam racji \u017be byle pretekst dla nich Wszystko pos\u0142u\u017cy\u0107 mo\u017ce oskar\u017ceniu cho\u0107by I\u015b\u0107 za \u015bwi\u0119tymi Dzisiaj wspominana \u015bw. *Rita* Jej&hellip; <\/p>\n","protected":false},"author":1,"featured_media":0,"parent":0,"menu_order":0,"comment_status":"closed","ping_status":"closed","template":"","meta":{"footnotes":""},"class_list":["post-7147","page","type-page","status-publish","hentry"],"_links":{"self":[{"href":"https:\/\/hubertpietka.bialystok.pl\/index.php?rest_route=\/wp\/v2\/pages\/7147","targetHints":{"allow":["GET"]}}],"collection":[{"href":"https:\/\/hubertpietka.bialystok.pl\/index.php?rest_route=\/wp\/v2\/pages"}],"about":[{"href":"https:\/\/hubertpietka.bialystok.pl\/index.php?rest_route=\/wp\/v2\/types\/page"}],"author":[{"embeddable":true,"href":"https:\/\/hubertpietka.bialystok.pl\/index.php?rest_route=\/wp\/v2\/users\/1"}],"replies":[{"embeddable":true,"href":"https:\/\/hubertpietka.bialystok.pl\/index.php?rest_route=%2Fwp%2Fv2%2Fcomments&post=7147"}],"version-history":[{"count":3,"href":"https:\/\/hubertpietka.bialystok.pl\/index.php?rest_route=\/wp\/v2\/pages\/7147\/revisions"}],"predecessor-version":[{"id":7224,"href":"https:\/\/hubertpietka.bialystok.pl\/index.php?rest_route=\/wp\/v2\/pages\/7147\/revisions\/7224"}],"wp:attachment":[{"href":"https:\/\/hubertpietka.bialystok.pl\/index.php?rest_route=%2Fwp%2Fv2%2Fmedia&parent=7147"}],"curies":[{"name":"wp","href":"https:\/\/api.w.org\/{rel}","templated":true}]}}