{"id":7156,"date":"2023-05-26T11:43:10","date_gmt":"2023-05-26T11:43:10","guid":{"rendered":"http:\/\/hubertpietka.bialystok.pl\/?page_id=7156"},"modified":"2023-06-04T13:59:23","modified_gmt":"2023-06-04T13:59:23","slug":"7156-2","status":"publish","type":"page","link":"https:\/\/hubertpietka.bialystok.pl\/?page_id=7156","title":{"rendered":"Co mamy \/ to mamy"},"content":{"rendered":"<p><em><strong>Co mamy \/ to mamy<\/strong><\/em><\/p>\n<p>Mamo kochana<br \/>\nI chocia\u017c nie ma powrotu<br \/>\nDo <em>rzeki dzieci\u0144stwa<\/em> tak zwanej<br \/>\nChocia\u017c <em>tamta rzeka<\/em> wysch\u0142a<br \/>\nChocia\u017c wiele up\u0142yn\u0119\u0142o wody czasu<br \/>\nWydarze\u0144 do\u015bwiadcze\u0144 cierpie\u0144 i pracy<br \/>\nTo ona w nas \u017cyje<br \/>\nW swym wymiarze najczulszym<\/p>\n<p>I nie nie wr\u00f3\u017cka B\u00f3g powiedzia\u0142<br \/>\n\u017be serce mo\u017ce by\u0107 domem<br \/>\nDla bliskich w wymiarze ka\u017cdym<br \/>\nI tym pozaczasowym i bezpo\u015brednim<br \/>\nBo r\u00f3\u017cnie si\u0119 z nami \u015bwiat obchodzi<\/p>\n<p><a href=\"http:\/\/hubertpietka.bialystok.pl\/wp-content\/uploads\/2023\/05\/IMG_20230526_131526.jpg\"><img loading=\"lazy\" decoding=\"async\" class=\"alignnone size-thumbnail wp-image-7157\" src=\"http:\/\/hubertpietka.bialystok.pl\/wp-content\/uploads\/2023\/05\/IMG_20230526_131526-150x150.jpg\" alt=\"\" width=\"150\" height=\"150\" srcset=\"https:\/\/hubertpietka.bialystok.pl\/wp-content\/uploads\/2023\/05\/IMG_20230526_131526-150x150.jpg 150w, https:\/\/hubertpietka.bialystok.pl\/wp-content\/uploads\/2023\/05\/IMG_20230526_131526-75x75.jpg 75w\" sizes=\"auto, (max-width: 150px) 100vw, 150px\" \/><\/a><\/p>\n<p><strong>Na zdj. <em>Old Breakout<\/em> w <em>Sze\u015bcianie<\/em><\/strong><br \/>\n<strong> Muzycy z czas\u00f3w Nalepy<\/strong><br \/>\n<strong> I cho\u0107 Tadka zabrak\u0142o<\/strong><br \/>\n<strong> To graj\u0105 dalej<\/strong><br \/>\n<strong> I jak im powiedzia\u0142em<\/strong><br \/>\n<strong> <em>I starsze mo\u017ce by\u0107 jarsze<\/em><\/strong><\/p>\n<p><strong>Tego ci w Dniu Matki my \u017cyczymy<\/strong><br \/>\n<strong> By\u015b si\u0119 odnajdowa\u0142a dobrze<\/strong><br \/>\n<strong> W ka\u017cdej perspektywie<\/strong><br \/>\n<strong> A serca dzieci cho\u0107 przeorane<\/strong><br \/>\n<strong> I one te\u017c s\u0105 twym domem i wiem \u017ce nawzajem<\/strong><\/p>\n<p style=\"text-align: center;\"><strong><a href=\"https:\/\/youtu.be\/zfjE24xB-3M\"><em>Old Breakout &#8211; Rzeka dzieci\u0144stwa<\/em><\/a><\/strong><\/p>\n","protected":false},"excerpt":{"rendered":"<p>Co mamy \/ to mamy Mamo kochana I chocia\u017c nie ma powrotu Do rzeki dzieci\u0144stwa tak zwanej Chocia\u017c tamta rzeka wysch\u0142a Chocia\u017c wiele up\u0142yn\u0119\u0142o wody&hellip; <\/p>\n","protected":false},"author":1,"featured_media":0,"parent":0,"menu_order":0,"comment_status":"closed","ping_status":"closed","template":"","meta":{"footnotes":""},"class_list":["post-7156","page","type-page","status-publish","hentry"],"_links":{"self":[{"href":"https:\/\/hubertpietka.bialystok.pl\/index.php?rest_route=\/wp\/v2\/pages\/7156","targetHints":{"allow":["GET"]}}],"collection":[{"href":"https:\/\/hubertpietka.bialystok.pl\/index.php?rest_route=\/wp\/v2\/pages"}],"about":[{"href":"https:\/\/hubertpietka.bialystok.pl\/index.php?rest_route=\/wp\/v2\/types\/page"}],"author":[{"embeddable":true,"href":"https:\/\/hubertpietka.bialystok.pl\/index.php?rest_route=\/wp\/v2\/users\/1"}],"replies":[{"embeddable":true,"href":"https:\/\/hubertpietka.bialystok.pl\/index.php?rest_route=%2Fwp%2Fv2%2Fcomments&post=7156"}],"version-history":[{"count":3,"href":"https:\/\/hubertpietka.bialystok.pl\/index.php?rest_route=\/wp\/v2\/pages\/7156\/revisions"}],"predecessor-version":[{"id":7226,"href":"https:\/\/hubertpietka.bialystok.pl\/index.php?rest_route=\/wp\/v2\/pages\/7156\/revisions\/7226"}],"wp:attachment":[{"href":"https:\/\/hubertpietka.bialystok.pl\/index.php?rest_route=%2Fwp%2Fv2%2Fmedia&parent=7156"}],"curies":[{"name":"wp","href":"https:\/\/api.w.org\/{rel}","templated":true}]}}