{"id":7166,"date":"2023-05-30T10:04:06","date_gmt":"2023-05-30T10:04:06","guid":{"rendered":"http:\/\/hubertpietka.bialystok.pl\/?page_id=7166"},"modified":"2023-06-04T14:29:25","modified_gmt":"2023-06-04T14:29:25","slug":"7166-2","status":"publish","type":"page","link":"https:\/\/hubertpietka.bialystok.pl\/?page_id=7166","title":{"rendered":"Co s\u0142ysz\u0119 w ko\u0142o \/ woda woda woda"},"content":{"rendered":"<p><em><strong>Co s\u0142ysz\u0119 w ko\u0142o \/ woda woda woda\u00a0<\/strong><\/em><\/p>\n<p><strong>I<\/strong><br \/>\nCzy spacerowa\u0142e\u015b kiedy\u015b nad przepa\u015bci\u0105<br \/>\nA przez d\u0142u\u017cszy czas<br \/>\nCzy \u017cy\u0142e\u015b kiedy\u015b na kraw\u0119dzi<br \/>\nNa ostrzu no\u017ca<br \/>\nA przez d\u0142u\u017cszy czas<\/p>\n<p>Takie atrakcje zapewniaj\u0105 misiaczki<br \/>\nI im podobni<br \/>\nI to na ka\u017cdym kroku we wszystkim co ci\u0119 dotyczy<br \/>\nJe\u015bli ci si\u0119 nudzi troch\u0119 w \u017cyciu<br \/>\nWystarczy \u017ceby\u015b podpad\u0142 misiom<\/p>\n<p><a href=\"https:\/\/youtu.be\/IUOBnU57f9c\"><em><strong>My Riot &#8211; Sam przeciwko wszystkim<\/strong><\/em><\/a><\/p>\n<p><em>Dzi\u015b wspominany \u015bw. Jan *Sarka-nder*<\/em><br \/>\n<em> Czy\u017c tylko ja nie mog\u0119 troch\u0119 *po-sarka\u0107*<\/em><br \/>\n<em> Tym bardziej \u017ce nie wiem i zbytnio<\/em><br \/>\n<em> Czym sobie zaskarbi\u0142em ten zaszczyt u misi\u00f3w<\/em><br \/>\n<em> Ich niegasn\u0105cej uwagi permanentnych dzia\u0142a\u0144<\/em><\/p>\n<p><strong>II<\/strong><br \/>\nPi\u0119kniejesz siostro ja\u015bniejesz migoczesz<br \/>\nW swym cz\u0142owiecze\u0144stwie<br \/>\nDuchowo i nie tylko<br \/>\nMimo niepogody warunk\u00f3w niewygodnych<br \/>\nDzi\u0119kuj\u0119 Bogu \u017ce jeste\u015b<br \/>\nTo du\u017co wi\u0119cej ni\u017c m\u00f3g\u0142bym<br \/>\nWy\u015bni\u0107 na pocz\u0105tku swej drogi<\/p>\n<p style=\"text-align: center;\"><a href=\"https:\/\/youtu.be\/cWwg-YSqF_U\"><em><strong>Happysad &#8211; Tak\u0105 wod\u0105 by\u0107<\/strong><\/em><\/a><\/p>\n<p>A czy\u017c macierzy\u0144stwo ojcostwo<br \/>\nMa by\u0107 tylko fizyczne<br \/>\nMniej lub bardziej jednostkowe materialnie<br \/>\nDuchowo mo\u017ce ono przynie\u015b\u0107 owoce<br \/>\nNiesko\u0144czono\u015bci w Bogu<\/p>\n<p><strong>III<\/strong><br \/>\nCzy\u017c ja mam wchodzi\u0107<br \/>\nDo tej samej wody<br \/>\nKt\u00f3ra odp\u0142yn\u0119\u0142a ju\u017c dawno<br \/>\nAlbo w jakiej\u015b sztucznie ozonowanej<br \/>\nMniej lub bardziej wodzie<br \/>\nMam si\u0119 p\u0142awi\u0107<\/p>\n<p style=\"text-align: right;\"><a href=\"https:\/\/youtu.be\/dSVwmlvGqsg\"><em><strong>Mrozu &#8211; Pal\u0119 w oknie<\/strong><\/em><\/a><\/p>\n<p>Nikt mi nie b\u0119dzie m\u00f3wi\u0142<br \/>\nGdzie mam p\u0142ywa\u0107<br \/>\nMoja woda jest i na moj\u0105 miar\u0119<br \/>\nJest albo nie b\u0119dzie \u017cadnej wody wcale<br \/>\n<em>Niczego nie b\u0119dzie<\/em> cytuj\u0105c klasyka nawet opar\u00f3w<\/p>\n<p><a href=\"http:\/\/hubertpietka.bialystok.pl\/wp-content\/uploads\/2023\/05\/IMG_20230530_110709.jpg\"><img loading=\"lazy\" decoding=\"async\" class=\"alignnone size-thumbnail wp-image-7167\" src=\"http:\/\/hubertpietka.bialystok.pl\/wp-content\/uploads\/2023\/05\/IMG_20230530_110709-150x150.jpg\" alt=\"\" width=\"150\" height=\"150\" srcset=\"https:\/\/hubertpietka.bialystok.pl\/wp-content\/uploads\/2023\/05\/IMG_20230530_110709-150x150.jpg 150w, https:\/\/hubertpietka.bialystok.pl\/wp-content\/uploads\/2023\/05\/IMG_20230530_110709-75x75.jpg 75w\" sizes=\"auto, (max-width: 150px) 100vw, 150px\" \/><\/a><\/p>\n<p><strong>Na zdj. Jezioro blisko *Raj-grodu*<\/strong><br \/>\n<strong> Ja si\u0119 raju nie boj\u0119<\/strong><br \/>\n<strong> Od was zale\u017cy co b\u0119dzie<\/strong><br \/>\n<strong> Ka\u017cdy gr\u00f3d miasto osada rajem<\/strong><br \/>\n<strong> Czy nic nie b\u0119dzie wcale<\/strong><\/p>\n","protected":false},"excerpt":{"rendered":"<p>Co s\u0142ysz\u0119 w ko\u0142o \/ woda woda woda\u00a0 I Czy spacerowa\u0142e\u015b kiedy\u015b nad przepa\u015bci\u0105 A przez d\u0142u\u017cszy czas Czy \u017cy\u0142e\u015b kiedy\u015b na kraw\u0119dzi Na ostrzu&hellip; <\/p>\n","protected":false},"author":1,"featured_media":0,"parent":0,"menu_order":0,"comment_status":"closed","ping_status":"closed","template":"","meta":{"footnotes":""},"class_list":["post-7166","page","type-page","status-publish","hentry"],"_links":{"self":[{"href":"https:\/\/hubertpietka.bialystok.pl\/index.php?rest_route=\/wp\/v2\/pages\/7166","targetHints":{"allow":["GET"]}}],"collection":[{"href":"https:\/\/hubertpietka.bialystok.pl\/index.php?rest_route=\/wp\/v2\/pages"}],"about":[{"href":"https:\/\/hubertpietka.bialystok.pl\/index.php?rest_route=\/wp\/v2\/types\/page"}],"author":[{"embeddable":true,"href":"https:\/\/hubertpietka.bialystok.pl\/index.php?rest_route=\/wp\/v2\/users\/1"}],"replies":[{"embeddable":true,"href":"https:\/\/hubertpietka.bialystok.pl\/index.php?rest_route=%2Fwp%2Fv2%2Fcomments&post=7166"}],"version-history":[{"count":4,"href":"https:\/\/hubertpietka.bialystok.pl\/index.php?rest_route=\/wp\/v2\/pages\/7166\/revisions"}],"predecessor-version":[{"id":7231,"href":"https:\/\/hubertpietka.bialystok.pl\/index.php?rest_route=\/wp\/v2\/pages\/7166\/revisions\/7231"}],"wp:attachment":[{"href":"https:\/\/hubertpietka.bialystok.pl\/index.php?rest_route=%2Fwp%2Fv2%2Fmedia&parent=7166"}],"curies":[{"name":"wp","href":"https:\/\/api.w.org\/{rel}","templated":true}]}}