{"id":717,"date":"2017-08-05T23:00:47","date_gmt":"2017-08-05T23:00:47","guid":{"rendered":"http:\/\/hubertpietka.bialystok.pl\/?page_id=717"},"modified":"2017-08-06T06:41:46","modified_gmt":"2017-08-06T06:41:46","slug":"nie-wazne","status":"publish","type":"page","link":"https:\/\/hubertpietka.bialystok.pl\/?page_id=717","title":{"rendered":"Nie wa\u017cne"},"content":{"rendered":"<p><strong>Nie wa\u017cne<\/strong><\/p>\n<p>&nbsp;<\/p>\n<p>nie wa\u017cne kim jeste\u015b<\/p>\n<p>nie wa\u017cne gdzie \u017cyjesz<\/p>\n<p>nie pogardzaj<\/p>\n<p>&nbsp;<\/p>\n<p>nie wa\u017cne za co<\/p>\n<p>nie wa\u017cne kiedy<\/p>\n<p>nie prze\u015bladuj<\/p>\n<p>&nbsp;<\/p>\n<p>nie wa\u017cne kogo<\/p>\n<p>nie wa\u017cne jak<\/p>\n<p>nie oczerniaj<\/p>\n<p>&nbsp;<\/p>\n<p>s\u0142uchaj patrz rozumiej<\/p>\n<p>&nbsp;<\/p>\n<p>\u017cyj trwaj ciesz si\u0119<\/p>\n<p>&nbsp;<\/p>\n<p>wygraj ze sob\u0105<\/p>\n<p>nie z reszt\u0105<\/p>\n<p>or\u0142em nie reszk\u0105<\/p>\n","protected":false},"excerpt":{"rendered":"<p>Nie wa\u017cne &nbsp; nie wa\u017cne kim jeste\u015b nie wa\u017cne gdzie \u017cyjesz nie pogardzaj &nbsp; nie wa\u017cne za co nie wa\u017cne kiedy nie prze\u015bladuj &nbsp; nie&hellip; <\/p>\n","protected":false},"author":1,"featured_media":0,"parent":0,"menu_order":0,"comment_status":"closed","ping_status":"closed","template":"","meta":{"footnotes":""},"class_list":["post-717","page","type-page","status-publish","hentry"],"_links":{"self":[{"href":"https:\/\/hubertpietka.bialystok.pl\/index.php?rest_route=\/wp\/v2\/pages\/717","targetHints":{"allow":["GET"]}}],"collection":[{"href":"https:\/\/hubertpietka.bialystok.pl\/index.php?rest_route=\/wp\/v2\/pages"}],"about":[{"href":"https:\/\/hubertpietka.bialystok.pl\/index.php?rest_route=\/wp\/v2\/types\/page"}],"author":[{"embeddable":true,"href":"https:\/\/hubertpietka.bialystok.pl\/index.php?rest_route=\/wp\/v2\/users\/1"}],"replies":[{"embeddable":true,"href":"https:\/\/hubertpietka.bialystok.pl\/index.php?rest_route=%2Fwp%2Fv2%2Fcomments&post=717"}],"version-history":[{"count":2,"href":"https:\/\/hubertpietka.bialystok.pl\/index.php?rest_route=\/wp\/v2\/pages\/717\/revisions"}],"predecessor-version":[{"id":727,"href":"https:\/\/hubertpietka.bialystok.pl\/index.php?rest_route=\/wp\/v2\/pages\/717\/revisions\/727"}],"wp:attachment":[{"href":"https:\/\/hubertpietka.bialystok.pl\/index.php?rest_route=%2Fwp%2Fv2%2Fmedia&parent=717"}],"curies":[{"name":"wp","href":"https:\/\/api.w.org\/{rel}","templated":true}]}}