{"id":7175,"date":"2023-06-01T08:07:51","date_gmt":"2023-06-01T08:07:51","guid":{"rendered":"http:\/\/hubertpietka.bialystok.pl\/?page_id=7175"},"modified":"2023-06-01T08:07:51","modified_gmt":"2023-06-01T08:07:51","slug":"ktos-taki-jak-ty","status":"publish","type":"page","link":"https:\/\/hubertpietka.bialystok.pl\/?page_id=7175","title":{"rendered":"Kto\u015b \/ taki jak ty"},"content":{"rendered":"<p><em><strong>Kto\u015b \/ taki jak ty<\/strong><\/em><\/p>\n<p><em>Bracie i siostro<\/em><br \/>\nNie os\u0105dzaj<br \/>\nBo nie wiesz<br \/>\nJakie czynniki<br \/>\nCho\u0107by chemiczne<br \/>\nWp\u0142ywaj\u0105 na cz\u0142owieka<br \/>\nI jak\u0105 tworz\u0105<br \/>\nW jego jestestwie wypadkow\u0105<\/p>\n<p>Dzi\u015b wspominamy \u015bw. *Just-yna*<br \/>\n*<em>Just<\/em> ty* czyli *tylko Ina*<br \/>\nSorry ale inaczej nie mog\u0119<br \/>\nA B\u00f3g poprowadzi<\/p>\n<p><a href=\"http:\/\/hubertpietka.bialystok.pl\/wp-content\/uploads\/2023\/06\/IMG_20230601_100129.jpg\"><img loading=\"lazy\" decoding=\"async\" class=\"alignnone size-thumbnail wp-image-7176\" src=\"http:\/\/hubertpietka.bialystok.pl\/wp-content\/uploads\/2023\/06\/IMG_20230601_100129-150x150.jpg\" alt=\"\" width=\"150\" height=\"150\" srcset=\"https:\/\/hubertpietka.bialystok.pl\/wp-content\/uploads\/2023\/06\/IMG_20230601_100129-150x150.jpg 150w, https:\/\/hubertpietka.bialystok.pl\/wp-content\/uploads\/2023\/06\/IMG_20230601_100129-75x75.jpg 75w\" sizes=\"auto, (max-width: 150px) 100vw, 150px\" \/><\/a><\/p>\n<p><strong>Na zdj. Naj\u015bwi\u0119tsze Serce Jezusa<\/strong><br \/>\n<strong> Przywo\u0142ywane w miesi\u0105cu <em>czerstwym<\/em> oby<\/strong><br \/>\n<strong> Najpokorniejsze Serce<\/strong><br \/>\n<strong> Czasem i po to<\/strong><br \/>\n<strong> R\u00f3\u017cne do\u015bwiadczenia poni\u017caj\u0105ce i trudne<\/strong><br \/>\n<strong> By pokora mog\u0142a wzrasta\u0107<\/strong><br \/>\n<strong> I by prze\u0142amywa\u0107 to co nie jest z Boga<\/strong><\/p>\n","protected":false},"excerpt":{"rendered":"<p>Kto\u015b \/ taki jak ty Bracie i siostro Nie os\u0105dzaj Bo nie wiesz Jakie czynniki Cho\u0107by chemiczne Wp\u0142ywaj\u0105 na cz\u0142owieka I jak\u0105 tworz\u0105 W jego&hellip; <\/p>\n","protected":false},"author":1,"featured_media":0,"parent":0,"menu_order":0,"comment_status":"closed","ping_status":"closed","template":"","meta":{"footnotes":""},"class_list":["post-7175","page","type-page","status-publish","hentry"],"_links":{"self":[{"href":"https:\/\/hubertpietka.bialystok.pl\/index.php?rest_route=\/wp\/v2\/pages\/7175","targetHints":{"allow":["GET"]}}],"collection":[{"href":"https:\/\/hubertpietka.bialystok.pl\/index.php?rest_route=\/wp\/v2\/pages"}],"about":[{"href":"https:\/\/hubertpietka.bialystok.pl\/index.php?rest_route=\/wp\/v2\/types\/page"}],"author":[{"embeddable":true,"href":"https:\/\/hubertpietka.bialystok.pl\/index.php?rest_route=\/wp\/v2\/users\/1"}],"replies":[{"embeddable":true,"href":"https:\/\/hubertpietka.bialystok.pl\/index.php?rest_route=%2Fwp%2Fv2%2Fcomments&post=7175"}],"version-history":[{"count":1,"href":"https:\/\/hubertpietka.bialystok.pl\/index.php?rest_route=\/wp\/v2\/pages\/7175\/revisions"}],"predecessor-version":[{"id":7177,"href":"https:\/\/hubertpietka.bialystok.pl\/index.php?rest_route=\/wp\/v2\/pages\/7175\/revisions\/7177"}],"wp:attachment":[{"href":"https:\/\/hubertpietka.bialystok.pl\/index.php?rest_route=%2Fwp%2Fv2%2Fmedia&parent=7175"}],"curies":[{"name":"wp","href":"https:\/\/api.w.org\/{rel}","templated":true}]}}