{"id":7182,"date":"2023-06-01T21:28:11","date_gmt":"2023-06-01T21:28:11","guid":{"rendered":"http:\/\/hubertpietka.bialystok.pl\/?page_id=7182"},"modified":"2023-06-04T13:09:03","modified_gmt":"2023-06-04T13:09:03","slug":"jezdzcy-apokalipsy","status":"publish","type":"page","link":"https:\/\/hubertpietka.bialystok.pl\/?page_id=7182","title":{"rendered":"Je\u017ad\u017acy Apokalipsy"},"content":{"rendered":"<p><b>Je\u017ad\u017acy Apokalipsy<\/b><\/p>\n<p style=\"text-align: right;\"><i><span style=\"font-weight: 400;\">I z czterech stron wypad\u0142y na mnie cztery go\u0144cze psy<\/span><\/i><br \/>\nKaczmarski Jacek &#8211; Ob\u0142awa<\/p>\n<p><b>I<\/b><span style=\"font-weight: 400;\"><em> (Zezwierz\u0119cenie<\/em>)<\/span><br \/>\n<span style=\"font-weight: 400;\">Zaszczute zwierz\u0119<\/span><br \/>\n<span style=\"font-weight: 400;\">Szamocz\u0105ce si\u0119<\/span><br \/>\n<span style=\"font-weight: 400;\">W potrzasku<\/span><\/p>\n<p><span style=\"font-weight: 400;\">I wtedy przychodzi spok\u00f3j<\/span><br \/>\n<span style=\"font-weight: 400;\">Gdy one ju\u017c mnie prawie zagryz\u0142y<\/span><br \/>\n<span style=\"font-weight: 400;\">Lub<\/span><br \/>\n<span style=\"font-weight: 400;\">Wyrywam si\u0119<\/span><br \/>\n<span style=\"font-weight: 400;\">Z nieopisanym wrzaskiem<\/span><\/p>\n<p><span style=\"font-weight: 400;\">W potwornym mechanizmie z\u0142a<\/span><br \/>\n<span style=\"font-weight: 400;\">Zostaje cz\u0119\u015b\u0107<\/span><br \/>\n<span style=\"font-weight: 400;\">Mojego ja<\/span><\/p>\n<p><b>II<\/b><span style=\"font-weight: 400;\"> (<em>Cyklon B<\/em>)<\/span><br \/>\n<span style=\"font-weight: 400;\">Id\u0119 pod wiatr<\/span><br \/>\n<span style=\"font-weight: 400;\">Wichura nawa\u0142nica i burza<\/span><br \/>\n<span style=\"font-weight: 400;\">Moczy moje ubranie<\/span><br \/>\n<span style=\"font-weight: 400;\">Za\u015blepia oczy<\/span><br \/>\n<span style=\"font-weight: 400;\">Nieme \u0142zy<\/span><br \/>\n<span style=\"font-weight: 400;\">Bezsilnej walki<\/span><\/p>\n<p><span style=\"font-weight: 400;\">Ustaj\u0119<\/span><br \/>\n<span style=\"font-weight: 400;\">B\u00f3l idzie ze mn\u0105<\/span><\/p>\n<p><b>III<\/b><span style=\"font-weight: 400;\"><em> (Hekatomba<\/em>)<\/span><br \/>\n<span style=\"font-weight: 400;\">Boj\u0119 si\u0119<\/span><br \/>\n<span style=\"font-weight: 400;\">Sam w p\u0119pku<\/span><br \/>\n<span style=\"font-weight: 400;\">Roztrzaskanego \u015bwiata<\/span><br \/>\n<span style=\"font-weight: 400;\">Tylko trupy<\/span><br \/>\n<span style=\"font-weight: 400;\">Wspomnie\u0144 wok\u00f3\u0142<\/span><\/p>\n<p><b>IV<\/b><span style=\"font-weight: 400;\"> (<em>Para-moja<\/em>)<\/span><br \/>\n<span style=\"font-weight: 400;\">Strach jednoczy si\u0119 z ca\u0142ym b\u00f3lem \u015bwiata<\/span><br \/>\n<span style=\"font-weight: 400;\">Nie ma nic<\/span><br \/>\n<span style=\"font-weight: 400;\">Nie ma mnie<\/span><\/p>\n<p><span style=\"font-weight: 400;\">J\u0119k zgie\u0142k cierpienie<\/span><br \/>\n<span style=\"font-weight: 400;\">Bezsilne dr\u017cenie<\/span><br \/>\n<span style=\"font-weight: 400;\">I rz\u0119\u017cenie<\/span><\/p>\n<p><i><span style=\"font-weight: 400;\">Exodus<\/span><\/i><br \/>\n<span style=\"font-weight: 400;\">Nie zostanie nic<\/span><br \/>\n<span style=\"font-weight: 400;\">Nawet strach ugrz\u0119\u017anie w snach<\/span><\/p>\n<p><span style=\"font-weight: 400;\"><a href=\"https:\/\/youtu.be\/iGz8xw3bEQY\"><em><strong>Kult &#8211; Je\u017ad\u017acy<\/strong><\/em><\/a><br \/>\n<\/span><\/p>\n<p style=\"text-align: center;\">\/<\/p>\n<p style=\"text-align: center;\">I ani mi Ani<br \/>\nI ani mi nic<\/p>\n<p style=\"text-align: right;\"><a href=\"https:\/\/youtu.be\/TX1wQXioZuU\"><em><strong>Luxtorpeda &#8211; Persona non grata<\/strong><\/em><\/a><\/p>\n","protected":false},"excerpt":{"rendered":"<p>Je\u017ad\u017acy Apokalipsy I z czterech stron wypad\u0142y na mnie cztery go\u0144cze psy Kaczmarski Jacek &#8211; Ob\u0142awa I (Zezwierz\u0119cenie) Zaszczute zwierz\u0119 Szamocz\u0105ce si\u0119 W potrzasku I&hellip; <\/p>\n","protected":false},"author":1,"featured_media":0,"parent":0,"menu_order":0,"comment_status":"closed","ping_status":"closed","template":"","meta":{"footnotes":""},"class_list":["post-7182","page","type-page","status-publish","hentry"],"_links":{"self":[{"href":"https:\/\/hubertpietka.bialystok.pl\/index.php?rest_route=\/wp\/v2\/pages\/7182","targetHints":{"allow":["GET"]}}],"collection":[{"href":"https:\/\/hubertpietka.bialystok.pl\/index.php?rest_route=\/wp\/v2\/pages"}],"about":[{"href":"https:\/\/hubertpietka.bialystok.pl\/index.php?rest_route=\/wp\/v2\/types\/page"}],"author":[{"embeddable":true,"href":"https:\/\/hubertpietka.bialystok.pl\/index.php?rest_route=\/wp\/v2\/users\/1"}],"replies":[{"embeddable":true,"href":"https:\/\/hubertpietka.bialystok.pl\/index.php?rest_route=%2Fwp%2Fv2%2Fcomments&post=7182"}],"version-history":[{"count":3,"href":"https:\/\/hubertpietka.bialystok.pl\/index.php?rest_route=\/wp\/v2\/pages\/7182\/revisions"}],"predecessor-version":[{"id":7210,"href":"https:\/\/hubertpietka.bialystok.pl\/index.php?rest_route=\/wp\/v2\/pages\/7182\/revisions\/7210"}],"wp:attachment":[{"href":"https:\/\/hubertpietka.bialystok.pl\/index.php?rest_route=%2Fwp%2Fv2%2Fmedia&parent=7182"}],"curies":[{"name":"wp","href":"https:\/\/api.w.org\/{rel}","templated":true}]}}