{"id":7189,"date":"2023-06-03T10:34:06","date_gmt":"2023-06-03T10:34:06","guid":{"rendered":"http:\/\/hubertpietka.bialystok.pl\/?page_id=7189"},"modified":"2023-06-04T14:35:08","modified_gmt":"2023-06-04T14:35:08","slug":"fatimskie-oredzie-miec-na-wzgledzie","status":"publish","type":"page","link":"https:\/\/hubertpietka.bialystok.pl\/?page_id=7189","title":{"rendered":"Fatimskie or\u0119dzie \/ mie\u0107 na wzgl\u0119dzie"},"content":{"rendered":"<p><em><strong>Fatimskie or\u0119dzie \/ mie\u0107 na wzgl\u0119dzie\u00a0<\/strong><\/em><\/p>\n<p>A je\u015bli ostateczny b\u00f3j<br \/>\nSzatana i jego dzieci<br \/>\nZ kr\u00f3lestwem Bo\u017cym<br \/>\nWed\u0142ug s\u0142\u00f3w Matki Bo\u017cej Fatimskiej<br \/>\nMa si\u0119 rozgrywa\u0107<br \/>\nO konkretne ma\u0142\u017ce\u0144stwo<br \/>\nI o konkretn\u0105 rodzin\u0119<br \/>\nA nie tylko jaki\u015b paradygmat<br \/>\nKonkretne a\u017c na wskro\u015b<\/p>\n<p>Czy\u017c nie mam racji<br \/>\n\u017be byle tylko pretekst<br \/>\nTak z \u017con\u0105<br \/>\nNiewa\u017cne jaki<br \/>\n\u017beby tylko m\u0119\u017ca pozbawi\u0107 wsparcia<\/p>\n<p>I je\u015bli cokolwieczuniek nawet<br \/>\nTo b\u0119dzie taki \u017ce hej zrobiony porz\u0105dek<br \/>\nNie przeze mnie przez Boga<br \/>\nJa jestem tylko narz\u0119dziem<\/p>\n<p><em>Dzi\u015b pierwsza sobota miesi\u0105ca<\/em><br \/>\n<em> Partycypacja fatimskiego ogl\u0105du<\/em><br \/>\n<em> Ka\u017cdy musi odpowiedzie\u0107 sobie<\/em><br \/>\n<em> Z kim mu po drodze<\/em><br \/>\n<em> Z szatanem czy z Bogiem<\/em><\/p>\n<p><a href=\"http:\/\/hubertpietka.bialystok.pl\/wp-content\/uploads\/2023\/06\/IMG_20230603_120107.jpg\"><img loading=\"lazy\" decoding=\"async\" class=\"alignnone size-thumbnail wp-image-7190\" src=\"http:\/\/hubertpietka.bialystok.pl\/wp-content\/uploads\/2023\/06\/IMG_20230603_120107-150x150.jpg\" alt=\"\" width=\"150\" height=\"150\" srcset=\"https:\/\/hubertpietka.bialystok.pl\/wp-content\/uploads\/2023\/06\/IMG_20230603_120107-150x150.jpg 150w, https:\/\/hubertpietka.bialystok.pl\/wp-content\/uploads\/2023\/06\/IMG_20230603_120107-75x75.jpg 75w\" sizes=\"auto, (max-width: 150px) 100vw, 150px\" \/><\/a><\/p>\n<p><strong>Na zdj. Fatimska Pani i dzieci Bo\u017ce<\/strong><br \/>\n<strong>Oraz \u015bw. Jan Pawe\u0142 II<\/strong><br \/>\n<strong> I je\u015bli cokolwieczuniek<\/strong><br \/>\n<strong> Z nami naszymi i naszym<\/strong><br \/>\n<strong> To szybko zobacz\u0105<\/strong><br \/>\n<strong> A szczeg\u00f3lnie z ni\u0105 i ze mn\u0105<\/strong><br \/>\n<strong> W ci\u0105gu trzech dni<\/strong><br \/>\n<strong> Nie wierz\u0105 to zobacz\u0105<\/strong><br \/>\n<strong> <em>\u017be a\u017c im ga\u0142y wyjd\u0105<\/em><\/strong><\/p>\n<p style=\"text-align: center;\"><a href=\"https:\/\/youtu.be\/yk0X4USMbds\"><em><strong>Maryja \u015bliczna Pani<\/strong><\/em><\/a><\/p>\n","protected":false},"excerpt":{"rendered":"<p>Fatimskie or\u0119dzie \/ mie\u0107 na wzgl\u0119dzie\u00a0 A je\u015bli ostateczny b\u00f3j Szatana i jego dzieci Z kr\u00f3lestwem Bo\u017cym Wed\u0142ug s\u0142\u00f3w Matki Bo\u017cej Fatimskiej Ma si\u0119 rozgrywa\u0107&hellip; <\/p>\n","protected":false},"author":1,"featured_media":0,"parent":0,"menu_order":0,"comment_status":"closed","ping_status":"closed","template":"","meta":{"footnotes":""},"class_list":["post-7189","page","type-page","status-publish","hentry"],"_links":{"self":[{"href":"https:\/\/hubertpietka.bialystok.pl\/index.php?rest_route=\/wp\/v2\/pages\/7189","targetHints":{"allow":["GET"]}}],"collection":[{"href":"https:\/\/hubertpietka.bialystok.pl\/index.php?rest_route=\/wp\/v2\/pages"}],"about":[{"href":"https:\/\/hubertpietka.bialystok.pl\/index.php?rest_route=\/wp\/v2\/types\/page"}],"author":[{"embeddable":true,"href":"https:\/\/hubertpietka.bialystok.pl\/index.php?rest_route=\/wp\/v2\/users\/1"}],"replies":[{"embeddable":true,"href":"https:\/\/hubertpietka.bialystok.pl\/index.php?rest_route=%2Fwp%2Fv2%2Fcomments&post=7189"}],"version-history":[{"count":3,"href":"https:\/\/hubertpietka.bialystok.pl\/index.php?rest_route=\/wp\/v2\/pages\/7189\/revisions"}],"predecessor-version":[{"id":7235,"href":"https:\/\/hubertpietka.bialystok.pl\/index.php?rest_route=\/wp\/v2\/pages\/7189\/revisions\/7235"}],"wp:attachment":[{"href":"https:\/\/hubertpietka.bialystok.pl\/index.php?rest_route=%2Fwp%2Fv2%2Fmedia&parent=7189"}],"curies":[{"name":"wp","href":"https:\/\/api.w.org\/{rel}","templated":true}]}}