{"id":7236,"date":"2023-06-04T18:19:58","date_gmt":"2023-06-04T18:19:58","guid":{"rendered":"http:\/\/hubertpietka.bialystok.pl\/?page_id=7236"},"modified":"2023-06-04T18:19:58","modified_gmt":"2023-06-04T18:19:58","slug":"ciezarowiec-prosty-nie-muskularny-fikusnik","status":"publish","type":"page","link":"https:\/\/hubertpietka.bialystok.pl\/?page_id=7236","title":{"rendered":"Ci\u0119\u017carowiec prosty \/ nie muskularny fiku\u015bnik"},"content":{"rendered":"<p><em><strong>Ci\u0119\u017carowiec prosty \/ nie muskularny fiku\u015bnik<\/strong><\/em><\/p>\n<p><strong>A najlepiej na \u015bmier\u0107 i od razu<\/strong><br \/>\n<strong> Z moj\u0105 \u017con\u0105 ze mn\u0105<\/strong><br \/>\n<strong> Z nami naszymi i naszym<\/strong><br \/>\n<strong> Jak nie misiaki<\/strong><br \/>\n<strong> Takie czy inne owakie<\/strong><\/p>\n<p>D\u017awigam stale 100 kilow\u0105 sztang\u0119<br \/>\nMam j\u0105 na plecach zawsze<br \/>\nCzy jem czy chodz\u0119 czy te\u017c \u015bpi\u0119<br \/>\nNie nie uskar\u017cam si\u0119 nie<br \/>\nInni maj\u0105 mo\u017ce ci\u0119\u017csze<\/p>\n<p>Dzi\u0119ki misiom kochanym moje ci\u0119\u017cary<br \/>\nProsz\u0119 wybaczy\u0107 ale tak w\u0142a\u015bnie<br \/>\nJedyn\u0105 ulg\u0105 modlitwa<br \/>\nBo wtedy sztanga<br \/>\nWspiera si\u0119 na dr\u0105\u017ckach wiary<\/p>\n<p><em>I jeszcze \u017cal maj\u0105 mo\u017ce<\/em><br \/>\n<em> \u017be nie d\u017awigam jej z wdzi\u0119kiem gracj\u0105<\/em><br \/>\n<em> W\u0142a\u015bciw\u0105 dla kobiet mojej \u017cony cho\u0107by sorry<\/em><br \/>\n<em> Albo \u017ce ten *kultury-sta*<\/em><br \/>\n<em> Nie ma *kultury na ustach*<\/em><\/p>\n<p><a href=\"http:\/\/hubertpietka.bialystok.pl\/wp-content\/uploads\/2023\/06\/IMG_20230604_195015.jpg\"><img loading=\"lazy\" decoding=\"async\" class=\"alignnone size-thumbnail wp-image-7237\" src=\"http:\/\/hubertpietka.bialystok.pl\/wp-content\/uploads\/2023\/06\/IMG_20230604_195015-150x150.jpg\" alt=\"\" width=\"150\" height=\"150\" srcset=\"https:\/\/hubertpietka.bialystok.pl\/wp-content\/uploads\/2023\/06\/IMG_20230604_195015-150x150.jpg 150w, https:\/\/hubertpietka.bialystok.pl\/wp-content\/uploads\/2023\/06\/IMG_20230604_195015-75x75.jpg 75w\" sizes=\"auto, (max-width: 150px) 100vw, 150px\" \/><\/a><\/p>\n<p><strong>Na zdj. <em>Kurde bele<\/em> dla byd\u0142a<\/strong><br \/>\n<strong> Jak ich roznosi energia<\/strong><br \/>\n<strong> I nie maj\u0105 takich ci\u0119\u017car\u00f3w<\/strong><br \/>\n<strong> To cho\u0107by niech se takie bele poprzerzucaj\u0105<\/strong><br \/>\n<strong> Misiaczki kochane<\/strong><\/p>\n<p><strong>A nas zostawi\u0105 w spokoju<\/strong><br \/>\n<strong> Powiedzia\u0142bym <em>id\u017acie z Bogiem<\/em><\/strong><br \/>\n<strong> Ale to chyba tu i niezbyt trafione<\/strong><br \/>\n<strong> Tak si\u0119 sk\u0142ada \u017ce jako\u015b<\/strong><br \/>\n<strong> Trudno dogodzi\u0107 misiom<\/strong><\/p>\n<p><strong>Chocia\u017c \u015bmier\u0107 nasza zapewne<\/strong><br \/>\n<strong> Wysz\u0142aby temu naprzeciw<\/strong><br \/>\n<strong> Albo chocia\u017c jakie\u015b wi\u0119zienie<\/strong><br \/>\n<strong> Jak\u017ce\u017c misiaczki chc\u0105 niewiele<\/strong><br \/>\n<strong> I wtedy ju\u017c b\u0119dzie zapewne bardzo pi\u0119knie wsz\u0119dzie<\/strong><\/p>\n<p><strong>A jak nie po mnie<\/strong><br \/>\n<strong>To w nas naszych i w nasze<\/strong><br \/>\n<strong> A jak\u017ce<\/strong><br \/>\n<strong> Nie znosz\u0105 pr\u00f3\u017cni przecie\u017c misie<\/strong><\/p>\n","protected":false},"excerpt":{"rendered":"<p>Ci\u0119\u017carowiec prosty \/ nie muskularny fiku\u015bnik A najlepiej na \u015bmier\u0107 i od razu Z moj\u0105 \u017con\u0105 ze mn\u0105 Z nami naszymi i naszym Jak nie&hellip; <\/p>\n","protected":false},"author":1,"featured_media":0,"parent":0,"menu_order":0,"comment_status":"closed","ping_status":"closed","template":"","meta":{"footnotes":""},"class_list":["post-7236","page","type-page","status-publish","hentry"],"_links":{"self":[{"href":"https:\/\/hubertpietka.bialystok.pl\/index.php?rest_route=\/wp\/v2\/pages\/7236","targetHints":{"allow":["GET"]}}],"collection":[{"href":"https:\/\/hubertpietka.bialystok.pl\/index.php?rest_route=\/wp\/v2\/pages"}],"about":[{"href":"https:\/\/hubertpietka.bialystok.pl\/index.php?rest_route=\/wp\/v2\/types\/page"}],"author":[{"embeddable":true,"href":"https:\/\/hubertpietka.bialystok.pl\/index.php?rest_route=\/wp\/v2\/users\/1"}],"replies":[{"embeddable":true,"href":"https:\/\/hubertpietka.bialystok.pl\/index.php?rest_route=%2Fwp%2Fv2%2Fcomments&post=7236"}],"version-history":[{"count":1,"href":"https:\/\/hubertpietka.bialystok.pl\/index.php?rest_route=\/wp\/v2\/pages\/7236\/revisions"}],"predecessor-version":[{"id":7238,"href":"https:\/\/hubertpietka.bialystok.pl\/index.php?rest_route=\/wp\/v2\/pages\/7236\/revisions\/7238"}],"wp:attachment":[{"href":"https:\/\/hubertpietka.bialystok.pl\/index.php?rest_route=%2Fwp%2Fv2%2Fmedia&parent=7236"}],"curies":[{"name":"wp","href":"https:\/\/api.w.org\/{rel}","templated":true}]}}