{"id":7255,"date":"2023-06-12T07:12:50","date_gmt":"2023-06-12T07:12:50","guid":{"rendered":"http:\/\/hubertpietka.bialystok.pl\/?page_id=7255"},"modified":"2023-07-31T14:17:42","modified_gmt":"2023-07-31T14:17:42","slug":"dziekuje-ze-jestes","status":"publish","type":"page","link":"https:\/\/hubertpietka.bialystok.pl\/?page_id=7255","title":{"rendered":"Dzi\u0119kuj\u0119, \u017ce jeste\u015b"},"content":{"rendered":"<p><em><b>Dzi\u0119kuj\u0119, \u017ce jeste\u015b<\/b><\/em><\/p>\n<p><strong>I<\/strong><br \/>\n<span style=\"font-weight: 400;\">Jeste\u015b<\/span><br \/>\n<span style=\"font-weight: 400;\">Pere\u0142ko<\/span><br \/>\n<span style=\"font-weight: 400;\">Moim kotkiem<\/span><br \/>\n<span style=\"font-weight: 400;\">Ukochanym<\/span><br \/>\n<span style=\"font-weight: 400;\">Malutkim<\/span><\/p>\n<p><span style=\"font-weight: 400;\">Jeste\u015b<\/span><br \/>\n<span style=\"font-weight: 400;\">S\u0142oneczko<\/span><br \/>\n<span style=\"font-weight: 400;\">Moj\u0105 \u017cabk\u0105<\/span><br \/>\n<span style=\"font-weight: 400;\">Z bia\u0142\u0105\u00a0<\/span><br \/>\n<span style=\"font-weight: 400;\">\u0141apk\u0105<\/span><\/p>\n<p><span style=\"font-weight: 400;\">Jeste\u015b<\/span><br \/>\n<span style=\"font-weight: 400;\">Skarbe\u0144ku<\/span><br \/>\n<span style=\"font-weight: 400;\">Mym kwiatuszkiem<\/span><br \/>\n<span style=\"font-weight: 400;\">Podrapi\u0119 ci\u0119<\/span><br \/>\n<span style=\"font-weight: 400;\">Za uszkiem<\/span><\/p>\n<p><span style=\"font-weight: 400;\">Jeste\u015b serduszko<\/span><br \/>\n<span style=\"font-weight: 400;\">Pie\u015bni\u0105\u00a0<\/span><br \/>\n<span style=\"font-weight: 400;\">Mego trwania<\/span><br \/>\n<span style=\"font-weight: 400;\">Rozko\u0142ysania<\/span><\/p>\n<p><strong>II<\/strong><br \/>\n<span style=\"font-weight: 400;\">Jeste\u015b<\/span><br \/>\n<span style=\"font-weight: 400;\">To bardzo<\/span><br \/>\n<span style=\"font-weight: 400;\">Wiele<\/span><br \/>\n<span style=\"font-weight: 400;\">Reszt\u0119<\/span><br \/>\n<span style=\"font-weight: 400;\">Zostawi\u0119<\/span><br \/>\n<span style=\"font-weight: 400;\">W ko\u015bciele<\/span><\/p>\n<p><span style=\"font-weight: 400;\">I powierz\u0119<\/span><br \/>\n<span style=\"font-weight: 400;\">Ci\u0119 Bogu<\/span><br \/>\n<span style=\"font-weight: 400;\">Moja mi\u0142a<\/span><br \/>\n<span style=\"font-weight: 400;\">By\u015b ze mn\u0105<\/span><br \/>\n<span style=\"font-weight: 400;\">Zawsze by\u0142a<\/span><\/p>\n<p><span style=\"font-weight: 400;\">Dzi\u0119kuj\u0119<\/span><br \/>\n<span style=\"font-weight: 400;\">B\u0105d\u017a<\/span><br \/>\n<span style=\"font-weight: 400;\">Bym m\u00f3g\u0142<\/span><br \/>\n<span style=\"font-weight: 400;\">W niebo<\/span><br \/>\n<span style=\"font-weight: 400;\">Si\u0119 pi\u0105\u0107<\/span><\/p>\n<p><span style=\"font-weight: 400;\">Z tob\u0105<\/span><br \/>\n<span style=\"font-weight: 400;\">U boku<\/span><br \/>\n<span style=\"font-weight: 400;\">Krok po kroku<\/span><\/p>\n<p style=\"text-align: center;\"><span style=\"font-weight: 400;\"><a href=\"https:\/\/youtu.be\/KluzKnEapkA\"><em><strong>Wilki &#8211; Na zawsze i na wieczno\u015b\u0107<\/strong><\/em><\/a><br \/>\n<\/span><\/p>\n","protected":false},"excerpt":{"rendered":"<p>Dzi\u0119kuj\u0119, \u017ce jeste\u015b I Jeste\u015b Pere\u0142ko Moim kotkiem Ukochanym Malutkim Jeste\u015b S\u0142oneczko Moj\u0105 \u017cabk\u0105 Z bia\u0142\u0105\u00a0 \u0141apk\u0105 Jeste\u015b Skarbe\u0144ku Mym kwiatuszkiem Podrapi\u0119 ci\u0119 Za uszkiem&hellip; <\/p>\n","protected":false},"author":1,"featured_media":0,"parent":0,"menu_order":0,"comment_status":"closed","ping_status":"closed","template":"","meta":{"footnotes":""},"class_list":["post-7255","page","type-page","status-publish","hentry"],"_links":{"self":[{"href":"https:\/\/hubertpietka.bialystok.pl\/index.php?rest_route=\/wp\/v2\/pages\/7255","targetHints":{"allow":["GET"]}}],"collection":[{"href":"https:\/\/hubertpietka.bialystok.pl\/index.php?rest_route=\/wp\/v2\/pages"}],"about":[{"href":"https:\/\/hubertpietka.bialystok.pl\/index.php?rest_route=\/wp\/v2\/types\/page"}],"author":[{"embeddable":true,"href":"https:\/\/hubertpietka.bialystok.pl\/index.php?rest_route=\/wp\/v2\/users\/1"}],"replies":[{"embeddable":true,"href":"https:\/\/hubertpietka.bialystok.pl\/index.php?rest_route=%2Fwp%2Fv2%2Fcomments&post=7255"}],"version-history":[{"count":3,"href":"https:\/\/hubertpietka.bialystok.pl\/index.php?rest_route=\/wp\/v2\/pages\/7255\/revisions"}],"predecessor-version":[{"id":7372,"href":"https:\/\/hubertpietka.bialystok.pl\/index.php?rest_route=\/wp\/v2\/pages\/7255\/revisions\/7372"}],"wp:attachment":[{"href":"https:\/\/hubertpietka.bialystok.pl\/index.php?rest_route=%2Fwp%2Fv2%2Fmedia&parent=7255"}],"curies":[{"name":"wp","href":"https:\/\/api.w.org\/{rel}","templated":true}]}}