{"id":7261,"date":"2023-06-14T07:31:11","date_gmt":"2023-06-14T07:31:11","guid":{"rendered":"http:\/\/hubertpietka.bialystok.pl\/?page_id=7261"},"modified":"2023-07-31T14:21:14","modified_gmt":"2023-07-31T14:21:14","slug":"zawsze-razem","status":"publish","type":"page","link":"https:\/\/hubertpietka.bialystok.pl\/?page_id=7261","title":{"rendered":"Zawsze razem"},"content":{"rendered":"<p><b>Zawsze razem<\/b><\/p>\n<p><span style=\"font-weight: 400;\">Chcia\u0142bym<\/span><br \/>\n<span style=\"font-weight: 400;\">\u017beby<\/span><br \/>\n<span style=\"font-weight: 400;\">Na twoim<\/span><br \/>\n<span style=\"font-weight: 400;\">Oku<\/span><br \/>\n<span style=\"font-weight: 400;\">\u0141ezka<\/span><br \/>\n<span style=\"font-weight: 400;\">Sta\u0142a si\u0119<\/span><br \/>\n<span style=\"font-weight: 400;\">Niebieska<\/span><\/p>\n<p><span style=\"font-weight: 400;\">Chcia\u0142bym<\/span><br \/>\n<span style=\"font-weight: 400;\">\u017beby<\/span><br \/>\n<span style=\"font-weight: 400;\">Na twoim<\/span><br \/>\n<span style=\"font-weight: 400;\">Czole<\/span><br \/>\n<span style=\"font-weight: 400;\">Zmarszczki<\/span><br \/>\n<span style=\"font-weight: 400;\">Zamieni\u0142y si\u0119<\/span><br \/>\n<span style=\"font-weight: 400;\">W przylaszczki\u2713<\/span><\/p>\n<p><span style=\"font-weight: 400;\">Chcia\u0142bym<\/span><br \/>\n<span style=\"font-weight: 400;\">By twoje<\/span><br \/>\nZzi\u0119b\u0142e czasem<br \/>\n<span style=\"font-weight: 400;\">D\u0142onie<\/span><br \/>\n<span style=\"font-weight: 400;\">Przekszta\u0142ca\u0142y si\u0119<\/span><br \/>\n<span style=\"font-weight: 400;\">W powoje\u2713\u2713<\/span><\/p>\n<p><span style=\"font-weight: 400;\">Chcia\u0142bym<\/span><br \/>\n<span style=\"font-weight: 400;\">By twoje<\/span><br \/>\n<span style=\"font-weight: 400;\">Serce<\/span><br \/>\n<span style=\"font-weight: 400;\">Kiedy zm\u0119czone<\/span><br \/>\n<span style=\"font-weight: 400;\">Sko\u0142atane<\/span><br \/>\n<span style=\"font-weight: 400;\">Zmieni\u0142o si\u0119<\/span><br \/>\n<span style=\"font-weight: 400;\">W jasn\u0105 bram\u0119<\/span><\/p>\n<p><span style=\"font-weight: 400;\">Bram\u0119 mego<\/span><br \/>\n<span style=\"font-weight: 400;\">Ja do ciebie<\/span><br \/>\n<span style=\"font-weight: 400;\">By\u015bmy mogli<\/span><br \/>\n<span style=\"font-weight: 400;\">Nie \u017cy\u0107 w biedzie<\/span><br \/>\n<span style=\"font-weight: 400;\">Lecz po\u0142\u0105czy\u0107<\/span><br \/>\n<span style=\"font-weight: 400;\">Nasze losy<\/span><br \/>\n<span style=\"font-weight: 400;\">Na zawczasy<\/span><\/p>\n<p><span style=\"font-weight: 400;\">Na wsze czasy<\/span><br \/>\n<span style=\"font-weight: 400;\">Trwania<\/span><br \/>\n<span style=\"font-weight: 400;\">Dusz spalania<\/span><br \/>\n<span style=\"font-weight: 400;\">A\u017c do wyczerpania<\/span><\/p>\n<p style=\"text-align: center;\"><span style=\"font-weight: 400;\"><a href=\"https:\/\/youtu.be\/I3AzRVKPJlk\"><em><strong>Gdybym by\u0142 wichrem &#8211; Old Breakout<\/strong><\/em><\/a><br \/>\n<\/span><\/p>\n<p style=\"text-align: right;\">\u2713*Przylaszczki* moich *przyj\u015b\u0107* do ciebie<br \/>\n\u2713\u2713*Powoje* moje *po-dwoje* wzgl\u0119dem ciebie<br \/>\nTakie kwiatki oto moje<\/p>\n","protected":false},"excerpt":{"rendered":"<p>Zawsze razem Chcia\u0142bym \u017beby Na twoim Oku \u0141ezka Sta\u0142a si\u0119 Niebieska Chcia\u0142bym \u017beby Na twoim Czole Zmarszczki Zamieni\u0142y si\u0119 W przylaszczki\u2713 Chcia\u0142bym By twoje Zzi\u0119b\u0142e&hellip; <\/p>\n","protected":false},"author":1,"featured_media":0,"parent":0,"menu_order":0,"comment_status":"closed","ping_status":"closed","template":"","meta":{"footnotes":""},"class_list":["post-7261","page","type-page","status-publish","hentry"],"_links":{"self":[{"href":"https:\/\/hubertpietka.bialystok.pl\/index.php?rest_route=\/wp\/v2\/pages\/7261","targetHints":{"allow":["GET"]}}],"collection":[{"href":"https:\/\/hubertpietka.bialystok.pl\/index.php?rest_route=\/wp\/v2\/pages"}],"about":[{"href":"https:\/\/hubertpietka.bialystok.pl\/index.php?rest_route=\/wp\/v2\/types\/page"}],"author":[{"embeddable":true,"href":"https:\/\/hubertpietka.bialystok.pl\/index.php?rest_route=\/wp\/v2\/users\/1"}],"replies":[{"embeddable":true,"href":"https:\/\/hubertpietka.bialystok.pl\/index.php?rest_route=%2Fwp%2Fv2%2Fcomments&post=7261"}],"version-history":[{"count":2,"href":"https:\/\/hubertpietka.bialystok.pl\/index.php?rest_route=\/wp\/v2\/pages\/7261\/revisions"}],"predecessor-version":[{"id":7373,"href":"https:\/\/hubertpietka.bialystok.pl\/index.php?rest_route=\/wp\/v2\/pages\/7261\/revisions\/7373"}],"wp:attachment":[{"href":"https:\/\/hubertpietka.bialystok.pl\/index.php?rest_route=%2Fwp%2Fv2%2Fmedia&parent=7261"}],"curies":[{"name":"wp","href":"https:\/\/api.w.org\/{rel}","templated":true}]}}