{"id":7264,"date":"2023-06-14T10:27:21","date_gmt":"2023-06-14T10:27:21","guid":{"rendered":"http:\/\/hubertpietka.bialystok.pl\/?page_id=7264"},"modified":"2023-07-31T14:57:02","modified_gmt":"2023-07-31T14:57:02","slug":"przedziwne-sie-zapamietanie-misiaczkow-w-zlu-dla-nas","status":"publish","type":"page","link":"https:\/\/hubertpietka.bialystok.pl\/?page_id=7264","title":{"rendered":"Przedziwne si\u0119 zapami\u0119tanie misiaczk\u00f3w \/ w z\u0142u dla nas"},"content":{"rendered":"<p><em><strong>Przedziwne si\u0119 zapami\u0119tanie misiaczk\u00f3w \/ w z\u0142u dla nas\u00a0<\/strong><\/em><\/p>\n<p>Nie spoczn\u0105<br \/>\nDop\u00f3ki z\u0142a nam nie uczyni\u0105<br \/>\nTo przypomina przysi\u0119g\u0119 odwrotn\u0105<br \/>\nZ gruntu przeciwn\u0105 mi\u0142o\u015bci<\/p>\n<p>Jak nie w moj\u0105 \u017con\u0119<br \/>\nPo mnie<br \/>\nTo mo\u017ce w nasze mieszkanie<br \/>\nO samochody te\u017c ju\u017c do\u015b\u0107 d\u0142uga batalia<br \/>\nZawad\u0105 zwierz\u0119ta mog\u0105 by\u0107 nawet<br \/>\nByleby tylko zniszczy\u0107<br \/>\nNas nasze i naszych<br \/>\nCzy\u017c to nie cel g\u0142\u00f3wny<br \/>\nPrzedziwne w z\u0142u dla nas<br \/>\nSi\u0119 zapami\u0119tanie<\/p>\n<p><em>Przedziwna zawzi\u0119to\u015b\u0107 misiaczk\u00f3w<\/em><br \/>\n<em> Dzi\u015b b\u0142. Micha\u0142a *Koz-ala*<\/em><br \/>\n<em> Czy\u017c to nie jest zawzi\u0119to\u015b\u0107 *kozia azali\u017c*<\/em><br \/>\n<em> Bo odwrotno\u015b\u0107 dobra<\/em><br \/>\n<em> Ku z\u0142u byleby tylko nam<\/em><\/p>\n<p><em>Te zwierz\u0119ta nic nie winne<\/em><br \/>\n<em> Jako alegoria tutaj<\/em><br \/>\n<em> A taka totalna determinacja<\/em><br \/>\n<em> Przypomina hitlerowc\u00f3w polskich ksi\u0119\u017cy eksterminacje<\/em><br \/>\n<em> Przy okazji wspominanego patrona<\/em><\/p>\n<p><em><a href=\"http:\/\/hubertpietka.bialystok.pl\/wp-content\/uploads\/2023\/06\/IMG_20230614_121030.jpg\"><img loading=\"lazy\" decoding=\"async\" class=\"alignnone size-thumbnail wp-image-7265\" src=\"http:\/\/hubertpietka.bialystok.pl\/wp-content\/uploads\/2023\/06\/IMG_20230614_121030-150x150.jpg\" alt=\"\" width=\"150\" height=\"150\" srcset=\"https:\/\/hubertpietka.bialystok.pl\/wp-content\/uploads\/2023\/06\/IMG_20230614_121030-150x150.jpg 150w, https:\/\/hubertpietka.bialystok.pl\/wp-content\/uploads\/2023\/06\/IMG_20230614_121030-75x75.jpg 75w\" sizes=\"auto, (max-width: 150px) 100vw, 150px\" \/><\/a><\/em><\/p>\n<p><strong>Na zdj. Napis <em>Trzeba by\u0107 dobrym cz\u0142owiekiem<\/em><\/strong><br \/>\n<strong> Czy\u017c permanentne d\u0105\u017cenia ku z\u0142u dla nas<\/strong><br \/>\n<strong> Mog\u0105 by\u0107 tego wyrazem<\/strong><br \/>\n<strong> Czy na inn\u0105 prowieniencj\u0119 tego<\/strong><br \/>\n<strong> Wskazuj\u0105 one raczej<\/strong><\/p>\n<p><strong>To dotyczy te\u017c wszystkiego<\/strong><br \/>\n<strong>Co nas dotyczy<\/strong><br \/>\n<strong> Bo jak nie po mnie<\/strong><br \/>\n<strong> To w nas naszych nasze<\/strong><br \/>\n<strong> A mo\u017cna i wszystko razem<\/strong><\/p>\n<p style=\"text-align: center;\"><strong><a href=\"https:\/\/youtu.be\/btGejFkWr38\"><em>Czerwone Gitary &#8211; Nie spoczniemy<\/em><\/a><br \/>\n<\/strong><\/p>\n","protected":false},"excerpt":{"rendered":"<p>Przedziwne si\u0119 zapami\u0119tanie misiaczk\u00f3w \/ w z\u0142u dla nas\u00a0 Nie spoczn\u0105 Dop\u00f3ki z\u0142a nam nie uczyni\u0105 To przypomina przysi\u0119g\u0119 odwrotn\u0105 Z gruntu przeciwn\u0105 mi\u0142o\u015bci Jak&hellip; <\/p>\n","protected":false},"author":1,"featured_media":0,"parent":0,"menu_order":0,"comment_status":"closed","ping_status":"closed","template":"","meta":{"footnotes":""},"class_list":["post-7264","page","type-page","status-publish","hentry"],"_links":{"self":[{"href":"https:\/\/hubertpietka.bialystok.pl\/index.php?rest_route=\/wp\/v2\/pages\/7264","targetHints":{"allow":["GET"]}}],"collection":[{"href":"https:\/\/hubertpietka.bialystok.pl\/index.php?rest_route=\/wp\/v2\/pages"}],"about":[{"href":"https:\/\/hubertpietka.bialystok.pl\/index.php?rest_route=\/wp\/v2\/types\/page"}],"author":[{"embeddable":true,"href":"https:\/\/hubertpietka.bialystok.pl\/index.php?rest_route=\/wp\/v2\/users\/1"}],"replies":[{"embeddable":true,"href":"https:\/\/hubertpietka.bialystok.pl\/index.php?rest_route=%2Fwp%2Fv2%2Fcomments&post=7264"}],"version-history":[{"count":3,"href":"https:\/\/hubertpietka.bialystok.pl\/index.php?rest_route=\/wp\/v2\/pages\/7264\/revisions"}],"predecessor-version":[{"id":7384,"href":"https:\/\/hubertpietka.bialystok.pl\/index.php?rest_route=\/wp\/v2\/pages\/7264\/revisions\/7384"}],"wp:attachment":[{"href":"https:\/\/hubertpietka.bialystok.pl\/index.php?rest_route=%2Fwp%2Fv2%2Fmedia&parent=7264"}],"curies":[{"name":"wp","href":"https:\/\/api.w.org\/{rel}","templated":true}]}}