{"id":7273,"date":"2023-06-17T11:47:22","date_gmt":"2023-06-17T11:47:22","guid":{"rendered":"http:\/\/hubertpietka.bialystok.pl\/?page_id=7273"},"modified":"2023-07-31T15:04:52","modified_gmt":"2023-07-31T15:04:52","slug":"7273-2","status":"publish","type":"page","link":"https:\/\/hubertpietka.bialystok.pl\/?page_id=7273","title":{"rendered":"Wszystko zmia\u017cd\u017cy\u0107 chce \/ ten walec"},"content":{"rendered":"<p><em><strong>Wszystko zmia\u017cd\u017cy\u0107 chce \/ ten walec<\/strong><\/em><\/p>\n<p style=\"text-align: right;\"><em>Ka\u017cdy ma\u00a0prawo<\/em><br \/>\n<em> Prze\u017cywa\u0107 uczucia<\/em><br \/>\n<em> Tak\u017ce te trudne<\/em><br \/>\n<em> W\u00a0prawdzie<\/em><\/p>\n<p>Powiem wprost<br \/>\nMam ju\u017c do\u015b\u0107<\/p>\n<p>Na wszelkie mo\u017cliwe sposoby<br \/>\nPr\u00f3b zabicia mojej \u017cony<br \/>\nPr\u00f3b zabrania nam mieszkania<br \/>\nPr\u00f3b zabicia tego psa przez te puszczane luzem<\/p>\n<p>Estet\u00f3w kt\u00f3rzy chyba nie pami\u0119taj\u0105 o swoim wn\u0119trzu niestety<br \/>\nNa nasze samochody i dra\u0144skiego dro\u0144stwa misiak\u00f3w<br \/>\nGazowania nieustannie w stron\u0119 po\u017c\u0105danych efekt\u00f3w zewn\u0119trznych<\/p>\n<p>\u017be ju\u017c o sobie nie wspomn\u0119<br \/>\nO nasy\u0142anych cho\u0107by na mnie r\u00f3\u017cnych zbirach<br \/>\nI jedynie s\u0142usznej wyk\u0142adni misiak\u00f3w<br \/>\nZe szkod\u0105 dla nas<\/p>\n<p>Mam ju\u017c do\u015b\u0107<br \/>\nA wszystko to niestety<br \/>\nW spos\u00f3b bardzo ob\u0142udny<br \/>\nPrzebiega chyba jednak<br \/>\nBo niby pod pozorami innych rzeczy wy\u017cszych<\/p>\n<p>Mam ju\u017c do\u015b\u0107<br \/>\nCzy\u017c tylko mi nie wolno<br \/>\nNie tak a niby jak<br \/>\nW t\u0105 stron\u0119 ich niestety wszystkie dzia\u0142ania<br \/>\nI ich poplecznik\u00f3w<br \/>\nBy pozbawi\u0107 nas \u017cycia wolno\u015bci<br \/>\nNaszych bliskich i tego co do nas nale\u017cy<br \/>\nI co nam s\u0142u\u017cy<\/p>\n<p><a href=\"http:\/\/hubertpietka.bialystok.pl\/wp-content\/uploads\/2023\/06\/IMG_20230617_131459.jpg\"><img loading=\"lazy\" decoding=\"async\" class=\"alignnone size-thumbnail wp-image-7274\" src=\"http:\/\/hubertpietka.bialystok.pl\/wp-content\/uploads\/2023\/06\/IMG_20230617_131459-150x150.jpg\" alt=\"\" width=\"150\" height=\"150\" srcset=\"https:\/\/hubertpietka.bialystok.pl\/wp-content\/uploads\/2023\/06\/IMG_20230617_131459-150x150.jpg 150w, https:\/\/hubertpietka.bialystok.pl\/wp-content\/uploads\/2023\/06\/IMG_20230617_131459-75x75.jpg 75w\" sizes=\"auto, (max-width: 150px) 100vw, 150px\" \/><\/a><\/p>\n<p><strong>Na zdj. <em>Otocz nas Maryjo swoj\u0105 opiek\u0105<\/em><\/strong><br \/>\n<strong> Nieustannie otaczaj<\/strong><br \/>\n<strong> Bo stracimy siebie nasze naszych<\/strong><br \/>\n<strong> Wobec tak szeroko zakrojonej perfidii<\/strong><br \/>\n<strong> Uderzania nastawania i nagabywania niestety<\/strong><br \/>\n<strong> Nie jest \u0142atwo si\u0119 osta\u0107<\/strong><br \/>\n<strong> Nawet wewn\u0119trznie w tym wszystkim<\/strong><\/p>\n<p><strong>I tylko bunt czasem<\/strong><br \/>\n<strong> Dlaczego to na nas naszych i nasze<\/strong><br \/>\n<strong> I komu s\u0142u\u017c\u0105 w istocie tak szeroko zakrojone dzia\u0142ania<\/strong><br \/>\n<strong> Przeciwne dobru i niewinno\u015bci<\/strong><br \/>\n<strong> Mimo uczu\u0107 r\u00f3\u017cnych<\/strong><br \/>\n<strong> Nie jeste\u015bmy przecie\u017c z kamienia<\/strong><br \/>\n<strong> Komu to wszystko w istocie ma s\u0142u\u017cy\u0107<\/strong><br \/>\n<strong> Jakiej rzeczywisto\u015bci duchowej<\/strong><br \/>\n<strong> Skoro my s\u0142u\u017cymy Bogu<\/strong><br \/>\n<strong> Mimo r\u00f3\u017cnych emocji<\/strong><br \/>\n<strong> I naszej ludzkiej zwyczajnie n\u0119dzy<\/strong><\/p>\n<p style=\"text-align: center;\">(<a href=\"https:\/\/youtu.be\/n1w8DVxxEUo\"><em><strong> Stare Dobre Ma\u0142\u017ce\u0144stwo &#8211; Opad\u0142y mg\u0142y wstaje nowy dzie\u0144 <\/strong><\/em><\/a> )<\/p>\n","protected":false},"excerpt":{"rendered":"<p>Wszystko zmia\u017cd\u017cy\u0107 chce \/ ten walec Ka\u017cdy ma\u00a0prawo Prze\u017cywa\u0107 uczucia Tak\u017ce te trudne W\u00a0prawdzie Powiem wprost Mam ju\u017c do\u015b\u0107 Na wszelkie mo\u017cliwe sposoby Pr\u00f3b zabicia&hellip; <\/p>\n","protected":false},"author":1,"featured_media":0,"parent":0,"menu_order":0,"comment_status":"closed","ping_status":"closed","template":"","meta":{"footnotes":""},"class_list":["post-7273","page","type-page","status-publish","hentry"],"_links":{"self":[{"href":"https:\/\/hubertpietka.bialystok.pl\/index.php?rest_route=\/wp\/v2\/pages\/7273","targetHints":{"allow":["GET"]}}],"collection":[{"href":"https:\/\/hubertpietka.bialystok.pl\/index.php?rest_route=\/wp\/v2\/pages"}],"about":[{"href":"https:\/\/hubertpietka.bialystok.pl\/index.php?rest_route=\/wp\/v2\/types\/page"}],"author":[{"embeddable":true,"href":"https:\/\/hubertpietka.bialystok.pl\/index.php?rest_route=\/wp\/v2\/users\/1"}],"replies":[{"embeddable":true,"href":"https:\/\/hubertpietka.bialystok.pl\/index.php?rest_route=%2Fwp%2Fv2%2Fcomments&post=7273"}],"version-history":[{"count":3,"href":"https:\/\/hubertpietka.bialystok.pl\/index.php?rest_route=\/wp\/v2\/pages\/7273\/revisions"}],"predecessor-version":[{"id":7389,"href":"https:\/\/hubertpietka.bialystok.pl\/index.php?rest_route=\/wp\/v2\/pages\/7273\/revisions\/7389"}],"wp:attachment":[{"href":"https:\/\/hubertpietka.bialystok.pl\/index.php?rest_route=%2Fwp%2Fv2%2Fmedia&parent=7273"}],"curies":[{"name":"wp","href":"https:\/\/api.w.org\/{rel}","templated":true}]}}