{"id":7288,"date":"2023-06-22T10:23:29","date_gmt":"2023-06-22T10:23:29","guid":{"rendered":"http:\/\/hubertpietka.bialystok.pl\/?page_id=7288"},"modified":"2023-07-31T14:24:54","modified_gmt":"2023-07-31T14:24:54","slug":"osoby","status":"publish","type":"page","link":"https:\/\/hubertpietka.bialystok.pl\/?page_id=7288","title":{"rendered":"Osoby"},"content":{"rendered":"<p><em><b>Osoby<\/b><\/em><\/p>\n<p><span style=\"font-weight: 400;\">\u017bycie zna os\u00f3b wiele<\/span><br \/>\n<span style=\"font-weight: 400;\">cho\u0107 nie jeste\u015bmy ci sami<\/span><br \/>\n<span style=\"font-weight: 400;\">mo\u017cemy pi\u0119knie si\u0119 r\u00f3\u017cni\u0107<\/span><br \/>\n<span style=\"font-weight: 400;\">mieni\u0107 si\u0119 wieloma kolorami<\/span><\/p>\n<p><span style=\"font-weight: 400;\">\u017bycie ma postaci wiele<\/span><br \/>\n<span style=\"font-weight: 400;\">r\u00f3\u017cne ma imiona<\/span><br \/>\n<span style=\"font-weight: 400;\">r\u00f3\u017cne twarze<\/span><br \/>\n<span style=\"font-weight: 400;\">lecz mo\u017cemy w nich szuka\u0107<\/span><br \/>\n<span style=\"font-weight: 400;\">podobie\u0144stwa i przystawania<\/span><br \/>\n<span style=\"font-weight: 400;\">a nie ocenia\u0107 surowo<\/span><br \/>\n<span style=\"font-weight: 400;\">bez w\u0105tpliwo\u015bci cienia<\/span><\/p>\n<p><span style=\"font-weight: 400;\">ja to nie ty<\/span><br \/>\n<span style=\"font-weight: 400;\">ty to nie ja<\/span><br \/>\n<span style=\"font-weight: 400;\">lecz mo\u017cemy by\u0107 my<\/span><br \/>\n<span style=\"font-weight: 400;\">a dla was nie musimy<\/span><br \/>\n<span style=\"font-weight: 400;\">by\u0107 oni<\/span><\/p>\n<p><span style=\"font-weight: 400;\">wsp\u00f3lnie si\u0119 spe\u0142niajmy<\/span><br \/>\n<span style=\"font-weight: 400;\">realizujmy trwajmy<\/span><br \/>\n<span style=\"font-weight: 400;\">w pe\u0142no\u015bci i w zupe\u0142no\u015bci<\/span><br \/>\n<span style=\"font-weight: 400;\">kiedy\u015b si\u0119 rozpoznamy<\/span><br \/>\n<span style=\"font-weight: 400;\">i dope\u0142nimy<\/span><\/p>\n<p><span style=\"font-weight: 400;\">tymczasem<\/span><br \/>\n<span style=\"font-weight: 400;\">nie powinno nas<\/span><br \/>\n<span style=\"font-weight: 400;\">r\u00f3\u017cni\u0107 wsp\u00f3\u0142bycie<\/span><br \/>\n<span style=\"font-weight: 400;\">lecz pog\u0142\u0119bia\u0107<\/span><br \/>\n<span style=\"font-weight: 400;\">rozumienie<\/span><br \/>\n<span style=\"font-weight: 400;\">pe\u0142ni i istoty<\/span><br \/>\n<span style=\"font-weight: 400;\">cz\u0142owiecze\u0144stwa<\/span><\/p>\n<p><span style=\"font-weight: 400;\"><em><strong><a href=\"https:\/\/youtu.be\/oZjXkQLY9Rk\">Ty to ja &#8211; Anna Szyszka<\/a><\/strong><\/em><br \/>\n<\/span><\/p>\n<hr \/>\n<p><em>Ty to ja<\/em><br \/>\n<em> I w ca\u0142ej pe\u0142ni<\/em><br \/>\n<em> To w sakramencie ma\u0142\u017ce\u0144stwa wiernym<\/em><br \/>\n<em> Mimo r\u00f3\u017cnic i wzajemnej niedoskona\u0142o\u015bci<\/em><br \/>\nKomunia mi\u0142o\u015bci duchowa<\/p>\n<hr \/>\n<p><strong>Dlatego te\u017c szatan nienawidzi<\/strong><br \/>\n<strong>Wiernych ma\u0142\u017ce\u0144stw sakramentalnych<\/strong><br \/>\n<strong>Bo one s\u0105 typem<\/strong><br \/>\n<strong>Pe\u0142nej komunii eucharystycznej <\/strong><\/p>\n","protected":false},"excerpt":{"rendered":"<p>Osoby \u017bycie zna os\u00f3b wiele cho\u0107 nie jeste\u015bmy ci sami mo\u017cemy pi\u0119knie si\u0119 r\u00f3\u017cni\u0107 mieni\u0107 si\u0119 wieloma kolorami \u017bycie ma postaci wiele r\u00f3\u017cne ma imiona&hellip; <\/p>\n","protected":false},"author":1,"featured_media":0,"parent":0,"menu_order":0,"comment_status":"closed","ping_status":"closed","template":"","meta":{"footnotes":""},"class_list":["post-7288","page","type-page","status-publish","hentry"],"_links":{"self":[{"href":"https:\/\/hubertpietka.bialystok.pl\/index.php?rest_route=\/wp\/v2\/pages\/7288","targetHints":{"allow":["GET"]}}],"collection":[{"href":"https:\/\/hubertpietka.bialystok.pl\/index.php?rest_route=\/wp\/v2\/pages"}],"about":[{"href":"https:\/\/hubertpietka.bialystok.pl\/index.php?rest_route=\/wp\/v2\/types\/page"}],"author":[{"embeddable":true,"href":"https:\/\/hubertpietka.bialystok.pl\/index.php?rest_route=\/wp\/v2\/users\/1"}],"replies":[{"embeddable":true,"href":"https:\/\/hubertpietka.bialystok.pl\/index.php?rest_route=%2Fwp%2Fv2%2Fcomments&post=7288"}],"version-history":[{"count":4,"href":"https:\/\/hubertpietka.bialystok.pl\/index.php?rest_route=\/wp\/v2\/pages\/7288\/revisions"}],"predecessor-version":[{"id":7376,"href":"https:\/\/hubertpietka.bialystok.pl\/index.php?rest_route=\/wp\/v2\/pages\/7288\/revisions\/7376"}],"wp:attachment":[{"href":"https:\/\/hubertpietka.bialystok.pl\/index.php?rest_route=%2Fwp%2Fv2%2Fmedia&parent=7288"}],"curies":[{"name":"wp","href":"https:\/\/api.w.org\/{rel}","templated":true}]}}