{"id":7292,"date":"2023-06-23T09:00:44","date_gmt":"2023-06-23T09:00:44","guid":{"rendered":"http:\/\/hubertpietka.bialystok.pl\/?page_id=7292"},"modified":"2023-07-31T15:00:53","modified_gmt":"2023-07-31T15:00:53","slug":"ci-mali-pogardzani-a-prawdziwych-intencji-ludzkich-kompromitacja","status":"publish","type":"page","link":"https:\/\/hubertpietka.bialystok.pl\/?page_id=7292","title":{"rendered":"Ci mali pogardzani \/ a prawdziwych intencji ludzkich kompromitacja"},"content":{"rendered":"<p style=\"text-align: left;\"><em><strong>Ci mali pogardzani \/ a prawdziwych intencji ludzkich kompromitacja<\/strong><\/em><\/p>\n<p>Mo\u017ce i s\u0142usznie jeste\u015bmy pogardzani<br \/>\nWy wielcy my mali<br \/>\nMy staromodni zacofani katolicy<br \/>\nWy nowocze\u015bni post\u0119powi bezkompromisowi<br \/>\nI pewnie macie te\u017c swoich prorok\u00f3w nowomody<br \/>\nKt\u00f3rzy powiedz\u0105 co robi\u0107<br \/>\nInn\u0105 spraw\u0105 jest te\u017c zapewne<br \/>\nCo powiedzia\u0142 klasycznie Herbert<br \/>\n<em>\u017be pogarda powinna by\u0107<\/em><br \/>\n<em> Dla szpicl\u00f3w kat\u00f3w i tch\u00f3rzy<\/em><br \/>\nAle kt\u00f3\u017c by si\u0119 tym przejmowa\u0142 zbytnio<br \/>\nW tym tak nowoczesnym \u015bwiecie<br \/>\nWy przecie\u017c lepiej wszystko wiecie<\/p>\n<p>A tymczasem je\u015bli Bogu si\u0119 spodoba\u0142o niestety<br \/>\nWbrew temu \u015bwiatu<br \/>\nNa tych ma\u0142ych intencje r\u00f3\u017cne ludzi objawia\u0107<br \/>\nNiejako skompromitowa\u0107 ludzkie zap\u0119dy<br \/>\nTo co wtedy<br \/>\nJe\u015bli On jednak<br \/>\nTak jak i zapowiedzia\u0142<br \/>\nWyci\u0105gnie z tego konsekwencje<br \/>\nJe\u015bli ten \u015bwiat si\u0119 skompromituje ju\u017c kompletnie<br \/>\nAle przecie\u017c wy lepiej wiecie<br \/>\nNi\u017c B\u00f3g nawet<br \/>\nI prorok\u00f3w swoich te\u017c macie<\/p>\n<p><a href=\"http:\/\/hubertpietka.bialystok.pl\/wp-content\/uploads\/2023\/06\/IMG_20230623_104743.jpg\"><img loading=\"lazy\" decoding=\"async\" class=\"alignnone size-thumbnail wp-image-7293\" src=\"http:\/\/hubertpietka.bialystok.pl\/wp-content\/uploads\/2023\/06\/IMG_20230623_104743-150x150.jpg\" alt=\"\" width=\"150\" height=\"150\" srcset=\"https:\/\/hubertpietka.bialystok.pl\/wp-content\/uploads\/2023\/06\/IMG_20230623_104743-150x150.jpg 150w, https:\/\/hubertpietka.bialystok.pl\/wp-content\/uploads\/2023\/06\/IMG_20230623_104743-75x75.jpg 75w\" sizes=\"auto, (max-width: 150px) 100vw, 150px\" \/><\/a><\/p>\n<p><strong>Na zdj. <em>Ich g\u0142os si\u0119 rozchodzi po ca\u0142ej ziemi<\/em><\/strong><br \/>\n<strong> Bo nie by\u0142o to ukryte<\/strong><br \/>\n<strong> A je\u015bli B\u00f3g odpowie jednak<\/strong><br \/>\n<strong> To co wtedy<\/strong><\/p>\n<hr \/>\n<p><strong>I Ani mi ani<\/strong><br \/>\n<strong> To dotyczy jej nawet bardzo<\/strong><br \/>\n<strong> Podobnie z nami naszymi naszym<\/strong><br \/>\n<strong> I z r\u00f3\u017cnymi takimi owakimi na mnie<\/strong><br \/>\n<strong> Szubrawcami czy misie czy nie<\/strong><br \/>\n<strong> Bo jak inaczej nazwa\u0107<\/strong><br \/>\n<strong> Nastaj\u0105cych na bezbronnych<\/strong><\/p>\n<p style=\"text-align: center;\"><a href=\"https:\/\/youtu.be\/PZ83QIW_vSY\"><em><strong>Perfect &#8211; Nie p\u0142acz Ewka<\/strong><\/em><\/a><\/p>\n<p style=\"text-align: right;\"><a href=\"https:\/\/youtu.be\/Qj8Ins5mDaE\"><em><strong>Perfect &#8211; Niewiele ci mog\u0119 da\u0107<\/strong><\/em><\/a><\/p>\n","protected":false},"excerpt":{"rendered":"<p>Ci mali pogardzani \/ a prawdziwych intencji ludzkich kompromitacja Mo\u017ce i s\u0142usznie jeste\u015bmy pogardzani Wy wielcy my mali My staromodni zacofani katolicy Wy nowocze\u015bni post\u0119powi&hellip; <\/p>\n","protected":false},"author":1,"featured_media":0,"parent":0,"menu_order":0,"comment_status":"closed","ping_status":"closed","template":"","meta":{"footnotes":""},"class_list":["post-7292","page","type-page","status-publish","hentry"],"_links":{"self":[{"href":"https:\/\/hubertpietka.bialystok.pl\/index.php?rest_route=\/wp\/v2\/pages\/7292","targetHints":{"allow":["GET"]}}],"collection":[{"href":"https:\/\/hubertpietka.bialystok.pl\/index.php?rest_route=\/wp\/v2\/pages"}],"about":[{"href":"https:\/\/hubertpietka.bialystok.pl\/index.php?rest_route=\/wp\/v2\/types\/page"}],"author":[{"embeddable":true,"href":"https:\/\/hubertpietka.bialystok.pl\/index.php?rest_route=\/wp\/v2\/users\/1"}],"replies":[{"embeddable":true,"href":"https:\/\/hubertpietka.bialystok.pl\/index.php?rest_route=%2Fwp%2Fv2%2Fcomments&post=7292"}],"version-history":[{"count":3,"href":"https:\/\/hubertpietka.bialystok.pl\/index.php?rest_route=\/wp\/v2\/pages\/7292\/revisions"}],"predecessor-version":[{"id":7387,"href":"https:\/\/hubertpietka.bialystok.pl\/index.php?rest_route=\/wp\/v2\/pages\/7292\/revisions\/7387"}],"wp:attachment":[{"href":"https:\/\/hubertpietka.bialystok.pl\/index.php?rest_route=%2Fwp%2Fv2%2Fmedia&parent=7292"}],"curies":[{"name":"wp","href":"https:\/\/api.w.org\/{rel}","templated":true}]}}