{"id":7296,"date":"2023-06-24T17:40:03","date_gmt":"2023-06-24T17:40:03","guid":{"rendered":"http:\/\/hubertpietka.bialystok.pl\/?page_id=7296"},"modified":"2023-07-31T15:28:07","modified_gmt":"2023-07-31T15:28:07","slug":"wiernosc-malzenska-a-duch-swiety","status":"publish","type":"page","link":"https:\/\/hubertpietka.bialystok.pl\/?page_id=7296","title":{"rendered":"Wierno\u015b\u0107 ma\u0142\u017ce\u0144ska \/ a Duch \u015awi\u0119ty"},"content":{"rendered":"<p><em><strong>Wierno\u015b\u0107 ma\u0142\u017ce\u0144ska \/ a Duch \u015awi\u0119ty<\/strong><\/em><\/p>\n<p>Czy ma\u0142\u017ce\u0144stwo og\u00f3lnie rzecz ujmuj\u0105c<br \/>\nJest od razu doskona\u0142e<br \/>\nA ma\u0142\u017ce\u0144stwo sakramentalne<br \/>\nCzy\u017c nie polega na wzajemnym<br \/>\nSi\u0119 docieraniu<br \/>\nA czasem s\u0105 przy tym i zgrzyty<br \/>\nBo tworzy je dwoje r\u00f3\u017cnych odmiennych ludzi<br \/>\nW osobowo\u015bci i p\u0142ci<\/p>\n<p>Jednak jest ono ogromn\u0105 warto\u015bci\u0105<br \/>\nBo w nim dzia\u0142a tak\u017ce Duch Bo\u017cy<br \/>\nPomimo ludzkich niedoskona\u0142o\u015bci i s\u0142abo\u015bci<br \/>\nJe\u015bli trwa si\u0119 w wierno\u015bci<\/p>\n<p><a href=\"http:\/\/hubertpietka.bialystok.pl\/wp-content\/uploads\/2023\/06\/IMG_20230624_190440576.jpg\"><img loading=\"lazy\" decoding=\"async\" class=\"alignnone size-thumbnail wp-image-7297\" src=\"http:\/\/hubertpietka.bialystok.pl\/wp-content\/uploads\/2023\/06\/IMG_20230624_190440576-150x150.jpg\" alt=\"\" width=\"150\" height=\"150\" srcset=\"https:\/\/hubertpietka.bialystok.pl\/wp-content\/uploads\/2023\/06\/IMG_20230624_190440576-150x150.jpg 150w, https:\/\/hubertpietka.bialystok.pl\/wp-content\/uploads\/2023\/06\/IMG_20230624_190440576-75x75.jpg 75w\" sizes=\"auto, (max-width: 150px) 100vw, 150px\" \/><\/a><\/p>\n<p><em>Na zdj. \u015aw. Jan Chrzciciel i Jezus<\/em><br \/>\n<em> Oraz go\u0142\u0105bek Ducha \u015awi\u0119tego symbol<\/em><br \/>\n<em> Czy\u017c \u015bw. Jan Chrzciciel ryzykowa\u0142 by \u017cycie swoje<\/em><br \/>\n<em> Upominaj\u0105c Heroda \u017ce nie trwa w wierno\u015bci ma\u0142\u017ce\u0144skiej<\/em><br \/>\n<em> A nawet ludzi gorszy \u017cyj\u0105c z \u017con\u0105 swego brata<\/em><br \/>\n<em> Czy zrobi\u0142by to gdyby ma\u0142\u017ce\u0144stwo<\/em><br \/>\n<em> W zamy\u015ble Bo\u017cym nie by\u0142o wielk\u0105 warto\u015bci\u0105<\/em><\/p>\n<p><em>I chocia\u017c tworzy je dwoje ma\u0142ych ludzi<\/em><br \/>\n<em> To przy Bo\u017cej pomocy<\/em><br \/>\n<em> Z ka\u017cdego wiernego ma\u0142\u017ce\u0144stwa<\/em><br \/>\n<em> Mog\u0105 by\u0107 du\u017ce rzeczy<\/em><br \/>\n<em> I nie chodzi mi tu tylko o dzieci \ud83d\ude42<\/em><\/p>\n<p style=\"text-align: center;\"><a href=\"https:\/\/youtu.be\/-atClf_r0s8\"><em><strong>Jerry Heil &amp; Ochman &#8211; Bronia<\/strong><\/em><\/a><\/p>\n","protected":false},"excerpt":{"rendered":"<p>Wierno\u015b\u0107 ma\u0142\u017ce\u0144ska \/ a Duch \u015awi\u0119ty Czy ma\u0142\u017ce\u0144stwo og\u00f3lnie rzecz ujmuj\u0105c Jest od razu doskona\u0142e A ma\u0142\u017ce\u0144stwo sakramentalne Czy\u017c nie polega na wzajemnym Si\u0119 docieraniu&hellip; <\/p>\n","protected":false},"author":1,"featured_media":0,"parent":0,"menu_order":0,"comment_status":"closed","ping_status":"closed","template":"","meta":{"footnotes":""},"class_list":["post-7296","page","type-page","status-publish","hentry"],"_links":{"self":[{"href":"https:\/\/hubertpietka.bialystok.pl\/index.php?rest_route=\/wp\/v2\/pages\/7296","targetHints":{"allow":["GET"]}}],"collection":[{"href":"https:\/\/hubertpietka.bialystok.pl\/index.php?rest_route=\/wp\/v2\/pages"}],"about":[{"href":"https:\/\/hubertpietka.bialystok.pl\/index.php?rest_route=\/wp\/v2\/types\/page"}],"author":[{"embeddable":true,"href":"https:\/\/hubertpietka.bialystok.pl\/index.php?rest_route=\/wp\/v2\/users\/1"}],"replies":[{"embeddable":true,"href":"https:\/\/hubertpietka.bialystok.pl\/index.php?rest_route=%2Fwp%2Fv2%2Fcomments&post=7296"}],"version-history":[{"count":2,"href":"https:\/\/hubertpietka.bialystok.pl\/index.php?rest_route=\/wp\/v2\/pages\/7296\/revisions"}],"predecessor-version":[{"id":7391,"href":"https:\/\/hubertpietka.bialystok.pl\/index.php?rest_route=\/wp\/v2\/pages\/7296\/revisions\/7391"}],"wp:attachment":[{"href":"https:\/\/hubertpietka.bialystok.pl\/index.php?rest_route=%2Fwp%2Fv2%2Fmedia&parent=7296"}],"curies":[{"name":"wp","href":"https:\/\/api.w.org\/{rel}","templated":true}]}}