{"id":7303,"date":"2023-06-26T13:11:57","date_gmt":"2023-06-26T13:11:57","guid":{"rendered":"http:\/\/hubertpietka.bialystok.pl\/?page_id=7303"},"modified":"2023-06-26T13:17:30","modified_gmt":"2023-06-26T13:17:30","slug":"opus-dei-a-misiaczkowe-sluszne-terrorystyczne-zapedy","status":"publish","type":"page","link":"https:\/\/hubertpietka.bialystok.pl\/?page_id=7303","title":{"rendered":"Opus Dei \/ a misiaczkowe s\u0142uszne terrorystyczne zap\u0119dy"},"content":{"rendered":"<p><em><strong>Opus Dei \/ a misiaczkowe s\u0142uszne terrorystyczne zap\u0119dy\u00a0<\/strong><\/em><\/p>\n<p>Strasznie mamy grzechy ci\u0119\u017ckie<br \/>\nCa\u0142e szcz\u0119\u015bcie \u017ce misiaczki<br \/>\nNie maj\u0105 podobnych takich<br \/>\nA co tam grzechy<br \/>\nNajgorsze przest\u0119pstwa wobec misiowego pa\u0144stwa<\/p>\n<p>Przepraszam \u017ce nie jeste\u015bmy monumentalni<br \/>\nOczywi\u015bcie wed\u0142ug wyobra\u017ce\u0144 misiaczk\u00f3w<br \/>\nJednak zaryzykuj\u0119 si\u0119 powiedzie\u0107<br \/>\nCa\u0142e szcz\u0119\u015bcie \u017ce to B\u00f3g<br \/>\nA nie oni nas rze\u017abi\u0105<\/p>\n<p>I \u017ce <em>jeste\u015bmy z krwi i ko\u015bci<\/em><br \/>\nPe\u0142ni niedoskona\u0142o\u015bci<br \/>\nNie jak *mi-sie*<br \/>\nKt\u00f3rzy s\u0105 zapewne <em>perfekcyjni w ka\u017cdym calu<\/em><br \/>\nWydaje *mi si\u0119*<\/p>\n<p>Tutaj zagadka przyjacielu drogi<br \/>\nPowiedz co by\u015b zrobi\u0142<br \/>\nMasz puszk\u0119 po farbie<br \/>\nWodnej nie olejnej i u\u017cyty z ni\u0105 p\u0119dzel<br \/>\nMasz do wyboru<br \/>\nWrzuci\u0107 do odpad\u00f3w komunalnych<br \/>\nAle przecie\u017c nie wolno<br \/>\nBo to pozosta\u0142o\u015bci poremontowe<br \/>\nDorzuci\u0107 do odpad\u00f3w r\u00f3\u017cnych robotnik\u00f3w<br \/>\nAle nie chcia\u0142by\u015b tego robi\u0107<br \/>\nBez ich wiedzy<br \/>\nI ju\u017c te\u017c skorzysta\u0142e\u015b z ich uprzejmo\u015bci wcze\u015bniej<br \/>\nLub po prostu wrzuci\u0107 do og\u00f3lnego \u015bmietnika<br \/>\nGdzie l\u0105duj\u0105 r\u00f3\u017cne rzeczy<br \/>\nJak znam \u017cycie<br \/>\nI nie ma segregacji<br \/>\nTylko dobrze przyjacielu si\u0119 zastan\u00f3w<br \/>\nBo inspektor \u015bmieciowy<br \/>\nNa pewno dojdzie ci\u0119 znajdzie<br \/>\nA wtedy odpowiesz<br \/>\nZ pe\u0142n\u0105 surowo\u015bci\u0105 prawa<br \/>\nKwestie \u015bmieciowe s\u0105 przecie\u017c kluczowe<br \/>\nW czasach terroru pa\u0144stwa misi\u00f3w<\/p>\n<p>Czy\u017c nie mam racji<br \/>\n\u017be dla nich byle pretekst<br \/>\nI \u017ce oni nam spokoju nie dadz\u0105<br \/>\nZa wszystkie straszne przest\u0119pstwa<br \/>\nDoskonali to przecie\u017c kierowcy<br \/>\nGospodarze domowi i partnerzy zwi\u0105zk\u00f3w<br \/>\nNigdy nic z\u0142ego nie robi\u0105<br \/>\nNo poza tym mo\u017ce<br \/>\nCo nam i podobnym nam chc\u0105 zrobi\u0107<br \/>\nAle to zapewne przecie\u017c<br \/>\nJest warto\u015bci\u0105 wy\u017csz\u0105<br \/>\nWed\u0142ug jedynie s\u0142usznych wytycznych<\/p>\n<p><a href=\"http:\/\/hubertpietka.bialystok.pl\/wp-content\/uploads\/2023\/06\/IMG_20230626_142454.jpg\"><img loading=\"lazy\" decoding=\"async\" class=\"alignnone size-thumbnail wp-image-7304\" src=\"http:\/\/hubertpietka.bialystok.pl\/wp-content\/uploads\/2023\/06\/IMG_20230626_142454-150x150.jpg\" alt=\"\" width=\"150\" height=\"150\" srcset=\"https:\/\/hubertpietka.bialystok.pl\/wp-content\/uploads\/2023\/06\/IMG_20230626_142454-150x150.jpg 150w, https:\/\/hubertpietka.bialystok.pl\/wp-content\/uploads\/2023\/06\/IMG_20230626_142454-75x75.jpg 75w\" sizes=\"auto, (max-width: 150px) 100vw, 150px\" \/><\/a><\/p>\n<p><strong>Na zdj. J\u00f3zef Jezus Maryja<\/strong><br \/>\n<strong> Ratujcie nas przed nimi<\/strong><br \/>\n<strong> Bo zawsze co\u015b na nas znajd\u0105 misiaczki<\/strong><br \/>\n<strong> Trzeba tylko poszuka\u0107 troch\u0119<\/strong><br \/>\n<strong> I naci\u0105gane fakty przedstawi\u0107 w odpowiednim \u015bwietle<\/strong><\/p>\n<p><strong>Czy\u017c nie tak w\u0142a\u015bnie<\/strong><br \/>\n<strong> Dzi\u015b \u015bw. Jose Marii Escrivy<\/strong><br \/>\n<strong> Za\u0142o\u017cyciela <em>Opus Dei<\/em><\/strong><br \/>\n<strong> Prowad\u017a Panie to <em>Dzie\u0142o Bo\u017ce<\/em><\/strong><br \/>\n<strong> Bo to nie od nas tylko pochodzi<\/strong><br \/>\n<strong> By\u015bmy mogli spokojnie<\/strong><br \/>\n<strong> \u017by\u0107 pracowa\u0107 i si\u0119 modli\u0107<\/strong><br \/>\n<strong> Wbrew zaciek\u0142o\u015bci i z\u0142o\u015bci wszelakiej<\/strong><\/p>\n","protected":false},"excerpt":{"rendered":"<p>Opus Dei \/ a misiaczkowe s\u0142uszne terrorystyczne zap\u0119dy\u00a0 Strasznie mamy grzechy ci\u0119\u017ckie Ca\u0142e szcz\u0119\u015bcie \u017ce misiaczki Nie maj\u0105 podobnych takich A co tam grzechy Najgorsze&hellip; <\/p>\n","protected":false},"author":1,"featured_media":0,"parent":0,"menu_order":0,"comment_status":"closed","ping_status":"closed","template":"","meta":{"footnotes":""},"class_list":["post-7303","page","type-page","status-publish","hentry"],"_links":{"self":[{"href":"https:\/\/hubertpietka.bialystok.pl\/index.php?rest_route=\/wp\/v2\/pages\/7303","targetHints":{"allow":["GET"]}}],"collection":[{"href":"https:\/\/hubertpietka.bialystok.pl\/index.php?rest_route=\/wp\/v2\/pages"}],"about":[{"href":"https:\/\/hubertpietka.bialystok.pl\/index.php?rest_route=\/wp\/v2\/types\/page"}],"author":[{"embeddable":true,"href":"https:\/\/hubertpietka.bialystok.pl\/index.php?rest_route=\/wp\/v2\/users\/1"}],"replies":[{"embeddable":true,"href":"https:\/\/hubertpietka.bialystok.pl\/index.php?rest_route=%2Fwp%2Fv2%2Fcomments&post=7303"}],"version-history":[{"count":3,"href":"https:\/\/hubertpietka.bialystok.pl\/index.php?rest_route=\/wp\/v2\/pages\/7303\/revisions"}],"predecessor-version":[{"id":7308,"href":"https:\/\/hubertpietka.bialystok.pl\/index.php?rest_route=\/wp\/v2\/pages\/7303\/revisions\/7308"}],"wp:attachment":[{"href":"https:\/\/hubertpietka.bialystok.pl\/index.php?rest_route=%2Fwp%2Fv2%2Fmedia&parent=7303"}],"curies":[{"name":"wp","href":"https:\/\/api.w.org\/{rel}","templated":true}]}}