{"id":7309,"date":"2023-07-04T07:47:24","date_gmt":"2023-07-04T07:47:24","guid":{"rendered":"http:\/\/hubertpietka.bialystok.pl\/?page_id=7309"},"modified":"2023-07-31T15:34:33","modified_gmt":"2023-07-31T15:34:33","slug":"puk-puk-poki","status":"publish","type":"page","link":"https:\/\/hubertpietka.bialystok.pl\/?page_id=7309","title":{"rendered":"Puk puk \/ p\u00f3ki"},"content":{"rendered":"<p><em><strong>Puk puk \/ p\u00f3ki<\/strong><\/em><\/p>\n<p>My\u015blicie \u017ce mo\u017cecie<br \/>\nDecydowa\u0107 o naszym \u017cyciu<br \/>\nA je\u015bli \u015bmier\u0107 nasza<br \/>\nB\u0119dzie jednocze\u015bnie wasz\u0105 \u015bmierci\u0105<br \/>\nJak B\u00f3g powiedzia\u0142<br \/>\nI nawet je\u015bli w Boga ty nie wierzysz<br \/>\nTo co b\u0119dzie jak On zadzia\u0142a jednak odpowiednio<\/p>\n<p style=\"text-align: center;\"><a href=\"https:\/\/youtu.be\/HP7k-oGprCk\"><em><strong>Proletaryat &#8211; M\u00f3j czas<\/strong><\/em><\/a><\/p>\n<p>Podobno wojska wagnerowskie<br \/>\nUstawiaj\u0105 si\u0119 na granicy polskiej<br \/>\nNie poszed\u0142 *pucz* na Moskw\u0119<br \/>\nA raczej *pic* na wod\u0119 i fotomonta\u017c<br \/>\nTo mo\u017ce w t\u0105 stron\u0119<br \/>\nMa\u0142o im dymienia na Ukrainie<br \/>\nBo raczej na swych instrumentach<br \/>\nNie chc\u0105 oni gra\u0107 muzyki bliskobrzmi\u0105cej cho\u0107by Wagnera<\/p>\n<p><a href=\"http:\/\/hubertpietka.bialystok.pl\/wp-content\/uploads\/2023\/07\/IMG_20230704_093110.jpg\"><img loading=\"lazy\" decoding=\"async\" class=\"alignnone size-thumbnail wp-image-7310\" src=\"http:\/\/hubertpietka.bialystok.pl\/wp-content\/uploads\/2023\/07\/IMG_20230704_093110-150x150.jpg\" alt=\"\" width=\"150\" height=\"150\" srcset=\"https:\/\/hubertpietka.bialystok.pl\/wp-content\/uploads\/2023\/07\/IMG_20230704_093110-150x150.jpg 150w, https:\/\/hubertpietka.bialystok.pl\/wp-content\/uploads\/2023\/07\/IMG_20230704_093110-75x75.jpg 75w\" sizes=\"auto, (max-width: 150px) 100vw, 150px\" \/><\/a><\/p>\n<p><em>Na zdj. Nuty niejako na polskiej fladze<\/em><br \/>\n<em> Muzyka ma dobru s\u0142u\u017cy\u0107<\/em><br \/>\n<em> Kiedy *przemoc* pr\u00f3buje *przem\u00f3c*<\/em><br \/>\n<em> Bo\u017ce dopom\u00f3\u017c skutecznie si\u0119 oprze\u0107<\/em><\/p>\n<p style=\"text-align: right;\"><a href=\"https:\/\/youtu.be\/nYlAgl88ims\"><em><strong>Micha\u0142 Wi\u015bniewski i Etiennette Wi\u015bniewska &#8211; P\u00f3ki my \u017cyjemy<\/strong><\/em> <\/a><\/p>\n","protected":false},"excerpt":{"rendered":"<p>Puk puk \/ p\u00f3ki My\u015blicie \u017ce mo\u017cecie Decydowa\u0107 o naszym \u017cyciu A je\u015bli \u015bmier\u0107 nasza B\u0119dzie jednocze\u015bnie wasz\u0105 \u015bmierci\u0105 Jak B\u00f3g powiedzia\u0142 I nawet je\u015bli&hellip; <\/p>\n","protected":false},"author":1,"featured_media":0,"parent":0,"menu_order":0,"comment_status":"closed","ping_status":"closed","template":"","meta":{"footnotes":""},"class_list":["post-7309","page","type-page","status-publish","hentry"],"_links":{"self":[{"href":"https:\/\/hubertpietka.bialystok.pl\/index.php?rest_route=\/wp\/v2\/pages\/7309","targetHints":{"allow":["GET"]}}],"collection":[{"href":"https:\/\/hubertpietka.bialystok.pl\/index.php?rest_route=\/wp\/v2\/pages"}],"about":[{"href":"https:\/\/hubertpietka.bialystok.pl\/index.php?rest_route=\/wp\/v2\/types\/page"}],"author":[{"embeddable":true,"href":"https:\/\/hubertpietka.bialystok.pl\/index.php?rest_route=\/wp\/v2\/users\/1"}],"replies":[{"embeddable":true,"href":"https:\/\/hubertpietka.bialystok.pl\/index.php?rest_route=%2Fwp%2Fv2%2Fcomments&post=7309"}],"version-history":[{"count":3,"href":"https:\/\/hubertpietka.bialystok.pl\/index.php?rest_route=\/wp\/v2\/pages\/7309\/revisions"}],"predecessor-version":[{"id":7395,"href":"https:\/\/hubertpietka.bialystok.pl\/index.php?rest_route=\/wp\/v2\/pages\/7309\/revisions\/7395"}],"wp:attachment":[{"href":"https:\/\/hubertpietka.bialystok.pl\/index.php?rest_route=%2Fwp%2Fv2%2Fmedia&parent=7309"}],"curies":[{"name":"wp","href":"https:\/\/api.w.org\/{rel}","templated":true}]}}