{"id":7317,"date":"2023-07-06T07:59:04","date_gmt":"2023-07-06T07:59:04","guid":{"rendered":"http:\/\/hubertpietka.bialystok.pl\/?page_id=7317"},"modified":"2023-07-31T15:40:40","modified_gmt":"2023-07-31T15:40:40","slug":"misie-wszechmogace-w-totalnym-panstwie","status":"publish","type":"page","link":"https:\/\/hubertpietka.bialystok.pl\/?page_id=7317","title":{"rendered":"Misie wszechmog\u0105ce \/ w totalnym pa\u0144stwie"},"content":{"rendered":"<p><em><strong>Misie wszechmog\u0105ce \/ w totalnym pa\u0144stwie\u00a0<\/strong><\/em><\/p>\n<p>Zobacz Panie<br \/>\nMisie jak Ty wszechmog\u0105ce niemal<br \/>\nNie nie oni to przypadek<br \/>\nJak co\u015b si\u0119 stanie<br \/>\nZ nami naszymi lub naszym<br \/>\nAlbo tak by\u0107 mia\u0142o<br \/>\nNo a jak\u017ce<br \/>\nTylko czemu ka\u017c\u0105 sobie odkupywa\u0107<br \/>\nKa\u017cde z\u0142o kt\u00f3re ma by\u0107<br \/>\nNie nie wed\u0142ug nich<br \/>\nTak po prostu ma by\u0107<br \/>\nChyba zapomnieli biedaki<br \/>\n\u017be\u015b Ty ju\u017c \u015bwiat odkupi\u0142<br \/>\nAle czy\u017c oni Ci\u0119 o to prosili<br \/>\nCzy\u015b zapyta\u0142 ich o to<\/p>\n<p>Nie ma to te\u017c jak interpretowa\u0107 Bibli\u0119<br \/>\nNa sw\u00f3j partykularny u\u017cytek<br \/>\nI niestety nie ku dobru naszemu raczej<br \/>\nCo z tego \u017ce S\u0142owo Bo\u017ce<br \/>\nMa s\u0142u\u017cy\u0107 dobru pi\u0119knie prawdzie<br \/>\nMisie wiedz\u0105 lepiej<br \/>\n\u017be o mi\u0142o\u015bci w\u0142a\u015bciwie rozumianej<br \/>\nTo ju\u017c tu nawet i nie wspomn\u0119<\/p>\n<p><a href=\"http:\/\/hubertpietka.bialystok.pl\/wp-content\/uploads\/2023\/07\/IMG_20230706_094857.jpg\"><img loading=\"lazy\" decoding=\"async\" class=\"alignnone size-thumbnail wp-image-7318\" src=\"http:\/\/hubertpietka.bialystok.pl\/wp-content\/uploads\/2023\/07\/IMG_20230706_094857-150x150.jpg\" alt=\"\" width=\"150\" height=\"150\" srcset=\"https:\/\/hubertpietka.bialystok.pl\/wp-content\/uploads\/2023\/07\/IMG_20230706_094857-150x150.jpg 150w, https:\/\/hubertpietka.bialystok.pl\/wp-content\/uploads\/2023\/07\/IMG_20230706_094857-75x75.jpg 75w\" sizes=\"auto, (max-width: 150px) 100vw, 150px\" \/><\/a><\/p>\n<p>Na zdj. W *Koby\u0142ce* Jezus przytula dzieci\u0119<br \/>\nJe\u015bli jaka\u015b *koby\u0142ka* chodzi\u0107 zbytnio nie chce<br \/>\nW ich zaprz\u0119gu<br \/>\nTo na rze\u017a z ni\u0105<br \/>\nCzy\u017c to nie dotyczy<br \/>\nNas naszych bliskich<br \/>\nA z poet\u0105 kt\u00f3rego s\u0142owa<br \/>\nJednak chyba zbytnio im nie b\u0119d\u0105 le\u017ce\u0107<br \/>\nTo najlepiej jak w pewnym opowiadaniu Mro\u017cka<br \/>\n<em>Wspomnienia z m\u0142odo\u015bci<\/em><br \/>\nWorek na g\u0142ow\u0119 i do jedynie s\u0142usznej dziupli<br \/>\nCo nie pasuje misiom<br \/>\nTo tego przecie\u017c nie powinno i by\u0107<\/p>\n<p><a href=\"https:\/\/youtu.be\/0CSCTeU3_aU\"><em><strong>Schowaj mnie<\/strong><\/em><\/a><\/p>\n","protected":false},"excerpt":{"rendered":"<p>Misie wszechmog\u0105ce \/ w totalnym pa\u0144stwie\u00a0 Zobacz Panie Misie jak Ty wszechmog\u0105ce niemal Nie nie oni to przypadek Jak co\u015b si\u0119 stanie Z nami naszymi&hellip; <\/p>\n","protected":false},"author":1,"featured_media":0,"parent":0,"menu_order":0,"comment_status":"closed","ping_status":"closed","template":"","meta":{"footnotes":""},"class_list":["post-7317","page","type-page","status-publish","hentry"],"_links":{"self":[{"href":"https:\/\/hubertpietka.bialystok.pl\/index.php?rest_route=\/wp\/v2\/pages\/7317","targetHints":{"allow":["GET"]}}],"collection":[{"href":"https:\/\/hubertpietka.bialystok.pl\/index.php?rest_route=\/wp\/v2\/pages"}],"about":[{"href":"https:\/\/hubertpietka.bialystok.pl\/index.php?rest_route=\/wp\/v2\/types\/page"}],"author":[{"embeddable":true,"href":"https:\/\/hubertpietka.bialystok.pl\/index.php?rest_route=\/wp\/v2\/users\/1"}],"replies":[{"embeddable":true,"href":"https:\/\/hubertpietka.bialystok.pl\/index.php?rest_route=%2Fwp%2Fv2%2Fcomments&post=7317"}],"version-history":[{"count":2,"href":"https:\/\/hubertpietka.bialystok.pl\/index.php?rest_route=\/wp\/v2\/pages\/7317\/revisions"}],"predecessor-version":[{"id":7398,"href":"https:\/\/hubertpietka.bialystok.pl\/index.php?rest_route=\/wp\/v2\/pages\/7317\/revisions\/7398"}],"wp:attachment":[{"href":"https:\/\/hubertpietka.bialystok.pl\/index.php?rest_route=%2Fwp%2Fv2%2Fmedia&parent=7317"}],"curies":[{"name":"wp","href":"https:\/\/api.w.org\/{rel}","templated":true}]}}