{"id":732,"date":"2017-08-06T15:43:44","date_gmt":"2017-08-06T15:43:44","guid":{"rendered":"http:\/\/hubertpietka.bialystok.pl\/?page_id=732"},"modified":"2017-08-06T21:50:44","modified_gmt":"2017-08-06T21:50:44","slug":"8-krokow-dla-kandydatow-do-mi","status":"publish","type":"page","link":"https:\/\/hubertpietka.bialystok.pl\/?page_id=732","title":{"rendered":"8 krok\u00f3w do Maryi"},"content":{"rendered":"<p style=\"text-align: center;\"><strong>8 krok\u00f3w do Maryi<br \/>\n<\/strong><\/p>\n<p>&nbsp;<\/p>\n<ol>\n<li><strong> Modlitwa<\/strong><\/li>\n<\/ol>\n<p><em>\u00a0<\/em><\/p>\n<p><em>Maryjo,<\/em><\/p>\n<p><em>Totus Tuus, ca\u0142y jestem Tw\u00f3j i wszystko, co moje, wszyscy moi \u2013 s\u0105 Twoi.<\/em><\/p>\n<p><em>Oddaje Ci samego siebie, wszystkich moich bliskich, wszystkie moje sprawy, wszystko i wszystkich.<\/em><\/p>\n<p><em>Oddaj\u0119 Ci ca\u0142y Ko\u015bci\u00f3\u0142 \u015aw., papie\u017ca Franciszka, ca\u0142\u0105 Polsk\u0119, ca\u0142y \u015bwiat i wszystkich ludzi.<\/em><\/p>\n<p><em>Totus Tuus, ca\u0142y jestem Tw\u00f3j i wszyscy moi s\u0105 Twoi.<\/em><\/p>\n<p>&nbsp;<\/p>\n<ol start=\"2\">\n<li><strong> Zdrowa\u015b Mario\u2026<\/strong><\/li>\n<\/ol>\n<p>&#8211; poprzez t\u0105 modlitw\u0119 oddawa\u0107 wszystkich swoich bliskich, ludzi, kt\u00f3rych spotykamy na co dzie\u0144, wszystkich ludzi.<\/p>\n<p><em>\/Ty sama w nich dzia\u0142aj, b\u0105d\u017a wola Twoja.\/<\/em><\/p>\n<p><em>\u00a0<\/em><\/p>\n<ol start=\"3\">\n<li><strong> Chwa\u0142a Ojcu\u2026<\/strong><\/li>\n<\/ol>\n<p>&#8211; poprzez t\u0105 modlitw\u0119 dzi\u0119kowa\u0107 Bogu za wszystkie wydarzenia w moim \u017cyciu, i dobre, i z\u0142e.<\/p>\n<p><em>\/Za wszystko Ci dzi\u0119kuj\u0119.\/<\/em><\/p>\n<p>&nbsp;<\/p>\n<ol start=\"4\">\n<li><strong> B\u0142ogos\u0142awie\u0144stwo<\/strong><\/li>\n<\/ol>\n<p>&#8211; b\u0142ogos\u0142awi\u0107 w duchu wszystkich ludzi, kt\u00f3rzy s\u0105 obok mnie, bliskich i dalszych, wszystkich.<\/p>\n<p><em>\/B\u0142ogos\u0142awcie, nie z\u0142orzeczcie.\/<\/em><\/p>\n<p>&nbsp;<\/p>\n<ol start=\"5\">\n<li><strong> Przeprasza\u0107<\/strong><\/li>\n<\/ol>\n<p>&#8211; za grzechy moje i ca\u0142ego \u015bwiata.<\/p>\n<p><em>\/Modlitwa przeb\u0142agania, wynagradzaj\u0105ca.\/<\/em><\/p>\n<p>&nbsp;<\/p>\n<ol start=\"6\">\n<li><strong> Przyzywa\u0107 Ducha \u015aw.<\/strong><\/li>\n<\/ol>\n<p>&#8211; Przyjd\u017a, Duchu \u015awi\u0119ty, przyjd\u017a! Marana Tha! Przyjd\u017a, Panie Jezu!<\/p>\n<p><em>\/Niech zst\u0105pi Duch Tw\u00f3j, niech zst\u0105pi Duch Tw\u00f3j i odnowi oblicze ziemi, tej ziemi!\/<\/em><\/p>\n<p>&nbsp;<\/p>\n<ol start=\"7\">\n<li><strong> Modlitwa uwielbienia<\/strong><\/li>\n<\/ol>\n<p>&#8211; Uwielbiam Ci\u0119, Jezu, wys\u0142awiam, wywy\u017cszam! Tylko Ty jeste\u015b Bogiem! B\u0105d\u017a pochwalony! \u00a0B\u0105d\u017a uwielbiony! B\u0105d\u017a wywy\u017cszony! We wszystkim i we wszystkich!<\/p>\n<p>&nbsp;<\/p>\n<ol start=\"8\">\n<li><strong> Modlitwa woli<\/strong><\/li>\n<\/ol>\n<p>&#8211; B\u0105d\u017a wola Twoja, a nie moja, Bo\u017ce! Niech wszystko b\u0119dzie tak, jak Ty chcesz, a nie jak ja. Wszystko i wszystkich Ci oddaje, zawierzam. Ty sam w nich dzia\u0142aj! B\u0105d\u017a wola Twoja!<\/p>\n<p style=\"text-align: center;\"><em>\/Przemieniajcie si\u0119 w my\u015bleniu waszym.\/<\/em><\/p>\n<p style=\"text-align: center;\">\/Wykona\u0142o si\u0119.\/<\/p>\n<p><em>\u00a0<\/em><\/p>\n<p style=\"text-align: right;\">Pisano w Przemienienie Pa\u0144skie<\/p>\n<p style=\"text-align: right;\">06.08.2017 r.<\/p>\n<p style=\"text-align: right;\">\/we wspomnienie \u015bw. Oktawiana, biskupa Savony\/<\/p>\n","protected":false},"excerpt":{"rendered":"<p>8 krok\u00f3w do Maryi &nbsp; Modlitwa \u00a0 Maryjo, Totus Tuus, ca\u0142y jestem Tw\u00f3j i wszystko, co moje, wszyscy moi \u2013 s\u0105 Twoi. Oddaje Ci samego&hellip; <\/p>\n","protected":false},"author":1,"featured_media":0,"parent":0,"menu_order":0,"comment_status":"closed","ping_status":"closed","template":"","meta":{"footnotes":""},"class_list":["post-732","page","type-page","status-publish","hentry"],"_links":{"self":[{"href":"https:\/\/hubertpietka.bialystok.pl\/index.php?rest_route=\/wp\/v2\/pages\/732","targetHints":{"allow":["GET"]}}],"collection":[{"href":"https:\/\/hubertpietka.bialystok.pl\/index.php?rest_route=\/wp\/v2\/pages"}],"about":[{"href":"https:\/\/hubertpietka.bialystok.pl\/index.php?rest_route=\/wp\/v2\/types\/page"}],"author":[{"embeddable":true,"href":"https:\/\/hubertpietka.bialystok.pl\/index.php?rest_route=\/wp\/v2\/users\/1"}],"replies":[{"embeddable":true,"href":"https:\/\/hubertpietka.bialystok.pl\/index.php?rest_route=%2Fwp%2Fv2%2Fcomments&post=732"}],"version-history":[{"count":7,"href":"https:\/\/hubertpietka.bialystok.pl\/index.php?rest_route=\/wp\/v2\/pages\/732\/revisions"}],"predecessor-version":[{"id":741,"href":"https:\/\/hubertpietka.bialystok.pl\/index.php?rest_route=\/wp\/v2\/pages\/732\/revisions\/741"}],"wp:attachment":[{"href":"https:\/\/hubertpietka.bialystok.pl\/index.php?rest_route=%2Fwp%2Fv2%2Fmedia&parent=732"}],"curies":[{"name":"wp","href":"https:\/\/api.w.org\/{rel}","templated":true}]}}