{"id":7324,"date":"2023-07-09T20:27:08","date_gmt":"2023-07-09T20:27:08","guid":{"rendered":"http:\/\/hubertpietka.bialystok.pl\/?page_id=7324"},"modified":"2023-07-31T15:44:20","modified_gmt":"2023-07-31T15:44:20","slug":"co-nam-z-robicie-i-co-bog-wam-z-robi","status":"publish","type":"page","link":"https:\/\/hubertpietka.bialystok.pl\/?page_id=7324","title":{"rendered":"Co nam z-robicie \/ i co B\u00f3g wam z-robi"},"content":{"rendered":"<p><em><strong>Co nam z-robicie \/ i co B\u00f3g wam z-robi\u00a0<\/strong><\/em><\/p>\n<p>Chyba \u017cadna ob\u0142uda i pod\u0142o\u015b\u0107<br \/>\nTaka czy inna<br \/>\nNie b\u0119dzie nam naszemu i naszym oszcz\u0119dzona<\/p>\n<p>Paradoksem jest to<br \/>\n\u017be mo\u017ce w nas<br \/>\nJest z\u0142o\u017cone \u017cycie \u015bwiata<br \/>\nTo jest paradoksem<br \/>\nBo oni przecie\u017c mog\u0105<br \/>\nI pr\u00f3buj\u0105 z nami naszymi i naszym<br \/>\nCo chc\u0105 robi\u0107<\/p>\n<p>B\u00f3g jest mi\u0142osierny owszem<br \/>\nAle i sprawiedliwy<br \/>\nNie m\u00f3g\u0142 by tak zrobi\u0107<br \/>\n\u017byjemy przecie\u017c w nowoczesnym \u015bwiecie<br \/>\nI macie swoich prorok\u00f3w nowomowy<br \/>\nA je\u015bli na zasadzie paradoksu pisz\u0119 wprost<br \/>\nJe\u015bli wy mo\u017cecie zrobi\u0107 z nami co chcecie<br \/>\nTo mo\u017ce paradoksalnie dlatego w\u0142a\u015bnie<br \/>\nB\u00f3g z wami co chce to zrobi<br \/>\nZreszt\u0105 to zapowiedzia\u0142 i w S\u0142owie Bo\u017cym<br \/>\nWbrew nowoczesnym objawieniem waszym<br \/>\nM\u00f3wi\u0105c inaczej jak wy nam i uczynicie<br \/>\nTak i wam uczyni<br \/>\n<em>Wszystko co uczynili\u015bcie tym ma\u0142ym<\/em><br \/>\nA eschatologia ju\u017c tu si\u0119 i zacznie<br \/>\nDla ca\u0142ego \u015bwiata<br \/>\n\u015amier\u0107 wszystkiego i wszystkich\u00a0 hekatomba<\/p>\n<p><a href=\"http:\/\/hubertpietka.bialystok.pl\/wp-content\/uploads\/2023\/07\/IMG_20230709_214408.jpg\"><img loading=\"lazy\" decoding=\"async\" class=\"alignnone size-thumbnail wp-image-7325\" src=\"http:\/\/hubertpietka.bialystok.pl\/wp-content\/uploads\/2023\/07\/IMG_20230709_214408-150x150.jpg\" alt=\"\" width=\"150\" height=\"150\" srcset=\"https:\/\/hubertpietka.bialystok.pl\/wp-content\/uploads\/2023\/07\/IMG_20230709_214408-150x150.jpg 150w, https:\/\/hubertpietka.bialystok.pl\/wp-content\/uploads\/2023\/07\/IMG_20230709_214408-75x75.jpg 75w\" sizes=\"auto, (max-width: 150px) 100vw, 150px\" \/><\/a><\/p>\n<p><em>Na zdj. *\u017bon-kil*<\/em><br \/>\n<em> *\u017bon\u0119 kill* zabi\u0107 \u015bmiertelnie u\u017c\u0105dli\u0107<\/em><br \/>\n<em> A o ni\u0105 to tu nie chodzi<\/em><br \/>\n<em> Ma\u0142\u017ce\u0144stwo jest jednym w dwojgu<\/em><br \/>\n<em> A mnie do ciupy \u017ceby on czasem<\/em><br \/>\n<em> Ach i wiecie lepiej jakimi by\u0107 powinni\u015bmy<\/em><br \/>\n<em> P\u0142aska tafla oceanu najlepiej<\/em><br \/>\n<em> Bezp\u0142ciowa i oboj\u0119tna jak lustro<\/em><br \/>\n<em> Wtedy by mo\u017cna z nami i przecie\u017c<\/em><br \/>\n<em> Co si\u0119 chce zrobi\u0107 \u0142atwiej<\/em><br \/>\n<em> Przecie\u017c lepiej wiecie<\/em><br \/>\n<em> Ni\u017c i B\u00f3g nawet<\/em><br \/>\n<em> To zobaczymy po kt\u00f3rej stronie<\/em><br \/>\n<em> B\u00f3g jednak stanie amen<\/em><\/p>\n<p style=\"text-align: center;\"><em>\/<\/em><\/p>\n<p style=\"text-align: right;\"><em><a href=\"https:\/\/youtu.be\/wj5e-ur03f4\"><strong>Kwiat Jab\u0142oni &#8211; Niemo\u017cliwe<\/strong><\/a><br \/>\n<\/em><\/p>\n","protected":false},"excerpt":{"rendered":"<p>Co nam z-robicie \/ i co B\u00f3g wam z-robi\u00a0 Chyba \u017cadna ob\u0142uda i pod\u0142o\u015b\u0107 Taka czy inna Nie b\u0119dzie nam naszemu i naszym oszcz\u0119dzona Paradoksem&hellip; <\/p>\n","protected":false},"author":1,"featured_media":0,"parent":0,"menu_order":0,"comment_status":"closed","ping_status":"closed","template":"","meta":{"footnotes":""},"class_list":["post-7324","page","type-page","status-publish","hentry"],"_links":{"self":[{"href":"https:\/\/hubertpietka.bialystok.pl\/index.php?rest_route=\/wp\/v2\/pages\/7324","targetHints":{"allow":["GET"]}}],"collection":[{"href":"https:\/\/hubertpietka.bialystok.pl\/index.php?rest_route=\/wp\/v2\/pages"}],"about":[{"href":"https:\/\/hubertpietka.bialystok.pl\/index.php?rest_route=\/wp\/v2\/types\/page"}],"author":[{"embeddable":true,"href":"https:\/\/hubertpietka.bialystok.pl\/index.php?rest_route=\/wp\/v2\/users\/1"}],"replies":[{"embeddable":true,"href":"https:\/\/hubertpietka.bialystok.pl\/index.php?rest_route=%2Fwp%2Fv2%2Fcomments&post=7324"}],"version-history":[{"count":2,"href":"https:\/\/hubertpietka.bialystok.pl\/index.php?rest_route=\/wp\/v2\/pages\/7324\/revisions"}],"predecessor-version":[{"id":7400,"href":"https:\/\/hubertpietka.bialystok.pl\/index.php?rest_route=\/wp\/v2\/pages\/7324\/revisions\/7400"}],"wp:attachment":[{"href":"https:\/\/hubertpietka.bialystok.pl\/index.php?rest_route=%2Fwp%2Fv2%2Fmedia&parent=7324"}],"curies":[{"name":"wp","href":"https:\/\/api.w.org\/{rel}","templated":true}]}}