{"id":7338,"date":"2023-07-19T11:27:46","date_gmt":"2023-07-19T11:27:46","guid":{"rendered":"http:\/\/hubertpietka.bialystok.pl\/?page_id=7338"},"modified":"2023-07-31T15:50:05","modified_gmt":"2023-07-31T15:50:05","slug":"szata-an-a-szatan","status":"publish","type":"page","link":"https:\/\/hubertpietka.bialystok.pl\/?page_id=7338","title":{"rendered":"Szata &#8211; An a \/ szatan"},"content":{"rendered":"<p><em><strong>Szata &#8211; An a \/ szatan<\/strong><\/em><\/p>\n<p>Na Chrzcie \u015awi\u0119tym<br \/>\nDziecko otrzymuje bia\u0142\u0105 szat\u0119<br \/>\nNa znak czysto\u015bci<br \/>\nPodobnie w Sakramencie Ma\u0142\u017ce\u0144stwa<br \/>\nM\u0105\u017c symbolicznie otrzymuje<br \/>\nBia\u0142\u0105 szat\u0119 suknie \u017cony swej<br \/>\nA teraz<\/p>\n<p>Szat\u0119 moj\u0105 \u017con\u0119 mam najlepsz\u0105<br \/>\nBo tak\u0105 otrzyma\u0142em od Boga<br \/>\nIdealnie dopasowan\u0105 wed\u0142ug Boga<br \/>\nNie tylko na kszta\u0142t ludzki<\/p>\n<p>Cho\u0107by\u015bcie mi da\u0107 chcieli<br \/>\nNajpi\u0119kniejsze ubranie wed\u0142ug was<br \/>\nSzyte nawet z\u0142ot\u0105 nici\u0105<br \/>\nTo niczym to b\u0119dzie niestety<br \/>\nWed\u0142ug daru Bo\u017cego<\/p>\n<p>To co wed\u0142ug was najlepsze<br \/>\nDla mnie takie ubranie<br \/>\nMo\u017ce by\u0107 niedopasowane<br \/>\nMog\u0119 si\u0119 cho\u0107by w nim \u017ale czu\u0107<br \/>\nBo nie robi si\u0119 takich rzeczy na si\u0142\u0119<\/p>\n<p>I dalej<br \/>\nCo oni chc\u0105 zrobi\u0107 z t\u0105 moj\u0105 \u015blubn\u0105 Szat\u0105<br \/>\nMo\u017ce jak J\u00f3zefa bracia zakrwawi\u0107<br \/>\nKiedy sprzeda\u0107 J\u00f3zefa si\u0119 zdecydowali<br \/>\nA mo\u017ce jak o Jezusa tunik\u0119 analogicznie<br \/>\nRozgrywa\u0107 gierki swoje<br \/>\nTu\u017c nad losem niesprawiedliwie skazanej czy skazanego<\/p>\n<p>A to \u017ce ubranie i elektryzuje czasem<br \/>\nW zetkni\u0119ciu z cia\u0142em<br \/>\nTo jest zupe\u0142nie naturalne<\/p>\n<p>Niedawno by\u0142o Szkaplerznej Matki<br \/>\n<em>Na co komu mizerne takie dwie szmatki<\/em><br \/>\nKt\u00f3re nawet nie okrywaj\u0105 tego co trzeba<br \/>\nBo to tylko jest symbol<br \/>\nOpieki Bo\u017cej Matki nad cz\u0142owiekiem<br \/>\nPozornie niedopasowane mo\u017ce by\u0107<br \/>\nCzego\u015b innego wyrazem<br \/>\nNie wszystkie sfery ducha<br \/>\nObejmuj\u0105 kwestie cia\u0142a<\/p>\n<p><a href=\"http:\/\/hubertpietka.bialystok.pl\/wp-content\/uploads\/2023\/07\/IMG_20230719_132044.jpg\"><img loading=\"lazy\" decoding=\"async\" class=\"alignnone size-thumbnail wp-image-7339\" src=\"http:\/\/hubertpietka.bialystok.pl\/wp-content\/uploads\/2023\/07\/IMG_20230719_132044-150x150.jpg\" alt=\"\" width=\"150\" height=\"150\" srcset=\"https:\/\/hubertpietka.bialystok.pl\/wp-content\/uploads\/2023\/07\/IMG_20230719_132044-150x150.jpg 150w, https:\/\/hubertpietka.bialystok.pl\/wp-content\/uploads\/2023\/07\/IMG_20230719_132044-75x75.jpg 75w\" sizes=\"auto, (max-width: 150px) 100vw, 150px\" \/><\/a><\/p>\n<p><strong>Na zdj. Bia\u0142ostockie sanktuarium Bo\u017cego Mi\u0142osierdzia<\/strong><br \/>\n<strong> I Matka Szkaplerzna<\/strong><br \/>\n<strong> Niech Bo\u017ca opieka wspiera to bia\u0142e ma\u0142\u017ce\u0144stwo<\/strong><br \/>\n<strong> Wbrew r\u00f3\u017cnym z\u0142o\u015bciom diabelskim<\/strong><br \/>\n<strong> I nienawi\u015bci tej samej prowieniencji<\/strong><br \/>\n<strong> Bo nienawi\u015b\u0107 w swej istocie<\/strong><br \/>\n<strong> Pochodzi od z\u0142ego drog\u0105 bezpo\u015bredni\u0105<\/strong><\/p>\n<p style=\"text-align: center;\">\/<\/p>\n<p style=\"text-align: right;\"><a href=\"https:\/\/youtu.be\/hu8t-a6kGmo\"><em><strong>Sarsa &#8211; Pi\u00f3ropusze<\/strong><\/em><\/a><\/p>\n<p style=\"text-align: left;\">\/<\/p>\n<p><a href=\"https:\/\/youtu.be\/RikM9H4826w\"><em><strong>Mrozu &#8211; Aura<\/strong><\/em><\/a><\/p>\n","protected":false},"excerpt":{"rendered":"<p>Szata &#8211; An a \/ szatan Na Chrzcie \u015awi\u0119tym Dziecko otrzymuje bia\u0142\u0105 szat\u0119 Na znak czysto\u015bci Podobnie w Sakramencie Ma\u0142\u017ce\u0144stwa M\u0105\u017c symbolicznie otrzymuje Bia\u0142\u0105 szat\u0119&hellip; <\/p>\n","protected":false},"author":1,"featured_media":0,"parent":0,"menu_order":0,"comment_status":"closed","ping_status":"closed","template":"","meta":{"footnotes":""},"class_list":["post-7338","page","type-page","status-publish","hentry"],"_links":{"self":[{"href":"https:\/\/hubertpietka.bialystok.pl\/index.php?rest_route=\/wp\/v2\/pages\/7338","targetHints":{"allow":["GET"]}}],"collection":[{"href":"https:\/\/hubertpietka.bialystok.pl\/index.php?rest_route=\/wp\/v2\/pages"}],"about":[{"href":"https:\/\/hubertpietka.bialystok.pl\/index.php?rest_route=\/wp\/v2\/types\/page"}],"author":[{"embeddable":true,"href":"https:\/\/hubertpietka.bialystok.pl\/index.php?rest_route=\/wp\/v2\/users\/1"}],"replies":[{"embeddable":true,"href":"https:\/\/hubertpietka.bialystok.pl\/index.php?rest_route=%2Fwp%2Fv2%2Fcomments&post=7338"}],"version-history":[{"count":2,"href":"https:\/\/hubertpietka.bialystok.pl\/index.php?rest_route=\/wp\/v2\/pages\/7338\/revisions"}],"predecessor-version":[{"id":7403,"href":"https:\/\/hubertpietka.bialystok.pl\/index.php?rest_route=\/wp\/v2\/pages\/7338\/revisions\/7403"}],"wp:attachment":[{"href":"https:\/\/hubertpietka.bialystok.pl\/index.php?rest_route=%2Fwp%2Fv2%2Fmedia&parent=7338"}],"curies":[{"name":"wp","href":"https:\/\/api.w.org\/{rel}","templated":true}]}}