{"id":7343,"date":"2023-07-21T08:18:22","date_gmt":"2023-07-21T08:18:22","guid":{"rendered":"http:\/\/hubertpietka.bialystok.pl\/?page_id=7343"},"modified":"2023-07-31T15:59:08","modified_gmt":"2023-07-31T15:59:08","slug":"wierna-milosc-czy-pozadliwosc","status":"publish","type":"page","link":"https:\/\/hubertpietka.bialystok.pl\/?page_id=7343","title":{"rendered":"Wierna mi\u0142o\u015b\u0107 \/ czy po\u017c\u0105dliwo\u015b\u0107"},"content":{"rendered":"<p><em><strong>Wierna mi\u0142o\u015b\u0107 \/ czy po\u017c\u0105dliwo\u015b\u0107\u00a0<\/strong><\/em><\/p>\n<p>Je\u017celi po\u017c\u0105dliwo\u015b\u0107 jest mi\u0142o\u015bci wyrazem<br \/>\nTo najbardziej bogate w mi\u0142o\u015b\u0107<br \/>\nS\u0105 prostytutki jak kto\u015b powiedzia\u0142<br \/>\nI trzeba rzeczywi\u015bcie t\u0105 mi\u0142o\u015b\u0107 rozdawa\u0107 na lewo i prawo<br \/>\nNajlepiej ka\u017cdy z ka\u017cdym<\/p>\n<p>Czy\u017c nie jest raczej istot\u0105 mi\u0142o\u015bci<br \/>\nWspieraj\u0105ca obecno\u015b\u0107 mimo wszystko<br \/>\nCzy\u017c mi\u0142o\u015bci wyrazem nie jest<br \/>\nRozerwanie z\u0142a kajdan\u00f3w<br \/>\nMi\u0142o\u015b\u0107 to wolno\u015b\u0107 czy zgoda na z\u0142o<br \/>\n<em>Gdyby\u015bcie zrozumieli co znaczy<\/em><br \/>\n<em> Chc\u0119 raczej mi\u0142o\u015bci ni\u017c ofiary<\/em><br \/>\n<em> Niewinnych by\u015bcie nie pot\u0119piali<\/em><\/p>\n<p><em><a href=\"http:\/\/hubertpietka.bialystok.pl\/wp-content\/uploads\/2023\/07\/IMG_20230721_101104.jpg\"><img loading=\"lazy\" decoding=\"async\" class=\"alignnone size-thumbnail wp-image-7344\" src=\"http:\/\/hubertpietka.bialystok.pl\/wp-content\/uploads\/2023\/07\/IMG_20230721_101104-150x150.jpg\" alt=\"\" width=\"150\" height=\"150\" srcset=\"https:\/\/hubertpietka.bialystok.pl\/wp-content\/uploads\/2023\/07\/IMG_20230721_101104-150x150.jpg 150w, https:\/\/hubertpietka.bialystok.pl\/wp-content\/uploads\/2023\/07\/IMG_20230721_101104-75x75.jpg 75w\" sizes=\"auto, (max-width: 150px) 100vw, 150px\" \/><\/a><\/em><\/p>\n<p><strong>Na zdj. W Mi\u0142kach Jezus frasobliwy<\/strong><br \/>\n<strong> Bo co oni chc\u0105 zrobi\u0107 z mi\u0142\u0105 moj\u0105<\/strong><br \/>\n<strong> Ze mn\u0105 naszymi i naszym<\/strong><br \/>\n<strong> Co pr\u00f3buj\u0105 robi\u0107 nieustannie<\/strong><br \/>\n<strong> Jezus na to wszystko patrzy<\/strong><br \/>\n<strong> I On odpowie<\/strong><br \/>\n<strong> Wed\u0142ug zamys\u0142\u00f3w i dzia\u0142a\u0144<\/strong><br \/>\n<strong> Ich i odpowiedzi waszej adekwatnie<\/strong><\/p>\n<p style=\"text-align: center;\"><em><strong><a href=\"https:\/\/youtu.be\/Z5poQHfrKl8\">Micha\u0142 Wi\u015bniewski i Etiennette Wi\u015bniewska &#8211; Ikar<\/a><\/strong><\/em><\/p>\n","protected":false},"excerpt":{"rendered":"<p>Wierna mi\u0142o\u015b\u0107 \/ czy po\u017c\u0105dliwo\u015b\u0107\u00a0 Je\u017celi po\u017c\u0105dliwo\u015b\u0107 jest mi\u0142o\u015bci wyrazem To najbardziej bogate w mi\u0142o\u015b\u0107 S\u0105 prostytutki jak kto\u015b powiedzia\u0142 I trzeba rzeczywi\u015bcie t\u0105 mi\u0142o\u015b\u0107&hellip; <\/p>\n","protected":false},"author":1,"featured_media":0,"parent":0,"menu_order":0,"comment_status":"closed","ping_status":"closed","template":"","meta":{"footnotes":""},"class_list":["post-7343","page","type-page","status-publish","hentry"],"_links":{"self":[{"href":"https:\/\/hubertpietka.bialystok.pl\/index.php?rest_route=\/wp\/v2\/pages\/7343","targetHints":{"allow":["GET"]}}],"collection":[{"href":"https:\/\/hubertpietka.bialystok.pl\/index.php?rest_route=\/wp\/v2\/pages"}],"about":[{"href":"https:\/\/hubertpietka.bialystok.pl\/index.php?rest_route=\/wp\/v2\/types\/page"}],"author":[{"embeddable":true,"href":"https:\/\/hubertpietka.bialystok.pl\/index.php?rest_route=\/wp\/v2\/users\/1"}],"replies":[{"embeddable":true,"href":"https:\/\/hubertpietka.bialystok.pl\/index.php?rest_route=%2Fwp%2Fv2%2Fcomments&post=7343"}],"version-history":[{"count":2,"href":"https:\/\/hubertpietka.bialystok.pl\/index.php?rest_route=\/wp\/v2\/pages\/7343\/revisions"}],"predecessor-version":[{"id":7406,"href":"https:\/\/hubertpietka.bialystok.pl\/index.php?rest_route=\/wp\/v2\/pages\/7343\/revisions\/7406"}],"wp:attachment":[{"href":"https:\/\/hubertpietka.bialystok.pl\/index.php?rest_route=%2Fwp%2Fv2%2Fmedia&parent=7343"}],"curies":[{"name":"wp","href":"https:\/\/api.w.org\/{rel}","templated":true}]}}