{"id":7349,"date":"2023-07-26T07:43:04","date_gmt":"2023-07-26T07:43:04","guid":{"rendered":"http:\/\/hubertpietka.bialystok.pl\/?page_id=7349"},"modified":"2023-07-31T16:01:59","modified_gmt":"2023-07-31T16:01:59","slug":"a-jesli-z-nimi-walczac-walczycie-z-bogiem","status":"publish","type":"page","link":"https:\/\/hubertpietka.bialystok.pl\/?page_id=7349","title":{"rendered":"A je\u015bli z nimi walcz\u0105c \/ walczycie z Bogiem"},"content":{"rendered":"<p><em><strong>A je\u015bli z nimi walcz\u0105c \/ walczycie z Bogiem\u00a0<\/strong><\/em><\/p>\n<p>B\u00f3g powiedzia\u0142<br \/>\n<em>Powiedz tak tym *gargamelom* wszystkim<\/em><br \/>\n<em> Jak powiedzia\u0142 *Gamaliel* do faryzeusz\u00f3w<\/em><br \/>\n<em> A je\u015bli walcz\u0105c z nimi<\/em><br \/>\n<em> Ze Mn\u0105 walczycie<\/em><br \/>\n<em> To co b\u0119dzie wtedy<\/em><br \/>\n<em> Wszystko co uczynili\u015bcie tym ma\u0142ym<\/em><br \/>\n<em> Lub nawet tylko chcieli\u015bcie uczyni\u0107<\/em><br \/>\n<em> I Ja wam uczyni\u0119<\/em><\/p>\n<p><em>Powiedz te\u017c tym wszystkim<\/em><br \/>\n<em> Kt\u00f3rzy tak m\u00f3wi\u0105<\/em><br \/>\n<em> Jak ja nie cierpi\u0119 smerf\u00f3w<\/em><br \/>\n<em> A je\u015bli Ja ju\u017c nie b\u0119d\u0119 chcia\u0142<\/em><br \/>\n<em> Was \u015bcierpie\u0107<\/em><\/p>\n<p>Ja te\u017c nie cierpi\u0119 pewnych<br \/>\nTakich czy innych smerf\u00f3w<br \/>\n\u017be si\u0119 tak wyra\u017c\u0119<br \/>\nAle to nie znaczy<br \/>\n\u017be chc\u0119 ich wszystkich zabi\u0107<br \/>\nA dla nich<br \/>\nMo\u017cna na \u015bmier\u0107 od razu<br \/>\nZ nami naszymi naszym<\/p>\n<p>B\u00f3g patrzy na to wszystko<br \/>\nOn widzi ka\u017cd\u0105 ob\u0142ud\u0119 perfidi\u0119<br \/>\nOn rozpoznaje znaczone karty<br \/>\nKt\u00f3rymi wobec nas rozgrywaj\u0105 nieustannie<br \/>\nNas naszego i naszych<br \/>\nPrze\u0142knie to wszystko \u0142atwo<br \/>\nTo si\u0119 jeszcze oka\u017ce<\/p>\n<p><a href=\"http:\/\/hubertpietka.bialystok.pl\/wp-content\/uploads\/2023\/07\/IMG_20230726_092856.jpg\"><img loading=\"lazy\" decoding=\"async\" class=\"alignnone size-thumbnail wp-image-7350\" src=\"http:\/\/hubertpietka.bialystok.pl\/wp-content\/uploads\/2023\/07\/IMG_20230726_092856-150x150.jpg\" alt=\"\" width=\"150\" height=\"150\" srcset=\"https:\/\/hubertpietka.bialystok.pl\/wp-content\/uploads\/2023\/07\/IMG_20230726_092856-150x150.jpg 150w, https:\/\/hubertpietka.bialystok.pl\/wp-content\/uploads\/2023\/07\/IMG_20230726_092856-75x75.jpg 75w\" sizes=\"auto, (max-width: 150px) 100vw, 150px\" \/><\/a><\/p>\n<p><strong>Na zdj. Zamy\u015blony Jan Pawe\u0142 II<\/strong><br \/>\n<strong> Jak d\u0142ugo oni jeszcze<\/strong><br \/>\n<strong> Tacy czy inni to wszystko<\/strong><br \/>\n<strong> Do czego si\u0119 jeszcze posun\u0105<\/strong><br \/>\n<strong> Co permanentnie usi\u0142uj\u0105<\/strong><br \/>\n<strong> Wobec nas naszego i naszych<\/strong><br \/>\n<strong> I c\u00f3\u017c tam B\u00f3g i dla nich<\/strong><br \/>\n<strong> Zobaczymy czy On b\u0119dzie<\/strong><br \/>\n<strong> Wobec tego wszystkiego<\/strong><br \/>\n<strong> Zdania jak oni takiego samego<\/strong><\/p>\n<p style=\"text-align: center;\"><a href=\"https:\/\/youtu.be\/kwWRYJUUhhM\"><em><strong>Smerfy &#8211; Piosenka tytu\u0142owa<\/strong><\/em><\/a><\/p>\n<p style=\"text-align: center;\">\/<\/p>\n<p style=\"text-align: right;\"><a href=\"https:\/\/youtu.be\/xlte9lodB-E\"><em><strong>Gaba Kulka i Czes\u0142aw Mozil &#8211; Co mi Panie dasz<\/strong><\/em><\/a><\/p>\n","protected":false},"excerpt":{"rendered":"<p>A je\u015bli z nimi walcz\u0105c \/ walczycie z Bogiem\u00a0 B\u00f3g powiedzia\u0142 Powiedz tak tym *gargamelom* wszystkim Jak powiedzia\u0142 *Gamaliel* do faryzeusz\u00f3w A je\u015bli walcz\u0105c z&hellip; <\/p>\n","protected":false},"author":1,"featured_media":0,"parent":0,"menu_order":0,"comment_status":"closed","ping_status":"closed","template":"","meta":{"footnotes":""},"class_list":["post-7349","page","type-page","status-publish","hentry"],"_links":{"self":[{"href":"https:\/\/hubertpietka.bialystok.pl\/index.php?rest_route=\/wp\/v2\/pages\/7349","targetHints":{"allow":["GET"]}}],"collection":[{"href":"https:\/\/hubertpietka.bialystok.pl\/index.php?rest_route=\/wp\/v2\/pages"}],"about":[{"href":"https:\/\/hubertpietka.bialystok.pl\/index.php?rest_route=\/wp\/v2\/types\/page"}],"author":[{"embeddable":true,"href":"https:\/\/hubertpietka.bialystok.pl\/index.php?rest_route=\/wp\/v2\/users\/1"}],"replies":[{"embeddable":true,"href":"https:\/\/hubertpietka.bialystok.pl\/index.php?rest_route=%2Fwp%2Fv2%2Fcomments&post=7349"}],"version-history":[{"count":2,"href":"https:\/\/hubertpietka.bialystok.pl\/index.php?rest_route=\/wp\/v2\/pages\/7349\/revisions"}],"predecessor-version":[{"id":7407,"href":"https:\/\/hubertpietka.bialystok.pl\/index.php?rest_route=\/wp\/v2\/pages\/7349\/revisions\/7407"}],"wp:attachment":[{"href":"https:\/\/hubertpietka.bialystok.pl\/index.php?rest_route=%2Fwp%2Fv2%2Fmedia&parent=7349"}],"curies":[{"name":"wp","href":"https:\/\/api.w.org\/{rel}","templated":true}]}}