{"id":7361,"date":"2023-07-31T11:54:48","date_gmt":"2023-07-31T11:54:48","guid":{"rendered":"http:\/\/hubertpietka.bialystok.pl\/?page_id=7361"},"modified":"2023-07-31T16:08:59","modified_gmt":"2023-07-31T16:08:59","slug":"prostaki-a-elita","status":"publish","type":"page","link":"https:\/\/hubertpietka.bialystok.pl\/?page_id=7361","title":{"rendered":"Prostaki \/ a elita"},"content":{"rendered":"<p><strong>Prostaki \/ a elita<\/strong><\/p>\n<p><em>Teatrzyk Zielona G\u0119\u015b<\/em> na nowo<br \/>\nMa zaszczyt przedstawi\u0107<br \/>\n<em>A la-la-la<\/em> *Ga\u0142-czy\u0144ski* <em>vel<\/em> nowy *Ga\u0142gan Czy\u0144ski*<\/p>\n<p>Pewien <em>dramat absurdu<\/em><\/p>\n<p><em><strong>Scena 1<\/strong><\/em><\/p>\n<p><strong>Ch\u00f3r<\/strong>: <em>Niech to g\u0119\u015b kopnie<\/em><\/p>\n<p><strong>Elita<\/strong>: Tacy \u017cy\u0107 nie powinni<\/p>\n<p><strong>Prostaki<\/strong>: Elita taka czy inna jaka\u015b<br \/>\nChce wsp\u00f3\u0142ma\u0142\u017conka mi zabi\u0107<\/p>\n<p><strong>Elita<\/strong>: Mamy prawo takie<br \/>\nNasze prawa nad prostak\u00f3w prawem<\/p>\n<p><em><strong>Scena 2<\/strong><\/em><\/p>\n<p><strong>Ch\u00f3r<\/strong>: <em>Niech to kur<\/em><\/p>\n<p><strong>Elita<\/strong>: <em>Nie powinien taki \u017cy\u0107<\/em><\/p>\n<p><strong>Prostaki<\/strong>: Pi\u0119kna elita tu ma zawita\u0107<br \/>\nWjazd zrobi\u0107 innymi s\u0142owy<br \/>\nNie trzeba raczej szuka\u0107 daleko<br \/>\nKu temu elity pi\u0119knej<\/p>\n<p><em><strong>Scena 3<\/strong><\/em><\/p>\n<p><strong>Ch\u00f3r<\/strong>: <em>Kaczka dziwaczka<\/em> czy <em>kaczor Donald<\/em><\/p>\n<p><strong>Elita<\/strong>: Prawa nasze g\u00f3rowa\u0107 maj\u0105<br \/>\nNad wszystkim a ju\u017c szczeg\u00f3lnie<br \/>\nProstaki poddane by\u0107 maj\u0105 tym naszym prawom<\/p>\n<p><strong>Prostaki<\/strong>: *Eli-ty* czyli *Bo\u017ce Ty*<br \/>\nZmi\u0142uj si\u0119 nad nami<br \/>\nTy czy *elita* o Panie<\/p>\n<p><em><strong>Zamiast epilogu<\/strong><\/em><\/p>\n<p>Dzi\u015b \u015bw. Ignacego Loyoli<br \/>\nCzyli <em>Bo\u017cego wojownika<\/em><br \/>\nNie mo\u017cna patrze\u0107 czeka\u0107 tylko<br \/>\nA\u017c z\u0142o zatryumfuje<br \/>\nSamozwa\u0144cza elita a Bo\u017ce dzieci<br \/>\nMisie osobi\u015bcie i poplecznicy misi\u00f3w<br \/>\nA prostaczkowie mali i niewinni<br \/>\nAve Maryja<\/p>\n<p><a href=\"http:\/\/hubertpietka.bialystok.pl\/wp-content\/uploads\/2023\/07\/IMG_20230731_133320.jpg\"><img loading=\"lazy\" decoding=\"async\" class=\"alignnone size-thumbnail wp-image-7362\" src=\"http:\/\/hubertpietka.bialystok.pl\/wp-content\/uploads\/2023\/07\/IMG_20230731_133320-150x150.jpg\" alt=\"\" width=\"150\" height=\"150\" srcset=\"https:\/\/hubertpietka.bialystok.pl\/wp-content\/uploads\/2023\/07\/IMG_20230731_133320-150x150.jpg 150w, https:\/\/hubertpietka.bialystok.pl\/wp-content\/uploads\/2023\/07\/IMG_20230731_133320-75x75.jpg 75w\" sizes=\"auto, (max-width: 150px) 100vw, 150px\" \/><\/a><\/p>\n<p>Na zdj. <em>Strefa zagro\u017cona poezj\u0105<\/em><br \/>\n<em>Wyjdzie to w *Praniu*<\/em><br \/>\nCzy zawsze i wsz\u0119dzie<br \/>\nElita ma racj\u0119<br \/>\nI gdzie by\u0142 B\u00f3g wtedy<br \/>\n<em>Wszystko co uczynili\u015bcie tym ma\u0142ym<\/em><br \/>\nLub nawet tylko chcieli\u015bcie uczyni\u0107<\/p>\n<p><strong>Prostaczki<\/strong>: A poza tym<br \/>\nMy jeste\u015bmy niegodni pi\u0119knej elity<br \/>\nMy nasi i nasze<br \/>\nNiech \u017cy\u0107 dadz\u0105 i tyle<br \/>\nI niech se elita \u017cyje<br \/>\nAle tu o to chodzi<br \/>\n\u017be dla elity<br \/>\nProstaczki s\u0105 przeszkod\u0105 i wyrzutem<br \/>\nBo \u017cyj\u0105 niestety inaczej<\/p>\n<p style=\"text-align: center;\"><a href=\"https:\/\/youtu.be\/TKrZnAQVxpo\"><em><strong>Oficjalny Hymn \u015aDM Lizbona 2023<\/strong><\/em><\/a><\/p>\n<p style=\"text-align: right;\"><a href=\"https:\/\/youtu.be\/JUiBADEot90\"><em><strong>Powietrze ju\u017c drga \/ WYD. Lisbon 2023 \/ Official Polish Version<\/strong><\/em><\/a><\/p>\n<p><em>Przyjd\u017a a oni nie i je\u015bli cokolwieczuniek<\/em><br \/>\n<em> I ani mi Ani jakkolwiek\u00a0<\/em><\/p>\n","protected":false},"excerpt":{"rendered":"<p>Prostaki \/ a elita Teatrzyk Zielona G\u0119\u015b na nowo Ma zaszczyt przedstawi\u0107 A la-la-la *Ga\u0142-czy\u0144ski* vel nowy *Ga\u0142gan Czy\u0144ski* Pewien dramat absurdu Scena 1 Ch\u00f3r:&hellip; <\/p>\n","protected":false},"author":1,"featured_media":0,"parent":0,"menu_order":0,"comment_status":"closed","ping_status":"closed","template":"","meta":{"footnotes":""},"class_list":["post-7361","page","type-page","status-publish","hentry"],"_links":{"self":[{"href":"https:\/\/hubertpietka.bialystok.pl\/index.php?rest_route=\/wp\/v2\/pages\/7361","targetHints":{"allow":["GET"]}}],"collection":[{"href":"https:\/\/hubertpietka.bialystok.pl\/index.php?rest_route=\/wp\/v2\/pages"}],"about":[{"href":"https:\/\/hubertpietka.bialystok.pl\/index.php?rest_route=\/wp\/v2\/types\/page"}],"author":[{"embeddable":true,"href":"https:\/\/hubertpietka.bialystok.pl\/index.php?rest_route=\/wp\/v2\/users\/1"}],"replies":[{"embeddable":true,"href":"https:\/\/hubertpietka.bialystok.pl\/index.php?rest_route=%2Fwp%2Fv2%2Fcomments&post=7361"}],"version-history":[{"count":4,"href":"https:\/\/hubertpietka.bialystok.pl\/index.php?rest_route=\/wp\/v2\/pages\/7361\/revisions"}],"predecessor-version":[{"id":7410,"href":"https:\/\/hubertpietka.bialystok.pl\/index.php?rest_route=\/wp\/v2\/pages\/7361\/revisions\/7410"}],"wp:attachment":[{"href":"https:\/\/hubertpietka.bialystok.pl\/index.php?rest_route=%2Fwp%2Fv2%2Fmedia&parent=7361"}],"curies":[{"name":"wp","href":"https:\/\/api.w.org\/{rel}","templated":true}]}}