{"id":7417,"date":"2023-08-04T09:09:34","date_gmt":"2023-08-04T09:09:34","guid":{"rendered":"http:\/\/hubertpietka.bialystok.pl\/?page_id=7417"},"modified":"2023-08-04T09:09:34","modified_gmt":"2023-08-04T09:09:34","slug":"plaszczyzny-dzialan-misiakowych-byleby-tylko-zniszczyc-zabic-zniewolic","status":"publish","type":"page","link":"https:\/\/hubertpietka.bialystok.pl\/?page_id=7417","title":{"rendered":"P\u0142aszczyzny dzia\u0142a\u0144 misiakowych \/ byleby tylko zniszczy\u0107 zabi\u0107 zniewoli\u0107"},"content":{"rendered":"<p><em><strong>P\u0142aszczyzny dzia\u0142a\u0144 misiakowych \/ byleby tylko zniszczy\u0107 zabi\u0107 zniewoli\u0107<\/strong><\/em><\/p>\n<p>Zabi\u0107 zniewoli\u0107 mnie \u017con\u0119<br \/>\nBliskich nawet te zwierz\u0119ta<br \/>\nJak nie legalistycznie niby<br \/>\nTo w plecy strza\u0142em<br \/>\nByleby tylko zabi\u0107 zniewoli\u0107<\/p>\n<p>A z tym mieszkaniem<br \/>\nByleby tylko zabra\u0107<br \/>\nPierwszorz\u0119dni \u015bwiadkowie powiedz\u0105 na pewno<br \/>\nCo chc\u0105 oni<br \/>\nZabra\u0107 im zniszczy\u0107 ich samochody<\/p>\n<p>Studia praca newralgiczne punkty tak\u017ce<br \/>\nDo zniszczenia<br \/>\nOto cele misiak\u00f3w<br \/>\nA kt\u00f3\u017c im zabroni<br \/>\nByleby tylko to i owo i jaktamkolwiek<\/p>\n<p>Im bardziej ob\u0142udnie i perfidnie<br \/>\nTym lepiej mam wra\u017cenie<br \/>\nP\u0142aszczyzny dzia\u0142a\u0144 multiplayer\u00f3w<br \/>\nBo jest ich wiele<br \/>\nIch i poplecznik\u00f3w pod\u0142ug nich<br \/>\nJedyna obrona modlitwa i te tu s\u0142owa<br \/>\nWobec tego przys\u0142owiowego<br \/>\n<em>Si\u0142a z\u0142ego na jednego<\/em><br \/>\nC\u00f3\u017c tam dla nich<\/p>\n<p><a href=\"http:\/\/hubertpietka.bialystok.pl\/wp-content\/uploads\/2023\/08\/IMG_20230804_110701.jpg\"><img loading=\"lazy\" decoding=\"async\" class=\"alignnone size-thumbnail wp-image-7418\" src=\"http:\/\/hubertpietka.bialystok.pl\/wp-content\/uploads\/2023\/08\/IMG_20230804_110701-150x150.jpg\" alt=\"\" width=\"150\" height=\"150\" srcset=\"https:\/\/hubertpietka.bialystok.pl\/wp-content\/uploads\/2023\/08\/IMG_20230804_110701-150x150.jpg 150w, https:\/\/hubertpietka.bialystok.pl\/wp-content\/uploads\/2023\/08\/IMG_20230804_110701-75x75.jpg 75w\" sizes=\"auto, (max-width: 150px) 100vw, 150px\" \/><\/a><\/p>\n<p><em>Na zdj. W ko\u015bciele w *Zambrowie*<\/em><br \/>\n<em> Jezus pochylaj\u0105cy si\u0119 nad niewiast\u0105<\/em><br \/>\n<em> Pochyl si\u0119 Panie nad ni\u0105<\/em><br \/>\n<em> Nad nami naszymi i naszym<\/em><br \/>\n<em> Bo kt\u00f3\u017c si\u0119 wstawi tu za nami<\/em><br \/>\n<em> Kt\u00f3\u017c *zabroni* tej tu w\u0142adzy<\/em><br \/>\n<em> Post\u0119powa\u0107 istotowo podle i ob\u0142udnie<\/em><br \/>\n<em> Bo niby przypadkowo a podst\u0119pnie<\/em><br \/>\n<em> Dla nas byle ku z\u0142u<\/em><br \/>\n<em> A co mo\u017ce ku dobru<\/em><\/p>\n","protected":false},"excerpt":{"rendered":"<p>P\u0142aszczyzny dzia\u0142a\u0144 misiakowych \/ byleby tylko zniszczy\u0107 zabi\u0107 zniewoli\u0107 Zabi\u0107 zniewoli\u0107 mnie \u017con\u0119 Bliskich nawet te zwierz\u0119ta Jak nie legalistycznie niby To w plecy strza\u0142em&hellip; <\/p>\n","protected":false},"author":1,"featured_media":0,"parent":0,"menu_order":0,"comment_status":"closed","ping_status":"closed","template":"","meta":{"footnotes":""},"class_list":["post-7417","page","type-page","status-publish","hentry"],"_links":{"self":[{"href":"https:\/\/hubertpietka.bialystok.pl\/index.php?rest_route=\/wp\/v2\/pages\/7417","targetHints":{"allow":["GET"]}}],"collection":[{"href":"https:\/\/hubertpietka.bialystok.pl\/index.php?rest_route=\/wp\/v2\/pages"}],"about":[{"href":"https:\/\/hubertpietka.bialystok.pl\/index.php?rest_route=\/wp\/v2\/types\/page"}],"author":[{"embeddable":true,"href":"https:\/\/hubertpietka.bialystok.pl\/index.php?rest_route=\/wp\/v2\/users\/1"}],"replies":[{"embeddable":true,"href":"https:\/\/hubertpietka.bialystok.pl\/index.php?rest_route=%2Fwp%2Fv2%2Fcomments&post=7417"}],"version-history":[{"count":1,"href":"https:\/\/hubertpietka.bialystok.pl\/index.php?rest_route=\/wp\/v2\/pages\/7417\/revisions"}],"predecessor-version":[{"id":7419,"href":"https:\/\/hubertpietka.bialystok.pl\/index.php?rest_route=\/wp\/v2\/pages\/7417\/revisions\/7419"}],"wp:attachment":[{"href":"https:\/\/hubertpietka.bialystok.pl\/index.php?rest_route=%2Fwp%2Fv2%2Fmedia&parent=7417"}],"curies":[{"name":"wp","href":"https:\/\/api.w.org\/{rel}","templated":true}]}}