{"id":7424,"date":"2023-08-06T08:57:24","date_gmt":"2023-08-06T08:57:24","guid":{"rendered":"http:\/\/hubertpietka.bialystok.pl\/?page_id=7424"},"modified":"2023-08-06T09:07:40","modified_gmt":"2023-08-06T09:07:40","slug":"123-obluda-swiat-zmiazdzy","status":"publish","type":"page","link":"https:\/\/hubertpietka.bialystok.pl\/?page_id=7424","title":{"rendered":"123 \/ ob\u0142uda \u015bwiat zmia\u017cd\u017cy"},"content":{"rendered":"<p><em><strong>123 \/ ob\u0142uda \u015bwiat zmia\u017cd\u017cy<\/strong><\/em><\/p>\n<p>Pr\u00f3buj\u0105 udowodni\u0107<br \/>\nTo na co chyba ca\u0142y \u015bwiat patrzy<br \/>\nI przynajmniej p\u00f3\u0142 Polski<br \/>\nOczywi\u015bcie w pasuj\u0105cej im tendencji<br \/>\nByleby tylko nas pozbawi\u0107 czego\u015b<br \/>\n\u017bycia mienia dobrej opinii<br \/>\nByleby tylko spe\u0142ni\u0107 swe i\u015bcie niszczycielskie zap\u0119dy<\/p>\n<p>A ty synku drogi<br \/>\nUdowodnij codziennie udawadniaj koniecznie<br \/>\n\u017be kosmit\u0105 nie jeste\u015b<br \/>\nA jak nie to ci\u0119 misie dopadn\u0105<br \/>\nI zmia\u017cd\u017c\u0105<\/p>\n<p>Nie \u0142ud\u017acie si\u0119<br \/>\nJe\u015bli ob\u0142uda ta zwyci\u0119\u017cy<br \/>\nNas nasze naszych zmia\u017cd\u017cy<br \/>\nTo \u015bwiat si\u0119 sko\u0144czy<br \/>\nBo ob\u0142uda ma fundamentalne swoje granice w Bogu<\/p>\n<p>A co zawdzi\u0119czamy misiom<br \/>\nIm ob\u0142uda wi\u0119ksza tym lepiej<br \/>\nPod\u0142o\u015b\u0107 z\u0142a nazywaniem dobrem i na odwr\u00f3t<br \/>\nRelatywizm moralny czyli wszystko etycznie na opak<br \/>\nCzy\u017c B\u00f3g to spokojnie zniesie<br \/>\nWed\u0142ug ich zap\u0119d\u00f3w i po\u017c\u0105da\u0144<br \/>\nS\u0105 jakie\u015b granice przyzwoito\u015bci jednak<br \/>\nB\u00f3g na to patrzy ale do czasu<\/p>\n<p><a href=\"http:\/\/hubertpietka.bialystok.pl\/wp-content\/uploads\/2023\/08\/IMG_20230806_094742087.jpg\"><img loading=\"lazy\" decoding=\"async\" class=\"alignnone size-thumbnail wp-image-7425\" src=\"http:\/\/hubertpietka.bialystok.pl\/wp-content\/uploads\/2023\/08\/IMG_20230806_094742087-150x150.jpg\" alt=\"\" width=\"150\" height=\"150\" srcset=\"https:\/\/hubertpietka.bialystok.pl\/wp-content\/uploads\/2023\/08\/IMG_20230806_094742087-150x150.jpg 150w, https:\/\/hubertpietka.bialystok.pl\/wp-content\/uploads\/2023\/08\/IMG_20230806_094742087-75x75.jpg 75w\" sizes=\"auto, (max-width: 150px) 100vw, 150px\" \/><\/a><\/p>\n<p><strong>Na zdj. <em>Raz dwa trzy<\/em><\/strong><br \/>\n<strong> S\u0105 jakie\u015b granice ob\u0142udy<\/strong><br \/>\n<strong> Je\u015bli nas zmia\u017cd\u017cy ob\u0142uda zupe\u0142nie<\/strong><br \/>\n<strong> To i wy i \u015bwiat zmia\u017cd\u017ceni te\u017c zostaniecie<\/strong><\/p>\n<p><strong>Czy ja tylko strasz\u0119<\/strong><br \/>\n<strong> To si\u0119 jeszcze oka\u017ce<\/strong><br \/>\n<strong> Bo wszystko ma swe granice<\/strong><br \/>\n<strong> Kt\u00f3rych nie mo\u017cna przekracza\u0107<\/strong><\/p>\n<p><strong>A ob\u0142uda jest czym\u015b<\/strong><br \/>\n<strong> Co wprost przeczy i bezpo\u015brednio<\/strong><br \/>\n<strong> Zdrowym zmys\u0142om moralno-etycznym<\/strong><\/p>\n<p><strong>Ps. 123 &#8211; biuro podr\u00f3\u017cy\u00a0<\/strong><\/p>\n<p style=\"text-align: right;\"><a href=\"https:\/\/youtu.be\/Q7WL1twyOZ4\"><em><strong>Raz Dwa Trzy &#8211; Jutro mo\u017cemy by\u0107 szcz\u0119\u015bliwi<\/strong><\/em><\/a><\/p>\n<p style=\"text-align: center;\"><em>I ani mi Ani<\/em><br \/>\n<em> Ani z tym mieszkaniem<\/em><br \/>\n<em> Z tymi samochodami zwierz\u0119tami<\/em><br \/>\n<em> Z nami naszymi naszym<\/em><\/p>\n","protected":false},"excerpt":{"rendered":"<p>123 \/ ob\u0142uda \u015bwiat zmia\u017cd\u017cy Pr\u00f3buj\u0105 udowodni\u0107 To na co chyba ca\u0142y \u015bwiat patrzy I przynajmniej p\u00f3\u0142 Polski Oczywi\u015bcie w pasuj\u0105cej im tendencji Byleby tylko&hellip; <\/p>\n","protected":false},"author":1,"featured_media":0,"parent":0,"menu_order":0,"comment_status":"closed","ping_status":"closed","template":"","meta":{"footnotes":""},"class_list":["post-7424","page","type-page","status-publish","hentry"],"_links":{"self":[{"href":"https:\/\/hubertpietka.bialystok.pl\/index.php?rest_route=\/wp\/v2\/pages\/7424","targetHints":{"allow":["GET"]}}],"collection":[{"href":"https:\/\/hubertpietka.bialystok.pl\/index.php?rest_route=\/wp\/v2\/pages"}],"about":[{"href":"https:\/\/hubertpietka.bialystok.pl\/index.php?rest_route=\/wp\/v2\/types\/page"}],"author":[{"embeddable":true,"href":"https:\/\/hubertpietka.bialystok.pl\/index.php?rest_route=\/wp\/v2\/users\/1"}],"replies":[{"embeddable":true,"href":"https:\/\/hubertpietka.bialystok.pl\/index.php?rest_route=%2Fwp%2Fv2%2Fcomments&post=7424"}],"version-history":[{"count":2,"href":"https:\/\/hubertpietka.bialystok.pl\/index.php?rest_route=\/wp\/v2\/pages\/7424\/revisions"}],"predecessor-version":[{"id":7428,"href":"https:\/\/hubertpietka.bialystok.pl\/index.php?rest_route=\/wp\/v2\/pages\/7424\/revisions\/7428"}],"wp:attachment":[{"href":"https:\/\/hubertpietka.bialystok.pl\/index.php?rest_route=%2Fwp%2Fv2%2Fmedia&parent=7424"}],"curies":[{"name":"wp","href":"https:\/\/api.w.org\/{rel}","templated":true}]}}