{"id":7430,"date":"2023-08-08T10:54:16","date_gmt":"2023-08-08T10:54:16","guid":{"rendered":"http:\/\/hubertpietka.bialystok.pl\/?page_id=7430"},"modified":"2023-08-08T10:54:16","modified_gmt":"2023-08-08T10:54:16","slug":"bo-oni-nam-tu-raczej-zyc-spokojnie-nie-dadza","status":"publish","type":"page","link":"https:\/\/hubertpietka.bialystok.pl\/?page_id=7430","title":{"rendered":"Bo oni nam tu raczej \/ \u017cy\u0107 spokojnie nie dadz\u0105"},"content":{"rendered":"<p><em><strong>Bo oni nam tu raczej \/ \u017cy\u0107 spokojnie nie dadz\u0105\u00a0<\/strong><\/em><\/p>\n<p>Bardzo kocham moj\u0105 \u017con\u0119<br \/>\nA oni m\u00f3wi\u0105<br \/>\nMy j\u0105 zabijemy sobie<br \/>\nPrzypadkiem lub z premedytacj\u0105<br \/>\nA ty se inn\u0105 znajdziesz<br \/>\nO ile zd\u0105\u017cysz<br \/>\nBo przecie\u017c mamy ci\u0119 dopa\u015b\u0107<br \/>\nW taki czy inny spos\u00f3b<\/p>\n<p>Jednak tak nie b\u0119dzie<br \/>\nZ\u0142u trzeba tam\u0119 stawia\u0107<br \/>\nInnej nie b\u0119dzie<br \/>\nBo bardzo kocham moj\u0105 \u017con\u0119<br \/>\nI nawet paradoksalnie mimo s\u0142abo\u015bci<br \/>\nMi\u0142o\u015b\u0107 nasza wzrasta dzi\u0119ki wierno\u015bci<br \/>\nA B\u00f3g te\u017c nie pozwoli drwi\u0107 sobie<br \/>\nZ Jego woli<\/p>\n<p>Poza tym pi\u0119kna elita<br \/>\nMa tu zawita\u0107<br \/>\nA i na zewn\u0105trz mo\u017ce ona zawsze zachwyci\u0107<br \/>\nTaka czy inna zawsze przecie\u017c pi\u0119kna elita<br \/>\nNiezale\u017cnie czym si\u0119 boryka<br \/>\nNie jestem godny tego zaszczytu<br \/>\nNawet uwagi pi\u0119knej elity<\/p>\n<p>Ksi\u0105\u017ck\u0119 czytam<br \/>\nI dzisiaj <em>dzie\u0144 kota<\/em> podobno<br \/>\nO objawieniach w *A-kita*<br \/>\nTam Matka Bo\u017ca z *Am-ster-damu*<br \/>\n<em>I am<\/em> czyli *jam ster dam* mu<br \/>\nPozwol\u0119 si\u0119 prowadzi\u0107<br \/>\n*Am-ster-dam* a *A-kita*<br \/>\nZ nami zawsze nasze zwierz\u0119ta<br \/>\nPrawie <em>od pocz\u0119cia i do naturalnej \u015bmierci<\/em><br \/>\nBo taki jest wym\u00f3g wierno\u015bci<br \/>\nOdpowiedzialno\u015bci i Bogu wdzi\u0119czno\u015bci<\/p>\n<p>Oni ch\u0119tnie pewnie chcieliby<br \/>\nT\u0105 \u015bmier\u0107 przyspieszy\u0107<br \/>\nCzy nasz\u0105 czy naszych zwierz\u0105t i bliskich<br \/>\nAle to nie b\u0119dzie bynajmniej z natury<br \/>\nCzy\u017c B\u00f3g tego nie odr\u00f3\u017cni<\/p>\n<p><a href=\"http:\/\/hubertpietka.bialystok.pl\/wp-content\/uploads\/2023\/08\/IMG-20230807-WA0000.jpg\"><img loading=\"lazy\" decoding=\"async\" class=\"alignnone size-thumbnail wp-image-7431\" src=\"http:\/\/hubertpietka.bialystok.pl\/wp-content\/uploads\/2023\/08\/IMG-20230807-WA0000-150x150.jpg\" alt=\"\" width=\"150\" height=\"150\" srcset=\"https:\/\/hubertpietka.bialystok.pl\/wp-content\/uploads\/2023\/08\/IMG-20230807-WA0000-150x150.jpg 150w, https:\/\/hubertpietka.bialystok.pl\/wp-content\/uploads\/2023\/08\/IMG-20230807-WA0000-75x75.jpg 75w\" sizes=\"auto, (max-width: 150px) 100vw, 150px\" \/><\/a><\/p>\n<p><strong>Na zdj. Zawsze z nami nasze zwierz\u0119ta<\/strong><br \/>\n<strong> Z nami bynajmniej nie tylko ze mn\u0105<\/strong><br \/>\n<strong> I bliscy ci wszyscy kt\u00f3rzy tylko mog\u0105<\/strong><br \/>\n<strong> A z\u0142u trzeba tam\u0119 po\u0142o\u017cy\u0107<\/strong><\/p>\n<p><strong>A Ty prowad\u017a Bo\u017ce<\/strong><br \/>\n<strong> Nas naszych i tych kt\u00f3rzy<\/strong><br \/>\n<strong> Maj\u0105 nas prowadzi\u0107<\/strong><br \/>\n<strong> By z Ciebie by\u0142y<\/strong><br \/>\n<strong> Wszelkie dobre tendencje<\/strong><\/p>\n","protected":false},"excerpt":{"rendered":"<p>Bo oni nam tu raczej \/ \u017cy\u0107 spokojnie nie dadz\u0105\u00a0 Bardzo kocham moj\u0105 \u017con\u0119 A oni m\u00f3wi\u0105 My j\u0105 zabijemy sobie Przypadkiem lub z premedytacj\u0105&hellip; <\/p>\n","protected":false},"author":1,"featured_media":0,"parent":0,"menu_order":0,"comment_status":"closed","ping_status":"closed","template":"","meta":{"footnotes":""},"class_list":["post-7430","page","type-page","status-publish","hentry"],"_links":{"self":[{"href":"https:\/\/hubertpietka.bialystok.pl\/index.php?rest_route=\/wp\/v2\/pages\/7430","targetHints":{"allow":["GET"]}}],"collection":[{"href":"https:\/\/hubertpietka.bialystok.pl\/index.php?rest_route=\/wp\/v2\/pages"}],"about":[{"href":"https:\/\/hubertpietka.bialystok.pl\/index.php?rest_route=\/wp\/v2\/types\/page"}],"author":[{"embeddable":true,"href":"https:\/\/hubertpietka.bialystok.pl\/index.php?rest_route=\/wp\/v2\/users\/1"}],"replies":[{"embeddable":true,"href":"https:\/\/hubertpietka.bialystok.pl\/index.php?rest_route=%2Fwp%2Fv2%2Fcomments&post=7430"}],"version-history":[{"count":1,"href":"https:\/\/hubertpietka.bialystok.pl\/index.php?rest_route=\/wp\/v2\/pages\/7430\/revisions"}],"predecessor-version":[{"id":7432,"href":"https:\/\/hubertpietka.bialystok.pl\/index.php?rest_route=\/wp\/v2\/pages\/7430\/revisions\/7432"}],"wp:attachment":[{"href":"https:\/\/hubertpietka.bialystok.pl\/index.php?rest_route=%2Fwp%2Fv2%2Fmedia&parent=7430"}],"curies":[{"name":"wp","href":"https:\/\/api.w.org\/{rel}","templated":true}]}}