{"id":7434,"date":"2023-08-10T10:22:06","date_gmt":"2023-08-10T10:22:06","guid":{"rendered":"http:\/\/hubertpietka.bialystok.pl\/?page_id=7434"},"modified":"2023-08-31T11:18:55","modified_gmt":"2023-08-31T11:18:55","slug":"aparat-misiowego-panstwa-przeciwko-maluczkim","status":"publish","type":"page","link":"https:\/\/hubertpietka.bialystok.pl\/?page_id=7434","title":{"rendered":"Aparat misiowy bezpiecze\u0144stwa \/ przeciwko maluczkim"},"content":{"rendered":"<p><em><strong>Aparat misiowy bezpiecze\u0144stwa \/ przeciwko maluczkim\u00a0<\/strong><\/em><\/p>\n<p>Czasami si\u0119 czuj\u0119 troch\u0119<br \/>\nJak bym by\u0142 na wojnie<br \/>\nNie wiem czemu misiaczkowe pa\u0144stwo<br \/>\nZe mn\u0105 walczy<br \/>\nCzy\u017cbym by\u0142 przeszkod\u0105<br \/>\nDla totalitarnego aparatu pa\u0144stwa<br \/>\nA mo\u017ce przeszkadza ateistycznej wizji<br \/>\nMoja ma\u0142a wiara<\/p>\n<p>Ateistyczne totalne <em>wielkie pa\u0144stwo<\/em><br \/>\nZe mn\u0105 walczy<br \/>\nA przez to z nami naszymi i naszym<br \/>\nMnie wsadzi\u0107 gdzie \u017cadne \u015bwiat\u0142o nie dochodzi<br \/>\nA mo\u017cna i na \u015bmier\u0107 od razu<br \/>\nJak cho\u0107by i z \u017con\u0105<br \/>\nNaszymi naszym<\/p>\n<p>A c\u00f3\u017c tak przeszkadza ona<br \/>\nBo nie idzie na wsp\u00f3\u0142prac\u0119<br \/>\nZ aparatem bezpiecze\u0144stwa totalnego pa\u0144stwa<br \/>\nBo ju\u017c by by\u0142o i po mnie<br \/>\nOna bohatersko ryzykuje sob\u0105<br \/>\nA tak by\u0142aby sowicie nagrodzona<br \/>\nWi\u0119c chc\u0105 uderzy\u0107 w ni\u0105<br \/>\nA przez to we mnie<\/p>\n<p>Aparat policyjnego pa\u0144stwa<br \/>\nI tajni wsp\u00f3\u0142pracownicy tacy inni<br \/>\nZrobi\u0105 co trzeba<br \/>\n\u017beby utrudni\u0107 nam \u017cycie<br \/>\nA nawet nas na drug\u0105 stron\u0119 przeprowadzi\u0107<\/p>\n<p><em>A tymczasem dzi\u015b wspominana chyba \u015bw. *Filomema*<\/em><br \/>\n<em> *Umi\u0142owana tego m\u0119\u017ca i ulubiona*<\/em><br \/>\n<em> Innej nie b\u0119dzie a tym bardziej brrr innego<\/em><br \/>\n<em> \u017be a\u017c obrzydzenie mnie bierze<\/em><\/p>\n<p>A mo\u017ce mi te\u017c kto\u015b wyt\u0142umaczy\u0107 ten fenomen<br \/>\nZ moim telefonem<br \/>\n\u017be jak trzeba to i o procent nie spadnie bateria<br \/>\nI to przez noc ca\u0142\u0105<br \/>\nKiedy wskazuje przez misi\u00f3w liczb\u0119 porz\u0105dan\u0105<br \/>\nA jak nie trzeba<br \/>\nTo leci na \u0142eb<br \/>\nLub \u0142adowa\u0107 si\u0119 wcale i nie chc\u0119<br \/>\nKrasnoludki jakie\u015b chyba<br \/>\nZ tym telefonem troch\u0119 kombinuj\u0105<br \/>\nI to chyba zreszt\u0105 nie od dzisiaj<br \/>\nByleby by\u0142o po ichniemu<\/p>\n<p><a href=\"http:\/\/hubertpietka.bialystok.pl\/wp-content\/uploads\/2023\/08\/IMG_20230810_121018.jpg\"><img loading=\"lazy\" decoding=\"async\" class=\"alignnone size-thumbnail wp-image-7435\" src=\"http:\/\/hubertpietka.bialystok.pl\/wp-content\/uploads\/2023\/08\/IMG_20230810_121018-150x150.jpg\" alt=\"\" width=\"150\" height=\"150\" srcset=\"https:\/\/hubertpietka.bialystok.pl\/wp-content\/uploads\/2023\/08\/IMG_20230810_121018-150x150.jpg 150w, https:\/\/hubertpietka.bialystok.pl\/wp-content\/uploads\/2023\/08\/IMG_20230810_121018-75x75.jpg 75w\" sizes=\"auto, (max-width: 150px) 100vw, 150px\" \/><\/a><\/p>\n<p><strong>Na zdj. Ania i innej nie b\u0119dzie<\/strong><br \/>\n<strong> Ani takiej ani innej<\/strong><br \/>\n<strong> Ani tym bardziej brrr a\u017c wstr\u0119t pomy\u015ble\u0107<\/strong><br \/>\n<strong> Nic nie b\u0119dzie<\/strong><br \/>\n<strong> Aparat misiaczkowe pa\u0144stwa i wsp\u00f3\u0142pracownicy<\/strong><br \/>\n<strong> Tak naprawd\u0119 walcz\u0105 o to<\/strong><br \/>\n<strong> \u017beby nic nie by\u0142o<\/strong><br \/>\n<strong> I tak si\u0119 stanie<\/strong><br \/>\n<strong> Je\u015bli cokolwieczunio jej z nami<\/strong><br \/>\n<strong> A tak\u017ce z naszymi naszym<\/strong><br \/>\n<strong> Mi nie musicie wierzy\u0107<\/strong><br \/>\n<strong> Co nie przeszkodzi<\/strong><br \/>\n<strong> To co trzeba zrobi\u0107 Bogu<\/strong><\/p>\n<p style=\"text-align: left;\"><strong>\/<\/strong><\/p>\n<p style=\"text-align: center;\"><em><b><a href=\"https:\/\/youtu.be\/TjxuG6xvzsE\">Dezerter &#8211; Spytaj milicjanta<\/a><\/b><\/em><\/p>\n","protected":false},"excerpt":{"rendered":"<p>Aparat misiowy bezpiecze\u0144stwa \/ przeciwko maluczkim\u00a0 Czasami si\u0119 czuj\u0119 troch\u0119 Jak bym by\u0142 na wojnie Nie wiem czemu misiaczkowe pa\u0144stwo Ze mn\u0105 walczy Czy\u017cbym by\u0142&hellip; <\/p>\n","protected":false},"author":1,"featured_media":0,"parent":0,"menu_order":0,"comment_status":"closed","ping_status":"closed","template":"","meta":{"footnotes":""},"class_list":["post-7434","page","type-page","status-publish","hentry"],"_links":{"self":[{"href":"https:\/\/hubertpietka.bialystok.pl\/index.php?rest_route=\/wp\/v2\/pages\/7434","targetHints":{"allow":["GET"]}}],"collection":[{"href":"https:\/\/hubertpietka.bialystok.pl\/index.php?rest_route=\/wp\/v2\/pages"}],"about":[{"href":"https:\/\/hubertpietka.bialystok.pl\/index.php?rest_route=\/wp\/v2\/types\/page"}],"author":[{"embeddable":true,"href":"https:\/\/hubertpietka.bialystok.pl\/index.php?rest_route=\/wp\/v2\/users\/1"}],"replies":[{"embeddable":true,"href":"https:\/\/hubertpietka.bialystok.pl\/index.php?rest_route=%2Fwp%2Fv2%2Fcomments&post=7434"}],"version-history":[{"count":3,"href":"https:\/\/hubertpietka.bialystok.pl\/index.php?rest_route=\/wp\/v2\/pages\/7434\/revisions"}],"predecessor-version":[{"id":7488,"href":"https:\/\/hubertpietka.bialystok.pl\/index.php?rest_route=\/wp\/v2\/pages\/7434\/revisions\/7488"}],"wp:attachment":[{"href":"https:\/\/hubertpietka.bialystok.pl\/index.php?rest_route=%2Fwp%2Fv2%2Fmedia&parent=7434"}],"curies":[{"name":"wp","href":"https:\/\/api.w.org\/{rel}","templated":true}]}}