{"id":7439,"date":"2023-08-11T11:33:57","date_gmt":"2023-08-11T11:33:57","guid":{"rendered":"http:\/\/hubertpietka.bialystok.pl\/?page_id=7439"},"modified":"2023-08-11T11:33:57","modified_gmt":"2023-08-11T11:33:57","slug":"domek-hubal-enka-a-misiaczkowa-domenka","status":"publish","type":"page","link":"https:\/\/hubertpietka.bialystok.pl\/?page_id=7439","title":{"rendered":"*Domek* Hubal-Enka \/ a misiaczkowa *domenka*"},"content":{"rendered":"<p><em><strong>*Domek* Hubal-Enka \/ a misiaczkowa *domenka*<\/strong><\/em><\/p>\n<p>Odpowied\u017a mo\u017ce by\u0107 tylko jedna<br \/>\nZosta\u0142a udzielona 9 lat temu<br \/>\nPodczas sakramentu ma\u0142\u017ce\u0144stwa<br \/>\nOdpowied\u017a mo\u017ce by\u0107 tylko jedna<br \/>\nAni on ojojoj ani inna ona a tylko \u017cona<br \/>\nOdpowied\u017a fundamentalna i na zawsze<br \/>\nBo z sakramentu ma\u0142\u017ce\u0144stwa<\/p>\n<p>A tymczasem oni chc\u0105 zabi\u0107 mi \u017con\u0119<br \/>\nJa tego nie zdzier\u017c\u0119 o\u015bwiadczam wszem i wobec<br \/>\n<em>Bo ci z zawi\u015bci oskar\u017cyli j\u0105 i nies\u0142usznie\u00a0<\/em><br \/>\nJak z Zuzann\u0105 z Ksi\u0119gi Daniela i dzisiaj jej imienniczk\u0105<br \/>\nOni b\u0119d\u0119 tego winni<br \/>\nJak \u015bwiat si\u0119 sko\u0144czy za trzy dni<br \/>\nTylko co wam wtedy potem jak to nast\u0105pi<\/p>\n<p>A pi\u0119kna elita ma i tutaj zachwyca\u0107<br \/>\nW domu czy na dworze<br \/>\nTaka czy inna pi\u0119kna elita<br \/>\nJest ona przecie\u017c po to aby zachwyca\u0107<br \/>\n<em>Jak nie zachwyca jak zachwyca<\/em><br \/>\nW przeciwie\u0144stwie do tych prostak\u00f3w<br \/>\nJa pi\u0119knej elity ca\u0142kowicie niegodny<br \/>\nNawet jej uwagi szlachetnej<\/p>\n<p><a href=\"http:\/\/hubertpietka.bialystok.pl\/wp-content\/uploads\/2023\/08\/IMG_20230811_132541.jpg\"><img loading=\"lazy\" decoding=\"async\" class=\"alignnone size-thumbnail wp-image-7440\" src=\"http:\/\/hubertpietka.bialystok.pl\/wp-content\/uploads\/2023\/08\/IMG_20230811_132541-150x150.jpg\" alt=\"\" width=\"150\" height=\"150\" srcset=\"https:\/\/hubertpietka.bialystok.pl\/wp-content\/uploads\/2023\/08\/IMG_20230811_132541-150x150.jpg 150w, https:\/\/hubertpietka.bialystok.pl\/wp-content\/uploads\/2023\/08\/IMG_20230811_132541-75x75.jpg 75w\" sizes=\"auto, (max-width: 150px) 100vw, 150px\" \/><\/a><\/p>\n<p><em>Na zdj. Mural dom z ogrodem<\/em><br \/>\n<em> Chcieliby\u015bmy kiedy\u015b taki z \u017con\u0105<\/em><br \/>\n<em> A co chc\u0105 da\u0107 nam i oni<\/em><br \/>\n<em> \u015amier\u0107 wi\u0119zienie zniszczenie<\/em><br \/>\n<em> Oto domena misiaczkowa<\/em><\/p>\n<p><strong>I tak na marginesie jeszcze<\/strong><br \/>\n<strong> Komunizm <em>z ludzk\u0105 twarz\u0105<\/em> tego policyjnego pa\u0144stwa<\/strong><br \/>\n<strong> Wychodzi chyba raczej s\u0142abo<\/strong><br \/>\n<strong> Chyba \u017ce dla misiaczk\u00f3w kolesi to i owszem<\/strong><br \/>\n<strong> A rysy on ma raczej inne zgo\u0142a<\/strong><\/p>\n","protected":false},"excerpt":{"rendered":"<p>*Domek* Hubal-Enka \/ a misiaczkowa *domenka* Odpowied\u017a mo\u017ce by\u0107 tylko jedna Zosta\u0142a udzielona 9 lat temu Podczas sakramentu ma\u0142\u017ce\u0144stwa Odpowied\u017a mo\u017ce by\u0107 tylko jedna Ani&hellip; <\/p>\n","protected":false},"author":1,"featured_media":0,"parent":0,"menu_order":0,"comment_status":"closed","ping_status":"closed","template":"","meta":{"footnotes":""},"class_list":["post-7439","page","type-page","status-publish","hentry"],"_links":{"self":[{"href":"https:\/\/hubertpietka.bialystok.pl\/index.php?rest_route=\/wp\/v2\/pages\/7439","targetHints":{"allow":["GET"]}}],"collection":[{"href":"https:\/\/hubertpietka.bialystok.pl\/index.php?rest_route=\/wp\/v2\/pages"}],"about":[{"href":"https:\/\/hubertpietka.bialystok.pl\/index.php?rest_route=\/wp\/v2\/types\/page"}],"author":[{"embeddable":true,"href":"https:\/\/hubertpietka.bialystok.pl\/index.php?rest_route=\/wp\/v2\/users\/1"}],"replies":[{"embeddable":true,"href":"https:\/\/hubertpietka.bialystok.pl\/index.php?rest_route=%2Fwp%2Fv2%2Fcomments&post=7439"}],"version-history":[{"count":1,"href":"https:\/\/hubertpietka.bialystok.pl\/index.php?rest_route=\/wp\/v2\/pages\/7439\/revisions"}],"predecessor-version":[{"id":7441,"href":"https:\/\/hubertpietka.bialystok.pl\/index.php?rest_route=\/wp\/v2\/pages\/7439\/revisions\/7441"}],"wp:attachment":[{"href":"https:\/\/hubertpietka.bialystok.pl\/index.php?rest_route=%2Fwp%2Fv2%2Fmedia&parent=7439"}],"curies":[{"name":"wp","href":"https:\/\/api.w.org\/{rel}","templated":true}]}}