{"id":7447,"date":"2023-08-14T08:18:31","date_gmt":"2023-08-14T08:18:31","guid":{"rendered":"http:\/\/hubertpietka.bialystok.pl\/?page_id=7447"},"modified":"2023-08-31T11:21:46","modified_gmt":"2023-08-31T11:21:46","slug":"dziedzictwo-misiaczkowego-swiata-moralnosc-skrepowana","status":"publish","type":"page","link":"https:\/\/hubertpietka.bialystok.pl\/?page_id=7447","title":{"rendered":"Dziedzictwo misiaczkowego \u015bwiata \/ moralno\u015b\u0107 skr\u0119powana"},"content":{"rendered":"<p><em><strong>Dziedzictwo misiaczkowego \u015bwiata \/ moralno\u015b\u0107 skr\u0119powana\u00a0<\/strong><\/em><\/p>\n<p>A podst\u0119p jako dzia\u0142ania metoda<br \/>\nTo preferencja kt\u00f3rej istoty duchowej<br \/>\nLubi\u0105 takie dzia\u0142ania chyba misiaczki<br \/>\nMy\u015bl\u0105 \u017ce s\u0105 sprytni<br \/>\nA tymczasem na co to w istocie wskazuje<br \/>\nI nie daj Bo\u017ce<br \/>\nBy ktokolwiek pom\u00f3g\u0142 unikn\u0105\u0107 podst\u0119pu<br \/>\nB\u0119d\u0105 si\u0119 m\u015bci\u0107<br \/>\nBo na wierzchu ichnie musi by\u0107 zawsze i niew\u0105tpliwie<br \/>\nA im wszystko przecie\u017c wolno<\/p>\n<p>Ich nie dotyczy za\u015bciankowa moralno\u015b\u0107 uniwersalna i klasyczna<br \/>\nBo dobre jest tylko to co pod\u0142ug nich<br \/>\nI tylko tacy kt\u00f3rzy z nimi wsp\u00f3\u0142dzia\u0142aj\u0105<br \/>\nDobre jest tylko to co chc\u0105 misiaczki<br \/>\nI niewa\u017cne \u017ce to akurat w uj\u0119ciu klasycznym<br \/>\nJest na tym brzegu moralno\u015bci skrajnie przeciwnym<br \/>\nA prawd\u0105 jest te\u017c tylko to co pasuje im<\/p>\n<p>Inne dziedzictwo totalitarnego aparatu<br \/>\nTo rodziny sk\u0142\u00f3cone<br \/>\nJe\u015bli szanta\u017cem i l\u0119kiem<br \/>\nNie osi\u0105gn\u0105 tego co i chc\u0105 oni<br \/>\nMoralno\u015b\u0107 kompletnie postawiona na g\u0142owie<\/p>\n<p>A moja \u017cona jest ju\u017c \u015bwi\u0119ta kompletnie<br \/>\nBo nie poddaje si\u0119 ich nieustannym pr\u00f3bom skr\u0119powania<br \/>\nJu\u017c dawno by dostali mnie w swe r\u0119ce<br \/>\nDlatego tak jej nienawidz\u0105<br \/>\nA nienawi\u015b\u0107 to niestety nie domena Boga<\/p>\n<p><a href=\"http:\/\/hubertpietka.bialystok.pl\/wp-content\/uploads\/2023\/08\/IMG_20230814_101536.jpg\"><img loading=\"lazy\" decoding=\"async\" class=\"alignnone size-thumbnail wp-image-7448\" src=\"http:\/\/hubertpietka.bialystok.pl\/wp-content\/uploads\/2023\/08\/IMG_20230814_101536-150x150.jpg\" alt=\"\" width=\"150\" height=\"150\" srcset=\"https:\/\/hubertpietka.bialystok.pl\/wp-content\/uploads\/2023\/08\/IMG_20230814_101536-150x150.jpg 150w, https:\/\/hubertpietka.bialystok.pl\/wp-content\/uploads\/2023\/08\/IMG_20230814_101536-75x75.jpg 75w\" sizes=\"auto, (max-width: 150px) 100vw, 150px\" \/><\/a><\/p>\n<p><em>Na zdj. W ko\u015bciele w Rynie pallotyn\u00f3w<\/em><br \/>\n<em> \u015aw. Jan Pawe\u0142 II patron moich bliskich i rodziny<\/em><br \/>\n<em> \u015aw. Faustyna patronka mej \u017cony<\/em><br \/>\n<em> I Jezus Mi\u0142osierny<\/em><br \/>\n<em> Spojrzyj Panie jak oni to wszystko rozgrywaj\u0105<\/em><br \/>\n<em> I nieczysto uderzaj\u0105 w niewinnych<\/em><br \/>\n<em> I pom\u00f3\u017c utrzyma\u0107 zawsze kierunek steru w\u0142a\u015bciwy<\/em><br \/>\n<em> Nie mo\u017cna poddawa\u0107 si\u0119 \u017cadnej przemocy z\u0142a<\/em><br \/>\n<em> Kosztem maluczkich Bogu ducha winnych<\/em><\/p>\n<p><em>I je\u015bli cokolwieczuniek cho\u0107by<\/em><br \/>\n<em> Mojej \u015bwi\u0119tej \u017conie<\/em><br \/>\n<em> Z nami naszymi i naszym<\/em><br \/>\n<em> A je\u015bli chcesz by\u0107 z elity pi\u0119knej<\/em><br \/>\n<em> Post\u0119puj pod\u0142ug misiaczk\u00f3w<\/em><br \/>\n<em> Ja biedny godzien nie jestem takich wspania\u0142o\u015bci<\/em><br \/>\n<em> A jednocze\u015bnie na elity a\u017c tak pi\u0119kne<\/em><br \/>\n<em> Nie ma chyba \u017cadnej si\u0142y<\/em><\/p>\n<p><em>Nie pasuje misiom co pisz\u0119<\/em><br \/>\n<em> Ach jak wszystko co nie pod\u0142ug nich<\/em><br \/>\n<em> I to wszystko trzeba<\/em><br \/>\n<em> Wszelkimi mo\u017cliwymi metodami zniszczy\u0107<\/em><\/p>\n<p>\/<\/p>\n<p style=\"text-align: center;\"><em><strong>( <a href=\"https:\/\/youtu.be\/o2fclrfe8Ms\">Dezerter &#8211; Prawo do bycia idiot\u0105<\/a><\/strong><\/em> )<\/p>\n","protected":false},"excerpt":{"rendered":"<p>Dziedzictwo misiaczkowego \u015bwiata \/ moralno\u015b\u0107 skr\u0119powana\u00a0 A podst\u0119p jako dzia\u0142ania metoda To preferencja kt\u00f3rej istoty duchowej Lubi\u0105 takie dzia\u0142ania chyba misiaczki My\u015bl\u0105 \u017ce s\u0105 sprytni&hellip; <\/p>\n","protected":false},"author":1,"featured_media":0,"parent":0,"menu_order":0,"comment_status":"closed","ping_status":"closed","template":"","meta":{"footnotes":""},"class_list":["post-7447","page","type-page","status-publish","hentry"],"_links":{"self":[{"href":"https:\/\/hubertpietka.bialystok.pl\/index.php?rest_route=\/wp\/v2\/pages\/7447","targetHints":{"allow":["GET"]}}],"collection":[{"href":"https:\/\/hubertpietka.bialystok.pl\/index.php?rest_route=\/wp\/v2\/pages"}],"about":[{"href":"https:\/\/hubertpietka.bialystok.pl\/index.php?rest_route=\/wp\/v2\/types\/page"}],"author":[{"embeddable":true,"href":"https:\/\/hubertpietka.bialystok.pl\/index.php?rest_route=\/wp\/v2\/users\/1"}],"replies":[{"embeddable":true,"href":"https:\/\/hubertpietka.bialystok.pl\/index.php?rest_route=%2Fwp%2Fv2%2Fcomments&post=7447"}],"version-history":[{"count":3,"href":"https:\/\/hubertpietka.bialystok.pl\/index.php?rest_route=\/wp\/v2\/pages\/7447\/revisions"}],"predecessor-version":[{"id":7489,"href":"https:\/\/hubertpietka.bialystok.pl\/index.php?rest_route=\/wp\/v2\/pages\/7447\/revisions\/7489"}],"wp:attachment":[{"href":"https:\/\/hubertpietka.bialystok.pl\/index.php?rest_route=%2Fwp%2Fv2%2Fmedia&parent=7447"}],"curies":[{"name":"wp","href":"https:\/\/api.w.org\/{rel}","templated":true}]}}