{"id":7453,"date":"2023-08-15T10:47:34","date_gmt":"2023-08-15T10:47:34","guid":{"rendered":"http:\/\/hubertpietka.bialystok.pl\/?page_id=7453"},"modified":"2023-08-15T10:47:34","modified_gmt":"2023-08-15T10:47:34","slug":"do-celu-po-trupach-niewinnych","status":"publish","type":"page","link":"https:\/\/hubertpietka.bialystok.pl\/?page_id=7453","title":{"rendered":"Do celu \/ po trupach niewinnych"},"content":{"rendered":"<p><em><strong>Do celu \/ po trupach n<\/strong><\/em><em><strong>iewinnych<\/strong><\/em><\/p>\n<p>M\u00f3wi\u0105 mi b\u0105d\u017a pozytywny<br \/>\nMy\u015blicie \u017ce nie chcia\u0142bym<br \/>\nAle we\u017a i we\u017a<br \/>\nJak z ka\u017cdej chyba strony<br \/>\nAtakuj\u0105 ci\u0119 w\u015bciek\u0142e osy<br \/>\nNawet z tej<br \/>\nKt\u00f3ra powinna by\u0107 bezpieczna<\/p>\n<p>Z ofiary mo\u017cna te\u017c<br \/>\nZrobi\u0107 niby prze\u015bladowc\u0119<br \/>\nChocia\u017c ona si\u0119 tylko broni<br \/>\nI oskar\u017ca\u0107 j\u0105 o ca\u0142e te z\u0142o<br \/>\nKt\u00f3re czyni\u0105 inni<br \/>\nCzy\u017c nie taka te\u017c czasem<br \/>\nStrategia misiaczkowych dzia\u0142a\u0144<\/p>\n<p>Nawet pewna rodzina<br \/>\nZa kt\u00f3r\u0105 si\u0119 modl\u0119 nieustannie<br \/>\nWidocznie modlitwa odbija si\u0119<br \/>\nI wraca do mnie<br \/>\nChc\u0119 wkupi\u0107 si\u0119 w \u0142aski misiaczkowego aparatu<br \/>\n<em>I podk\u0142ada nam \u015bwinie<\/em><br \/>\nOdno\u015bnie tego mieszkania<\/p>\n<p>Rodzina kt\u00f3ra powinna by\u0107 blisko<br \/>\nA nigdy nie by\u0142a<br \/>\nTeraz ponownie mnie odrzuca<br \/>\nJa im nigdy nic z\u0142ego nie zrobi\u0142em<br \/>\nJe\u015bli maj\u0105 sumienie to musz\u0105 to przyzna\u0107<br \/>\nNie jest metod\u0105 dobr\u0105<br \/>\n<em>Do celu po trupie niewinnego<\/em><\/p>\n<p><a href=\"http:\/\/hubertpietka.bialystok.pl\/wp-content\/uploads\/2023\/08\/IMG_20230815_124153.jpg\"><img loading=\"lazy\" decoding=\"async\" class=\"alignnone size-thumbnail wp-image-7454\" src=\"http:\/\/hubertpietka.bialystok.pl\/wp-content\/uploads\/2023\/08\/IMG_20230815_124153-150x150.jpg\" alt=\"\" width=\"150\" height=\"150\" srcset=\"https:\/\/hubertpietka.bialystok.pl\/wp-content\/uploads\/2023\/08\/IMG_20230815_124153-150x150.jpg 150w, https:\/\/hubertpietka.bialystok.pl\/wp-content\/uploads\/2023\/08\/IMG_20230815_124153-75x75.jpg 75w\" sizes=\"auto, (max-width: 150px) 100vw, 150px\" \/><\/a><\/p>\n<p><em>Na zdj. Krzy\u017c i Cz\u0119stochowska Pani<\/em><br \/>\n<em> W ko\u015bciele w *Rynie*<\/em><br \/>\n<em> Z deszczu pod *rynn\u0119*<\/em><br \/>\n<em> Czy\u017c nie tak\u0105 rzeczywisto\u015b\u0107<\/em><br \/>\n<em> Chc\u0105 zafundowa\u0107 mi<\/em><\/p>\n<p><em>Jest tam te\u017c \u015bwietlista posta\u0107<\/em><br \/>\n<em> Z witra\u017ca poprzez<\/em><br \/>\n<em> B\u00f3g jest mimo \u017ce niekt\u00f3rym si\u0119 wydaje<\/em><br \/>\n<em> \u017be On jest tylko pewn\u0105 gr\u0105 \u015bwiate\u0142<\/em><br \/>\n<em> On jest cho\u0107by w r\u00f3\u017cnych Swych znakach<\/em><br \/>\n<em> Oddzia\u0142ywaj\u0105cych bezpo\u015brednio<\/em><br \/>\n<em> Trzeba tylko to dostrzec chcie\u0107<\/em><\/p>\n<p><em>Nie mam ju\u017c z\u0142udze\u0144 \u017cadnych<\/em><br \/>\n<em> Najpierw zabi\u0107 mi \u017con\u0119<\/em><br \/>\n<em> A potem za po\u015brednictwem innych<\/em><br \/>\n<em> Misiaczki co chc\u0105 zrobi\u0105<\/em><br \/>\n<em> A przy okazji i cho\u0107by w mi\u0119dzyczasie<\/em><br \/>\n<em> Zabra\u0107 mieszkanie psa i kota te\u017c zabi\u0107<\/em><br \/>\n<em> Samochody i tych kt\u00f3rzy si\u0119 opieraj\u0105 dalej<\/em><br \/>\n<em> Przemocy misiak\u00f3w<\/em><\/p>\n","protected":false},"excerpt":{"rendered":"<p>Do celu \/ po trupach niewinnych M\u00f3wi\u0105 mi b\u0105d\u017a pozytywny My\u015blicie \u017ce nie chcia\u0142bym Ale we\u017a i we\u017a Jak z ka\u017cdej chyba strony Atakuj\u0105 ci\u0119&hellip; <\/p>\n","protected":false},"author":1,"featured_media":0,"parent":0,"menu_order":0,"comment_status":"closed","ping_status":"closed","template":"","meta":{"footnotes":""},"class_list":["post-7453","page","type-page","status-publish","hentry"],"_links":{"self":[{"href":"https:\/\/hubertpietka.bialystok.pl\/index.php?rest_route=\/wp\/v2\/pages\/7453","targetHints":{"allow":["GET"]}}],"collection":[{"href":"https:\/\/hubertpietka.bialystok.pl\/index.php?rest_route=\/wp\/v2\/pages"}],"about":[{"href":"https:\/\/hubertpietka.bialystok.pl\/index.php?rest_route=\/wp\/v2\/types\/page"}],"author":[{"embeddable":true,"href":"https:\/\/hubertpietka.bialystok.pl\/index.php?rest_route=\/wp\/v2\/users\/1"}],"replies":[{"embeddable":true,"href":"https:\/\/hubertpietka.bialystok.pl\/index.php?rest_route=%2Fwp%2Fv2%2Fcomments&post=7453"}],"version-history":[{"count":1,"href":"https:\/\/hubertpietka.bialystok.pl\/index.php?rest_route=\/wp\/v2\/pages\/7453\/revisions"}],"predecessor-version":[{"id":7455,"href":"https:\/\/hubertpietka.bialystok.pl\/index.php?rest_route=\/wp\/v2\/pages\/7453\/revisions\/7455"}],"wp:attachment":[{"href":"https:\/\/hubertpietka.bialystok.pl\/index.php?rest_route=%2Fwp%2Fv2%2Fmedia&parent=7453"}],"curies":[{"name":"wp","href":"https:\/\/api.w.org\/{rel}","templated":true}]}}