{"id":746,"date":"2017-08-09T13:00:33","date_gmt":"2017-08-09T13:00:33","guid":{"rendered":"http:\/\/hubertpietka.bialystok.pl\/?page_id=746"},"modified":"2017-08-14T13:12:53","modified_gmt":"2017-08-14T13:12:53","slug":"wszystko","status":"publish","type":"page","link":"https:\/\/hubertpietka.bialystok.pl\/?page_id=746","title":{"rendered":"Wszystko"},"content":{"rendered":"<p><strong>Wszystko<\/strong><\/p>\n<p>&nbsp;<\/p>\n<p>wszystko musi by\u0107<\/p>\n<p>tak jak by\u0107 musi<\/p>\n<p>&nbsp;<\/p>\n<p>nieprawi<\/p>\n<p>b\u0119d\u0105 dalej si\u0119 plugawi\u0107<\/p>\n<p>&nbsp;<\/p>\n<p>a sprawiedliwi<\/p>\n<p>u\u015bwi\u0119ca\u0107<\/p>\n<p>&nbsp;<\/p>\n<p>ka\u017cda z\u0142a moneta<\/p>\n<p>musi g\u0142ucho w st\u00f3\u0142 uderzy\u0107<\/p>\n<p>&nbsp;<\/p>\n<p>a ka\u017cda dobra<\/p>\n<p>g\u0142osem dzwonu wybrzmie\u0107<\/p>\n<p>&nbsp;<\/p>\n<p>Pismo<\/p>\n<p>musi si\u0119 wype\u0142ni\u0107<\/p>\n<p>&nbsp;<\/p>\n<p>to nic<\/p>\n<p>Maryjo zwyci\u0119\u017caj!<\/p>\n<p>&nbsp;<\/p>\n<p style=\"text-align: right;\"><strong><em>Pie\u015b\u0144 o winnicy Pa\u0144skiej<\/em><\/strong><\/p>\n<p style=\"text-align: right;\"><em>W \u00f3w dzie\u0144 [powiedz\u0105]:<\/em><\/p>\n<p style=\"text-align: right;\"><em>Winnica urocza! \u015apiewajcie o niej!<\/em><\/p>\n<p style=\"text-align: right;\"><em>Ja, Pan, jestem jej str\u00f3\u017cem;<\/em><\/p>\n<p style=\"text-align: right;\"><em>podlewam j\u0105 co chwila,<\/em><\/p>\n<p style=\"text-align: right;\"><em>by jej co z\u0142ego nie spotka\u0142o,<\/em><\/p>\n<p style=\"text-align: right;\"><em>strzeg\u0119 jej w dzie\u0144 i w nocy.<\/em><\/p>\n<p style=\"text-align: right;\"><em>Nie czuj\u0119 gniewu.<\/em><\/p>\n<p style=\"text-align: right;\"><em>Niech Mi kto sprawi [w niej] ciernie i g\u0142ogi!<\/em><\/p>\n<p style=\"text-align: right;\"><em>Wypowiem mu wojn\u0119,<\/em><\/p>\n<p style=\"text-align: right;\"><em>spal\u0119 je wszystkie razem!<\/em><\/p>\n<p style=\"text-align: right;\"><em>Albo raczej niech si\u0119 uchwyci mojej opieki,<\/em><\/p>\n<p style=\"text-align: right;\"><em>i zawrze pok\u00f3j ze Mn\u0105,<\/em><\/p>\n<p style=\"text-align: right;\"><em>pok\u00f3j ze Mn\u0105 niech zawrze!<\/em><\/p>\n<p style=\"text-align: right;\"><em>\/Iz 27, 2-5\/<\/em><\/p>\n","protected":false},"excerpt":{"rendered":"<p>Wszystko &nbsp; wszystko musi by\u0107 tak jak by\u0107 musi &nbsp; nieprawi b\u0119d\u0105 dalej si\u0119 plugawi\u0107 &nbsp; a sprawiedliwi u\u015bwi\u0119ca\u0107 &nbsp; ka\u017cda z\u0142a moneta musi g\u0142ucho&hellip; <\/p>\n","protected":false},"author":1,"featured_media":0,"parent":0,"menu_order":0,"comment_status":"closed","ping_status":"closed","template":"","meta":{"footnotes":""},"class_list":["post-746","page","type-page","status-publish","hentry"],"_links":{"self":[{"href":"https:\/\/hubertpietka.bialystok.pl\/index.php?rest_route=\/wp\/v2\/pages\/746","targetHints":{"allow":["GET"]}}],"collection":[{"href":"https:\/\/hubertpietka.bialystok.pl\/index.php?rest_route=\/wp\/v2\/pages"}],"about":[{"href":"https:\/\/hubertpietka.bialystok.pl\/index.php?rest_route=\/wp\/v2\/types\/page"}],"author":[{"embeddable":true,"href":"https:\/\/hubertpietka.bialystok.pl\/index.php?rest_route=\/wp\/v2\/users\/1"}],"replies":[{"embeddable":true,"href":"https:\/\/hubertpietka.bialystok.pl\/index.php?rest_route=%2Fwp%2Fv2%2Fcomments&post=746"}],"version-history":[{"count":2,"href":"https:\/\/hubertpietka.bialystok.pl\/index.php?rest_route=\/wp\/v2\/pages\/746\/revisions"}],"predecessor-version":[{"id":759,"href":"https:\/\/hubertpietka.bialystok.pl\/index.php?rest_route=\/wp\/v2\/pages\/746\/revisions\/759"}],"wp:attachment":[{"href":"https:\/\/hubertpietka.bialystok.pl\/index.php?rest_route=%2Fwp%2Fv2%2Fmedia&parent=746"}],"curies":[{"name":"wp","href":"https:\/\/api.w.org\/{rel}","templated":true}]}}