{"id":7460,"date":"2023-08-17T07:55:30","date_gmt":"2023-08-17T07:55:30","guid":{"rendered":"http:\/\/hubertpietka.bialystok.pl\/?page_id=7460"},"modified":"2023-08-31T11:23:43","modified_gmt":"2023-08-31T11:23:43","slug":"wybor-swiadomy-i-dobrowolny","status":"publish","type":"page","link":"https:\/\/hubertpietka.bialystok.pl\/?page_id=7460","title":{"rendered":"Wyb\u00f3r \u015bwiadomy \/ i dobrowolny"},"content":{"rendered":"<p><em><strong>Wyb\u00f3r \u015bwiadomy \/ i dobrowolny<\/strong><\/em><\/p>\n<p><em>Bo\u017ce przyjmij modlitw\u0119 moj\u0105<\/em><br \/>\n<em>Ofiarowuj\u0119 swe \u017cycie<\/em><br \/>\n<em>Za \u017cycie tej mej \u017cony<\/em><br \/>\n<em>Bo tylko ona jest gwarancj\u0105<\/em><br \/>\n<em>Mego utrzymania si\u0119<\/em><br \/>\n<em>Na Bo\u017cej drodze do ko\u0144ca<\/em><br \/>\n<em>Tak mi dopom\u00f3\u017c Bo\u017ce<\/em><\/p>\n<p>Oto wczorajsza modlitwa moja<br \/>\nA oni m\u00f3wi\u0105 \u017ce zwariowa\u0142<br \/>\nJe\u015bli tak to zwariowa\u0142 te\u017c \u015bw. Maksymilian<br \/>\nKt\u00f3ry w faszystowskim obozie koncentracyjnym<br \/>\nOdda\u0142 za wsp\u00f3\u0142wi\u0119\u017ania \u017cycie<br \/>\nWreszcie zwariowa\u0142 Chrystus<br \/>\nKt\u00f3ry odda\u0142 \u017cycie za wszystkich<br \/>\nA czy\u017c On si\u0119 ciebie i zapyta\u0142<br \/>\nCzy Mu pozwalasz za siebie i innych odda\u0107 \u017cycie<\/p>\n<p><em>Dzisiaj wspominany jest \u015bw. *Ja-cek*<\/em><br \/>\n<em> Dlaczego bo i po prostu tak *ja chc\u0119*<\/em><br \/>\n<em> Je\u015bli chcecie j\u0105 zabi\u0107<\/em><br \/>\n<em> To mnie zabijcie<\/em><br \/>\n<em> Zreszt\u0105 pr\u00f3buj\u0105 oni nieustannie<\/em><br \/>\n<em> Tak na marginesie<\/em><br \/>\n<em> Ja za ni\u0105 swe \u017cycie oddaje Bogu<\/em><br \/>\n<em> A jak \u015bwiat si\u0119 sko\u0144czy<\/em><br \/>\n<em> To si\u0119 i sko\u0144czy<\/em><\/p>\n<p>Bo tak m\u00f3wi S\u0142owo Bo\u017ce<br \/>\nA poza tym Jezus powiedzia\u0142<br \/>\n<em>\u017be nie ma wi\u0119kszej mi\u0142o\u015bci<\/em><br \/>\n<em> Ni\u017c gdy kto\u015b \u017cycie oddaje<\/em><br \/>\n<em> Za przyjaci\u00f3\u0142 swoich<\/em><br \/>\nA ona jest mym przyjacielem<br \/>\nNajlepszym i wypr\u00f3bowanym<br \/>\nDlatego z rado\u015bci\u0105 to czyni\u0119<br \/>\nI z serca pokojem<br \/>\nCho\u0107 wiem \u017ce \u015bwiat tego raczej nie zrozumie<\/p>\n<p><a href=\"http:\/\/hubertpietka.bialystok.pl\/wp-content\/uploads\/2023\/08\/IMG_20230817_092403.jpg\"><img loading=\"lazy\" decoding=\"async\" class=\"alignnone size-thumbnail wp-image-7461\" src=\"http:\/\/hubertpietka.bialystok.pl\/wp-content\/uploads\/2023\/08\/IMG_20230817_092403-150x150.jpg\" alt=\"\" width=\"150\" height=\"150\" srcset=\"https:\/\/hubertpietka.bialystok.pl\/wp-content\/uploads\/2023\/08\/IMG_20230817_092403-150x150.jpg 150w, https:\/\/hubertpietka.bialystok.pl\/wp-content\/uploads\/2023\/08\/IMG_20230817_092403-75x75.jpg 75w\" sizes=\"auto, (max-width: 150px) 100vw, 150px\" \/><\/a><\/p>\n<p><strong>Na zdj. \u015aw. Maksymilian i Maryja<\/strong><br \/>\n<strong> Pani z Jasnej G\u00f3ry<\/strong><br \/>\n<strong> W ko\u015bciele janowskim<\/strong><br \/>\n<strong> Zrozum \u017ce tak trzeba Polsko po prostu<\/strong><br \/>\n<strong> A ona jest dla mnie \u015bwi\u0119ta i najpi\u0119kniejsza<\/strong><br \/>\n<strong> Nie tylko duchowym pi\u0119knem<\/strong><br \/>\n<strong> I z ni\u0105 chc\u0119 by\u0107 do ko\u0144ca dni swych<\/strong><br \/>\n<strong> Taki jest m\u00f3j wyb\u00f3r wieczny<\/strong><\/p>\n<p style=\"text-align: center;\"><a href=\"https:\/\/youtu.be\/4uDwHbYhBus\"><em><strong>Lednica 2000 &#8211; Pie\u015b\u0144 Oblubie\u0144ca<\/strong><\/em><\/a><\/p>\n","protected":false},"excerpt":{"rendered":"<p>Wyb\u00f3r \u015bwiadomy \/ i dobrowolny Bo\u017ce przyjmij modlitw\u0119 moj\u0105 Ofiarowuj\u0119 swe \u017cycie Za \u017cycie tej mej \u017cony Bo tylko ona jest gwarancj\u0105 Mego utrzymania si\u0119&hellip; <\/p>\n","protected":false},"author":1,"featured_media":0,"parent":0,"menu_order":0,"comment_status":"closed","ping_status":"closed","template":"","meta":{"footnotes":""},"class_list":["post-7460","page","type-page","status-publish","hentry"],"_links":{"self":[{"href":"https:\/\/hubertpietka.bialystok.pl\/index.php?rest_route=\/wp\/v2\/pages\/7460","targetHints":{"allow":["GET"]}}],"collection":[{"href":"https:\/\/hubertpietka.bialystok.pl\/index.php?rest_route=\/wp\/v2\/pages"}],"about":[{"href":"https:\/\/hubertpietka.bialystok.pl\/index.php?rest_route=\/wp\/v2\/types\/page"}],"author":[{"embeddable":true,"href":"https:\/\/hubertpietka.bialystok.pl\/index.php?rest_route=\/wp\/v2\/users\/1"}],"replies":[{"embeddable":true,"href":"https:\/\/hubertpietka.bialystok.pl\/index.php?rest_route=%2Fwp%2Fv2%2Fcomments&post=7460"}],"version-history":[{"count":2,"href":"https:\/\/hubertpietka.bialystok.pl\/index.php?rest_route=\/wp\/v2\/pages\/7460\/revisions"}],"predecessor-version":[{"id":7490,"href":"https:\/\/hubertpietka.bialystok.pl\/index.php?rest_route=\/wp\/v2\/pages\/7460\/revisions\/7490"}],"wp:attachment":[{"href":"https:\/\/hubertpietka.bialystok.pl\/index.php?rest_route=%2Fwp%2Fv2%2Fmedia&parent=7460"}],"curies":[{"name":"wp","href":"https:\/\/api.w.org\/{rel}","templated":true}]}}