{"id":7474,"date":"2023-08-28T07:17:03","date_gmt":"2023-08-28T07:17:03","guid":{"rendered":"http:\/\/hubertpietka.bialystok.pl\/?page_id=7474"},"modified":"2023-08-28T07:17:03","modified_gmt":"2023-08-28T07:17:03","slug":"fundament-przebaczenia-w-bliskiej-relacji-a-czyjas-zawisc","status":"publish","type":"page","link":"https:\/\/hubertpietka.bialystok.pl\/?page_id=7474","title":{"rendered":"Fundament przebaczenia w bliskiej relacji \/ a czyja\u015b zawi\u015b\u0107"},"content":{"rendered":"<p><em><strong>Fundament przebaczenia w bliskiej relacji \/ a czyja\u015b zawi\u015b\u0107\u00a0<\/strong><\/em><\/p>\n<p>Dlaczego przebaczenie jest fundamentalne<br \/>\nW religii katolickiej<br \/>\nBo cho\u0107by s\u0105 relacje<br \/>\nZ kt\u00f3rych dezerterowa\u0107 nie mo\u017cna<br \/>\nTa naturalna ma\u0142e dziecko rodzic<br \/>\nI ta ma\u0142\u017ce\u0144ska przysposobiona<br \/>\nW sakramencie Bo\u017cym<\/p>\n<p>Mo\u017cna nawet komu\u015b <em>piek\u0142o<\/em> uczyni\u0107<br \/>\nNie musi to wynika\u0107 wcale ze z\u0142ej woli<br \/>\nTak si\u0119 mo\u017ce z\u0142o\u017cy\u0107<br \/>\nNa skutek obop\u00f3lnej s\u0142abo\u015bci<br \/>\nCz\u0142owiek jest tylko cz\u0142owiek<\/p>\n<p><a href=\"http:\/\/hubertpietka.bialystok.pl\/wp-content\/uploads\/2023\/08\/IMG_20230828_091312.jpg\"><img loading=\"lazy\" decoding=\"async\" class=\"alignnone size-thumbnail wp-image-7475\" src=\"http:\/\/hubertpietka.bialystok.pl\/wp-content\/uploads\/2023\/08\/IMG_20230828_091312-150x150.jpg\" alt=\"\" width=\"150\" height=\"150\" srcset=\"https:\/\/hubertpietka.bialystok.pl\/wp-content\/uploads\/2023\/08\/IMG_20230828_091312-150x150.jpg 150w, https:\/\/hubertpietka.bialystok.pl\/wp-content\/uploads\/2023\/08\/IMG_20230828_091312-75x75.jpg 75w\" sizes=\"auto, (max-width: 150px) 100vw, 150px\" \/><\/a><\/p>\n<p><em>Na zdj. \u015aw. Faustyna b\u0142. Micha\u0142<\/em><br \/>\n<em> I Jezus Mi\u0142osierny miejscowo\u015b\u0107 *Wi-zna*<\/em><br \/>\n<em> *Wie i zna*<\/em><br \/>\n<em> A ty wiesz i znasz<\/em><br \/>\n<em> To dlaczego niekt\u00f3rzy si\u0119 ciesz\u0105<\/em><br \/>\n<em> Z czyich\u015b upadk\u00f3w<\/em><br \/>\n<em> Czekaj\u0105 tylko a\u017c si\u0119 noga troch\u0119 podwinie<\/em><br \/>\n<em> I wed\u0142ug tej zawi\u015bci<\/em><br \/>\n<em> Pod byle pretekstem<\/em><br \/>\n<em> Chc\u0105 spe\u0142nia\u0107 swe po\u017c\u0105dania<\/em><br \/>\n<em> Ku z\u0142u dla kogo\u015b<\/em><\/p>\n","protected":false},"excerpt":{"rendered":"<p>Fundament przebaczenia w bliskiej relacji \/ a czyja\u015b zawi\u015b\u0107\u00a0 Dlaczego przebaczenie jest fundamentalne W religii katolickiej Bo cho\u0107by s\u0105 relacje Z kt\u00f3rych dezerterowa\u0107 nie mo\u017cna&hellip; <\/p>\n","protected":false},"author":1,"featured_media":0,"parent":0,"menu_order":0,"comment_status":"closed","ping_status":"closed","template":"","meta":{"footnotes":""},"class_list":["post-7474","page","type-page","status-publish","hentry"],"_links":{"self":[{"href":"https:\/\/hubertpietka.bialystok.pl\/index.php?rest_route=\/wp\/v2\/pages\/7474","targetHints":{"allow":["GET"]}}],"collection":[{"href":"https:\/\/hubertpietka.bialystok.pl\/index.php?rest_route=\/wp\/v2\/pages"}],"about":[{"href":"https:\/\/hubertpietka.bialystok.pl\/index.php?rest_route=\/wp\/v2\/types\/page"}],"author":[{"embeddable":true,"href":"https:\/\/hubertpietka.bialystok.pl\/index.php?rest_route=\/wp\/v2\/users\/1"}],"replies":[{"embeddable":true,"href":"https:\/\/hubertpietka.bialystok.pl\/index.php?rest_route=%2Fwp%2Fv2%2Fcomments&post=7474"}],"version-history":[{"count":1,"href":"https:\/\/hubertpietka.bialystok.pl\/index.php?rest_route=\/wp\/v2\/pages\/7474\/revisions"}],"predecessor-version":[{"id":7476,"href":"https:\/\/hubertpietka.bialystok.pl\/index.php?rest_route=\/wp\/v2\/pages\/7474\/revisions\/7476"}],"wp:attachment":[{"href":"https:\/\/hubertpietka.bialystok.pl\/index.php?rest_route=%2Fwp%2Fv2%2Fmedia&parent=7474"}],"curies":[{"name":"wp","href":"https:\/\/api.w.org\/{rel}","templated":true}]}}