{"id":7483,"date":"2023-08-31T09:07:15","date_gmt":"2023-08-31T09:07:15","guid":{"rendered":"http:\/\/hubertpietka.bialystok.pl\/?page_id=7483"},"modified":"2023-08-31T09:07:15","modified_gmt":"2023-08-31T09:07:15","slug":"kom-bajn-tylko-przyjdz-come-a-baju-baju-oni-wam","status":"publish","type":"page","link":"https:\/\/hubertpietka.bialystok.pl\/?page_id=7483","title":{"rendered":"*Kom-bajn* \/ tylko przyjd\u017a *come a baju baju* oni wam"},"content":{"rendered":"<p><strong>*Kom-bajn* \/ tylko przyjd\u017a *<em>come <\/em>a\u00a0<em>baju baju<\/em>* oni wam<\/strong><\/p>\n<p>Jak oni czego\u015b nie wymy\u015bl\u0105<br \/>\nJakiej\u015b choroby<br \/>\nTo chyba sami s\u0105 chorzy<br \/>\nPo k\u0105pieli w Narwii naszej<br \/>\nOczywi\u015bcie co\u015b tam k\u0105pieli zakaz<br \/>\nPo operacji Dumki znowu i co\u015b tam<br \/>\nW przechodni weterynaryjnej<br \/>\nJak oni to lubi\u0105<br \/>\nByle \u015bmier\u0107 nam uczyni\u0107<\/p>\n<p>A to co oni z nami robi\u0105 chc\u0105 robi\u0107<br \/>\nZ nami naszymi i naszym<br \/>\nTo ju\u017c jest kombajn swoisty<br \/>\nZetn\u0105 czego nie wymuc\u0105<br \/>\nI to si\u0119 do ka\u017cdej naszej rzeczywisto\u015bci odnosi<br \/>\n\u017be chyba nie da si\u0119 i w pe\u0142ni<br \/>\nOpisa\u0107 dzia\u0142a\u0144 ich wszystkich spektrum<\/p>\n<p><a href=\"http:\/\/hubertpietka.bialystok.pl\/wp-content\/uploads\/2023\/08\/IMG_20230831_102849.jpg\"><img loading=\"lazy\" decoding=\"async\" class=\"alignnone size-thumbnail wp-image-7484\" src=\"http:\/\/hubertpietka.bialystok.pl\/wp-content\/uploads\/2023\/08\/IMG_20230831_102849-150x150.jpg\" alt=\"\" width=\"150\" height=\"150\" srcset=\"https:\/\/hubertpietka.bialystok.pl\/wp-content\/uploads\/2023\/08\/IMG_20230831_102849-150x150.jpg 150w, https:\/\/hubertpietka.bialystok.pl\/wp-content\/uploads\/2023\/08\/IMG_20230831_102849-75x75.jpg 75w\" sizes=\"auto, (max-width: 150px) 100vw, 150px\" \/><\/a><\/p>\n<p><em>Na zdj. Nieustaj\u0105cej Pomocy Matka<\/em><br \/>\n<em> I Jan Pawe\u0142 II patron nasz<\/em><br \/>\n<em> Chro\u0144cie nas naszego i naszych<\/em><br \/>\n<em> Przed tym posiewem zniszczenia \u015bmierci<\/em><br \/>\n<em> Byleby tylko tak inaczej uderzy\u0107<\/em><\/p>\n<p><strong>* Najpi\u0119kniejsza muzyka do snu<\/strong><br \/>\n<strong> To mojej \u017cony spokojny oddech<\/strong><br \/>\n<strong> Nawet pochrapywania to s\u0142odki akompaniament<\/strong><br \/>\n<strong> A oni chc\u0105 uciszy\u0107 oddech<\/strong><br \/>\n<strong> Zamkn\u0105\u0107 wszystko w ciszy \u015bmierci<\/strong><\/p>\n<p>\/<\/p>\n<p><a href=\"https:\/\/youtu.be\/iJLY4y5B05w?si=xlPrjRcQ_0aHUo20\"><em><strong>M\u0142ynarski &#8211; Masecki Jazz Camerata Varsoviensis feat Szymon Komasa &#8211; A ja sobie gram na gramofonie\u00a0<\/strong><\/em><\/a><\/p>\n","protected":false},"excerpt":{"rendered":"<p>*Kom-bajn* \/ tylko przyjd\u017a *come a\u00a0baju baju* oni wam Jak oni czego\u015b nie wymy\u015bl\u0105 Jakiej\u015b choroby To chyba sami s\u0105 chorzy Po k\u0105pieli w Narwii&hellip; <\/p>\n","protected":false},"author":1,"featured_media":0,"parent":0,"menu_order":0,"comment_status":"closed","ping_status":"closed","template":"","meta":{"footnotes":""},"class_list":["post-7483","page","type-page","status-publish","hentry"],"_links":{"self":[{"href":"https:\/\/hubertpietka.bialystok.pl\/index.php?rest_route=\/wp\/v2\/pages\/7483","targetHints":{"allow":["GET"]}}],"collection":[{"href":"https:\/\/hubertpietka.bialystok.pl\/index.php?rest_route=\/wp\/v2\/pages"}],"about":[{"href":"https:\/\/hubertpietka.bialystok.pl\/index.php?rest_route=\/wp\/v2\/types\/page"}],"author":[{"embeddable":true,"href":"https:\/\/hubertpietka.bialystok.pl\/index.php?rest_route=\/wp\/v2\/users\/1"}],"replies":[{"embeddable":true,"href":"https:\/\/hubertpietka.bialystok.pl\/index.php?rest_route=%2Fwp%2Fv2%2Fcomments&post=7483"}],"version-history":[{"count":1,"href":"https:\/\/hubertpietka.bialystok.pl\/index.php?rest_route=\/wp\/v2\/pages\/7483\/revisions"}],"predecessor-version":[{"id":7485,"href":"https:\/\/hubertpietka.bialystok.pl\/index.php?rest_route=\/wp\/v2\/pages\/7483\/revisions\/7485"}],"wp:attachment":[{"href":"https:\/\/hubertpietka.bialystok.pl\/index.php?rest_route=%2Fwp%2Fv2%2Fmedia&parent=7483"}],"curies":[{"name":"wp","href":"https:\/\/api.w.org\/{rel}","templated":true}]}}